{"id":353,"date":"2020-10-14T15:27:19","date_gmt":"2020-10-14T13:27:19","guid":{"rendered":"https:\/\/www.zeus-braun.sk\/?post_type=product&#038;p=353"},"modified":"2026-04-30T14:02:33","modified_gmt":"2026-04-30T12:02:33","slug":"coffe-cups-kosicky-312-ks","status":"publish","type":"product","link":"https:\/\/www.zeus-braun.sk\/index.php\/produkt\/coffe-cups-kosicky-312-ks\/","title":{"rendered":"Coffe cups ko\u0161\u00ed\u010dky 312 ks"},"content":{"rendered":"<p>Na\u0161e mal\u00e9 \u0161\u00e1lky na espresso z tmavej \u010dokol\u00e1dy s\u00fa perfektnou z\u00e1klad\u0148ou pre vytv\u00e1ranie dekadentn\u00fdch dezertov.\u00a0Ich tvar je optim\u00e1lny pre \u010dokol\u00e1dov\u00e9 peny tmav\u00e9ho charakteru, k\u00e1vov\u00e9 kr\u00e9my a kr\u00e9my tiramisu alebo pralinky.<\/p>\n<div><\/div>\n<div>\n<div><b>Podmienky skladovania<\/b><\/div>\n<div>Produkt skladujte v \u010distom a suchom prostred\u00ed (relat\u00edvna vlhkos\u0165 vzduchu max. 70%) a bez z\u00e1pachu.<\/div>\n<div>Skladovacia teplota: 12 &#8211; 20\u00b0C<\/div>\n<\/div>\n","protected":false},"excerpt":{"rendered":"<p>Hork\u00e1 \u010dokol\u00e1da, priemer 45 mm, v\u00fd\u0161ka 21 mm.<\/p>\n<p><b><span style=\"font-family: Arial\">Balenie: 312 ks\u00a0<\/span><\/b><\/p>\n<p>&nbsp;<\/p>\n","protected":false},"featured_media":11208,"comment_status":"closed","ping_status":"closed","template":"","meta":[],"product_brand":[],"product_cat":[240,55,77],"product_tag":[134],"class_list":{"0":"post-353","1":"product","2":"type-product","3":"status-publish","4":"has-post-thumbnail","6":"product_cat-240","7":"product_cat-posypy-a-dekoracie","8":"product_cat-cokoladove-kosicky-a-trufle","9":"product_tag-mona-lisa","10":"has-post-title","11":"has-post-date","12":"has-post-category","13":"has-post-tag","14":"has-post-comment","15":"has-post-author","16":"","18":"first","19":"instock","20":"taxable","21":"shipping-taxable","22":"purchasable","23":"product-type-simple"},"jetpack_sharing_enabled":true,"builder_content":"","_links":{"self":[{"href":"https:\/\/www.zeus-braun.sk\/index.php\/wp-json\/wp\/v2\/product\/353","targetHints":{"allow":["GET"]}}],"collection":[{"href":"https:\/\/www.zeus-braun.sk\/index.php\/wp-json\/wp\/v2\/product"}],"about":[{"href":"https:\/\/www.zeus-braun.sk\/index.php\/wp-json\/wp\/v2\/types\/product"}],"replies":[{"embeddable":true,"href":"https:\/\/www.zeus-braun.sk\/index.php\/wp-json\/wp\/v2\/comments?post=353"}],"wp:featuredmedia":[{"embeddable":true,"href":"https:\/\/www.zeus-braun.sk\/index.php\/wp-json\/wp\/v2\/media\/11208"}],"wp:attachment":[{"href":"https:\/\/www.zeus-braun.sk\/index.php\/wp-json\/wp\/v2\/media?parent=353"}],"wp:term":[{"taxonomy":"product_brand","embeddable":true,"href":"https:\/\/www.zeus-braun.sk\/index.php\/wp-json\/wp\/v2\/product_brand?post=353"},{"taxonomy":"product_cat","embeddable":true,"href":"https:\/\/www.zeus-braun.sk\/index.php\/wp-json\/wp\/v2\/product_cat?post=353"},{"taxonomy":"product_tag","embeddable":true,"href":"https:\/\/www.zeus-braun.sk\/index.php\/wp-json\/wp\/v2\/product_tag?post=353"}],"curies":[{"name":"wp","href":"https:\/\/api.w.org\/{rel}","templated":true}]}}