{"id":338,"date":"2020-10-14T15:27:16","date_gmt":"2020-10-14T13:27:16","guid":{"rendered":"https:\/\/www.zeus-braun.sk\/?post_type=product&#038;p=338"},"modified":"2026-04-24T14:09:43","modified_gmt":"2026-04-24T12:09:43","slug":"tartelettes-cokoladove-53x3-cm-plato-30-ks","status":"publish","type":"product","link":"https:\/\/www.zeus-braun.sk\/index.php\/produkt\/tartelettes-cokoladove-53x3-cm-plato-30-ks\/","title":{"rendered":"Tartelettes Filigrano \u010dokol\u00e1dov\u00e9 5,3cmx3cm 30ks plato"},"content":{"rendered":"<p>Exkluz\u00edvne maslov\u00e9 tartaletky, v modernom a in\u0161pirat\u00edvnom tvare sladkej kakaovej chuti. Obsah masla 23%. Povrch je potiahnut\u00fd unik\u00e1tnou technol\u00f3giou zabra\u0148uj\u00facou prenikn\u00fa\u0165 vlhkosti a \u0161tav\u00e1m do cestov\u00e9ho z\u00e1kladu. V\u010faka tomu ostan\u00fa va\u0161e tartaletky v\u017edy \u010derstv\u00e9 a chrumkav\u00e9 pri ka\u017edej pr\u00edle\u017eitosti.<\/p>\n<p>Tartaletky su vhodn\u00e9 na studen\u00fa aj tepl\u00fa kuchy\u0148u, mo\u017en\u00e9 zapeka\u0165 v\u0161etky druhy a\u017e do 180&#8217;C.<\/p>\n<p>Tartaletky prec\u00edzne bal\u00edme aby sa minimalizovalo mo\u017en\u00e9 po\u0161kodenie pri doprave.<\/p>\n<p><b>Podmienky skladovania<\/b>: Skladujte na chladom a suchom mieste.<\/p>\n<p>Viac in\u0161pir\u00e1ci\u00ed na dezerty v tartaletk\u00e1ch m\u00f4\u017eete n\u00e1js\u0165 TU:<\/p>\n<p><a href=\"https:\/\/www.hug-foodservice.ch\/sk-en\/rezepte\/?lang=en\">www.hug-foodservice.ch &#8211; RECEPTY<\/a><\/p>\n<p><img loading=\"lazy\" decoding=\"async\" class=\"alignnone size-medium wp-image-19195\" src=\"https:\/\/www.cokolady.sk\/wp-content\/uploads\/2024\/02\/recepty-215x300.png\" alt=\"\" width=\"215\" height=\"300\" \/><\/p>\n","protected":false},"excerpt":{"rendered":"<p>Exkluz\u00edvne maslov\u00e9 tartaletky, v modernom a in\u0161pirat\u00edvnom tvare sladkej kakaovej chuti. Obsah masla 23%.<\/p>\n<p><b>Balenie : 30 ks<\/b><\/p>\n<p>Rozmer : dl\u017eka 53 mm x \u0161\u00edrka 28 mm x v\u00fd\u0161ka 18 mm<\/p>\n","protected":false},"featured_media":10929,"comment_status":"closed","ping_status":"closed","template":"","meta":[],"product_brand":[],"product_cat":[239,176,35,36,74,37],"product_tag":[38],"class_list":{"0":"post-338","1":"product","2":"type-product","3":"status-publish","4":"has-post-thumbnail","6":"product_cat-239","7":"product_cat-akcia-tartaletky","8":"product_cat-silvester","9":"product_cat-tartalettes","10":"product_cat-plata","11":"product_cat-sladke","12":"product_tag-hug-ag","13":"has-post-title","14":"has-post-date","15":"has-post-category","16":"has-post-tag","17":"has-post-comment","18":"has-post-author","19":"","21":"first","22":"instock","23":"sale","24":"taxable","25":"shipping-taxable","26":"purchasable","27":"product-type-simple"},"jetpack_sharing_enabled":true,"builder_content":"","_links":{"self":[{"href":"https:\/\/www.zeus-braun.sk\/index.php\/wp-json\/wp\/v2\/product\/338","targetHints":{"allow":["GET"]}}],"collection":[{"href":"https:\/\/www.zeus-braun.sk\/index.php\/wp-json\/wp\/v2\/product"}],"about":[{"href":"https:\/\/www.zeus-braun.sk\/index.php\/wp-json\/wp\/v2\/types\/product"}],"replies":[{"embeddable":true,"href":"https:\/\/www.zeus-braun.sk\/index.php\/wp-json\/wp\/v2\/comments?post=338"}],"wp:featuredmedia":[{"embeddable":true,"href":"https:\/\/www.zeus-braun.sk\/index.php\/wp-json\/wp\/v2\/media\/10929"}],"wp:attachment":[{"href":"https:\/\/www.zeus-braun.sk\/index.php\/wp-json\/wp\/v2\/media?parent=338"}],"wp:term":[{"taxonomy":"product_brand","embeddable":true,"href":"https:\/\/www.zeus-braun.sk\/index.php\/wp-json\/wp\/v2\/product_brand?post=338"},{"taxonomy":"product_cat","embeddable":true,"href":"https:\/\/www.zeus-braun.sk\/index.php\/wp-json\/wp\/v2\/product_cat?post=338"},{"taxonomy":"product_tag","embeddable":true,"href":"https:\/\/www.zeus-braun.sk\/index.php\/wp-json\/wp\/v2\/product_tag?post=338"}],"curies":[{"name":"wp","href":"https:\/\/api.w.org\/{rel}","templated":true}]}}