{"id":290,"date":"2020-10-14T15:27:08","date_gmt":"2020-10-14T13:27:08","guid":{"rendered":"https:\/\/www.zeus-braun.sk\/?post_type=product&#038;p=290"},"modified":"2026-04-29T12:49:00","modified_gmt":"2026-04-29T10:49:00","slug":"mrazene-pyre-bergamot","status":"publish","type":"product","link":"https:\/\/www.zeus-braun.sk\/index.php\/produkt\/mrazene-pyre-bergamot\/","title":{"rendered":"Mrazen\u00e9 pyr\u00e9 Bergamot  0% cukru 1kg"},"content":{"rendered":"<p>Zlo\u017eenie: 100% ovocie, 0% cukor<\/p>\n<p>CAPFRUIT pon\u00faka \u0161irok\u00fa \u0161k\u00e1lu jemn\u00fdch ovocn\u00fdch produktov pre \u00a0profesion\u00e1lov, pek\u00e1rov, zmrzlin\u00e1rov, \u010dokolatierov, cukr\u00e1rov, a kuch\u00e1rov.<\/p>\n<p>Trieda &#8222;Classic&#8220; zah\u0155\u0148a mrazen\u00e9 ovocn\u00e9 drene iba s 10% cukru alebo bez pridania cukru pod\u013ea chuti, bez dodato\u010dn\u00e9ho farbenia, aromatick\u00fdch l\u00e1tok, stabiliz\u00e1torov alebo zahus\u0165ovadiel.<\/p>\n<p>Ovocn\u00e9 pyr\u00e9 je skvel\u00fd n\u00e1stroj do ka\u017edej cukr\u00e1rne \u010di kuchyne. Mrazen\u00e1 forma zaru\u010duje \u010derstvos\u0165 a kvalitu dlh\u0161\u00ed \u010das ako je to u tekut\u00fdch ambientn\u00fdch pyr\u00e9. V\u017edy si vyberiete iba to\u013eko, ko\u013eko naozaj potrebujete. Po otvoren\u00ed sa so spotrebou nemus\u00edte pon\u00e1h\u013ea\u0165, v mrazenom stave v\u00e1m bude sl\u00fa\u017ei\u0165 cel\u00e9 mesiace.<\/p>\n<p>Sk\u00faste netradi\u010dn\u00e9 kombin\u00e1cie v jednotliv\u00fdch dezertoch, alebo ako skvel\u00fd doplnok k m\u00e4su a do om\u00e1\u010dok. Nebojte sa popusti\u0165 uzdu fant\u00e1zii, a vyskladajte si letn\u00e9 n\u00e1pojov\u00e9 menu vo va\u0161ej kaviarni. Limon\u00e1dy, mie\u0161an\u00e9 drinky, alebo osvie\u017euj\u00face mocktaily iba \u010dakaj\u00fa na \u0161tipku va\u0161ej kreativity. Konzistentn\u00e1 kvalita pyr\u00e9 zaru\u010d\u00ed 100% v\u00fdsledok dnes, zajtra, kedyko\u013evek.<\/p>\n<p><b>Podmienky skladovania<\/b><\/p>\n<p>Skladovatelnos\u0165: 36 mesiacov od d\u00e1tumu v\u00fdroby<\/p>\n<p>Skladovacia teplota:\u00a0 &lt;-18\u00b0C<\/p>\n<p>Sp\u00f4sob pou\u017eitia: rozmrazovanie sa odpor\u00fa\u010da medzi 0\/ +4\u00b0C po\u010das pribli\u017ene 24 hod\u00edn. je to mo\u017en\u00e9 v teplej vode alebo v mikrovlnej r\u00fare (program rozmrazovania)<\/p>\n<p>Skladovanie po rozmrazen\u00ed\/ otvoren\u00ed pri teplote medzi 0\/ +4\u00b0C: maxim\u00e1lne 48 hod\u00edn &#8211;\u00a0 po rozmrazen\u00ed znovu nemrazi\u0165<\/p>\n","protected":false},"excerpt":{"rendered":"<p style=\"font-weight: 400\">CAPFRUIT pon\u00faka \u0161irok\u00fa \u0161k\u00e1lu jemn\u00fdch ovocn\u00fdch produktov pre \u00a0profesion\u00e1lov, pek\u00e1rov, zmrzlin\u00e1rov, \u010dokolatierov, cukr\u00e1rov, a kuch\u00e1rov.<\/p>\n<p style=\"font-weight: 400\"><b><strong>Balenie: 1kg<\/strong><\/b><\/p>\n<p>Mrazen\u00fd tovar posielame iba kuri\u00e9rom UPS vo vratn\u00fdch termoboxoch, alebo rozvozom v r\u00e1mci Bratislavy.<\/p>\n","protected":false},"featured_media":11188,"comment_status":"closed","ping_status":"closed","template":"","meta":[],"product_brand":[],"product_cat":[239,50,70],"product_tag":[71],"class_list":{"0":"post-290","1":"product","2":"type-product","3":"status-publish","4":"has-post-thumbnail","6":"product_cat-239","7":"product_cat-ovocne-pyre","8":"product_cat-mrazene-pyre","9":"product_tag-capfruit","10":"has-post-title","11":"has-post-date","12":"has-post-category","13":"has-post-tag","14":"has-post-comment","15":"has-post-author","16":"","18":"first","19":"outofstock","20":"sale","21":"taxable","22":"shipping-taxable","23":"purchasable","24":"product-type-simple"},"jetpack_sharing_enabled":true,"builder_content":"","_links":{"self":[{"href":"https:\/\/www.zeus-braun.sk\/index.php\/wp-json\/wp\/v2\/product\/290","targetHints":{"allow":["GET"]}}],"collection":[{"href":"https:\/\/www.zeus-braun.sk\/index.php\/wp-json\/wp\/v2\/product"}],"about":[{"href":"https:\/\/www.zeus-braun.sk\/index.php\/wp-json\/wp\/v2\/types\/product"}],"replies":[{"embeddable":true,"href":"https:\/\/www.zeus-braun.sk\/index.php\/wp-json\/wp\/v2\/comments?post=290"}],"wp:featuredmedia":[{"embeddable":true,"href":"https:\/\/www.zeus-braun.sk\/index.php\/wp-json\/wp\/v2\/media\/11188"}],"wp:attachment":[{"href":"https:\/\/www.zeus-braun.sk\/index.php\/wp-json\/wp\/v2\/media?parent=290"}],"wp:term":[{"taxonomy":"product_brand","embeddable":true,"href":"https:\/\/www.zeus-braun.sk\/index.php\/wp-json\/wp\/v2\/product_brand?post=290"},{"taxonomy":"product_cat","embeddable":true,"href":"https:\/\/www.zeus-braun.sk\/index.php\/wp-json\/wp\/v2\/product_cat?post=290"},{"taxonomy":"product_tag","embeddable":true,"href":"https:\/\/www.zeus-braun.sk\/index.php\/wp-json\/wp\/v2\/product_tag?post=290"}],"curies":[{"name":"wp","href":"https:\/\/api.w.org\/{rel}","templated":true}]}}