{"id":256,"date":"2020-10-14T15:27:05","date_gmt":"2020-10-14T13:27:05","guid":{"rendered":"https:\/\/www.zeus-braun.sk\/?post_type=product&#038;p=256"},"modified":"2026-04-24T14:05:18","modified_gmt":"2026-04-24T12:05:18","slug":"cokolada-do-fontan-horka-callebaut-2-5kg","status":"publish","type":"product","link":"https:\/\/www.zeus-braun.sk\/index.php\/produkt\/cokolada-do-fontan-horka-callebaut-2-5kg\/","title":{"rendered":"Cokolada tmav\u00e1 do fontany 2,5kg"},"content":{"rendered":"<div>\n<div>Prav\u00e1 belgick\u00e1 \u010dokol\u00e1da Callebaut s vyv\u00e1\u017eenou horkou chu\u0165ou kakaa, s ide\u00e1lnou viskozitou pre pou\u017eitie vo font\u00e1nach.<\/div>\n<div>Zv\u00fd\u0161en\u00fd obsah kakaov\u00e9ho masla zabezpe\u010duje dokonal\u00fa tekutos\u0165 bez pridania \u010fal\u0161\u00edch tukov.<\/div>\n<div><\/div>\n<\/div>\n<div><strong>Podmienky skladovania<\/strong><\/div>\n<div>Produkt skladujte v \u010distom a suchom prostred\u00ed (relat\u00edvna vlhkos\u0165 vzduchu max. 70%) a bez z\u00e1pachu.<\/div>\n<div>Skladovacia teplota: 12 &#8211; 20\u00b0C<\/div>\n<!--themify_builder_content-->\n<div id=\"themify_builder_content-256\" data-postid=\"256\" class=\"themify_builder_content themify_builder_content-256 themify_builder tf_clear\">\n    <\/div>\n<!--\/themify_builder_content-->\n","protected":false},"excerpt":{"rendered":"<div>Prav\u00e1 belgick\u00e1 \u010dokol\u00e1da Callebaut s vyv\u00e1\u017eenou horkou chu\u0165ou kakaa, s ide\u00e1lnou viskozitou pre pou\u017eitie vo font\u00e1nach.<\/div>\n<div>Zv\u00fd\u0161en\u00fd obsah kakaov\u00e9ho masla zabezpe\u010duje dokonal\u00fa tekutos\u0165 bez pridania \u010fal\u0161\u00edch tukov.<\/div>\n<div><\/div>\n<p><strong>Balenie: 1 x 2,5kg <b><span style=\"font-family: Arial\">drobn\u00e9 kvap\u00f4\u010dky (Callets)<\/p>\n<p><\/span><\/b><\/strong><span style=\"font-family: Arial\">(BOX:8&#215;2,5kg)<\/span><\/p>\n","protected":false},"featured_media":10899,"comment_status":"closed","ping_status":"closed","template":"","meta":[],"product_brand":[],"product_cat":[240,59,68],"product_tag":[57],"class_list":{"0":"post-256","1":"product","2":"type-product","3":"status-publish","4":"has-post-thumbnail","6":"product_cat-240","7":"product_cat-cokolada-callebaut","8":"product_cat-fontanova-cokolada","9":"product_tag-barry-callebaut","10":"has-post-title","11":"has-post-date","12":"has-post-category","13":"has-post-tag","14":"has-post-comment","15":"has-post-author","16":"","18":"first","19":"instock","20":"taxable","21":"shipping-taxable","22":"purchasable","23":"product-type-simple"},"jetpack_sharing_enabled":true,"builder_content":"","_links":{"self":[{"href":"https:\/\/www.zeus-braun.sk\/index.php\/wp-json\/wp\/v2\/product\/256","targetHints":{"allow":["GET"]}}],"collection":[{"href":"https:\/\/www.zeus-braun.sk\/index.php\/wp-json\/wp\/v2\/product"}],"about":[{"href":"https:\/\/www.zeus-braun.sk\/index.php\/wp-json\/wp\/v2\/types\/product"}],"replies":[{"embeddable":true,"href":"https:\/\/www.zeus-braun.sk\/index.php\/wp-json\/wp\/v2\/comments?post=256"}],"wp:featuredmedia":[{"embeddable":true,"href":"https:\/\/www.zeus-braun.sk\/index.php\/wp-json\/wp\/v2\/media\/10899"}],"wp:attachment":[{"href":"https:\/\/www.zeus-braun.sk\/index.php\/wp-json\/wp\/v2\/media?parent=256"}],"wp:term":[{"taxonomy":"product_brand","embeddable":true,"href":"https:\/\/www.zeus-braun.sk\/index.php\/wp-json\/wp\/v2\/product_brand?post=256"},{"taxonomy":"product_cat","embeddable":true,"href":"https:\/\/www.zeus-braun.sk\/index.php\/wp-json\/wp\/v2\/product_cat?post=256"},{"taxonomy":"product_tag","embeddable":true,"href":"https:\/\/www.zeus-braun.sk\/index.php\/wp-json\/wp\/v2\/product_tag?post=256"}],"curies":[{"name":"wp","href":"https:\/\/api.w.org\/{rel}","templated":true}]}}