{"id":255,"date":"2020-10-14T15:26:53","date_gmt":"2020-10-14T13:26:53","guid":{"rendered":"https:\/\/www.zeus-braun.sk\/?post_type=product&#038;p=255"},"modified":"2026-04-24T14:09:40","modified_gmt":"2026-04-24T12:09:40","slug":"zapekacie-tycinky","status":"publish","type":"product","link":"https:\/\/www.zeus-braun.sk\/index.php\/produkt\/zapekacie-tycinky\/","title":{"rendered":"Zapekacie ty\u010dinky 8cm 1,6kg"},"content":{"rendered":"<div>\n<p style=\"font-weight: 400\">Odol\u00e1va vysok\u00fdm teplot\u00e1m, m\u00e1 intenz\u00edvnu chu\u0165, bohat\u00fa na kakao, s\u00fa lahodne chrumkav\u00e9.<\/p>\n<p style=\"font-weight: 400\">Kakaov\u00fd podiel min. 44% kakaovej su\u0161iny<\/p>\n<p style=\"font-weight: 400\">Tieto klasick\u00e9 ty\u010dinky zo 100% tmavej pe\u010denie \u010dokol\u00e1dy v\u00e1s nenechaj\u00fa v \u0161tichu. Ich chu\u0165? Intenz\u00edvne belgick\u00e1 \u010dokol\u00e1da &#8211; bohat\u00e1 na kakao, pevn\u00e1 v chuti.<\/p>\n<p style=\"font-weight: 400\">Ich \u0161peci\u00e1lny recept obsahuje menej kakaov\u00e9ho masla a to je d\u00f4vod, pre\u010do m\u00f4\u017eu odol\u00e1va\u0165 teplot\u00e1m v peci do 200 \u00b0 C bez sp\u00e1lenia.<\/p>\n<\/div>\n<div><strong>Podmienky skladovania<\/strong><\/div>\n<div>Produkt skladujte v \u010distom a suchom prostred\u00ed (relat\u00edvna vlhkos\u0165 vzduchu max. 70%) a bez z\u00e1pachu.<\/div>\n<div>Skladovacia teplota: 12 &#8211; 20\u00b0C<\/div>\n","protected":false},"excerpt":{"rendered":"<p>Zapekacie ty\u010dinky 8cm. \u010cokol\u00e1da vhodn\u00e1 na pe\u010denie a zapekanie.<\/p>\n<p><b>Balenie: 1,6 kg<\/b><\/p>\n","protected":false},"featured_media":13211,"comment_status":"closed","ping_status":"closed","template":"","meta":[],"product_brand":[],"product_cat":[240,67],"product_tag":[128],"class_list":{"0":"post-255","1":"product","2":"type-product","3":"status-publish","4":"has-post-thumbnail","6":"product_cat-240","7":"product_cat-zapekacia-cokolada","8":"product_tag-cacao-barry","9":"has-post-title","10":"has-post-date","11":"has-post-category","12":"has-post-tag","13":"has-post-comment","14":"has-post-author","15":"","17":"first","18":"instock","19":"sale","20":"taxable","21":"shipping-taxable","22":"purchasable","23":"product-type-simple"},"jetpack_sharing_enabled":true,"builder_content":"","_links":{"self":[{"href":"https:\/\/www.zeus-braun.sk\/index.php\/wp-json\/wp\/v2\/product\/255","targetHints":{"allow":["GET"]}}],"collection":[{"href":"https:\/\/www.zeus-braun.sk\/index.php\/wp-json\/wp\/v2\/product"}],"about":[{"href":"https:\/\/www.zeus-braun.sk\/index.php\/wp-json\/wp\/v2\/types\/product"}],"replies":[{"embeddable":true,"href":"https:\/\/www.zeus-braun.sk\/index.php\/wp-json\/wp\/v2\/comments?post=255"}],"wp:featuredmedia":[{"embeddable":true,"href":"https:\/\/www.zeus-braun.sk\/index.php\/wp-json\/wp\/v2\/media\/13211"}],"wp:attachment":[{"href":"https:\/\/www.zeus-braun.sk\/index.php\/wp-json\/wp\/v2\/media?parent=255"}],"wp:term":[{"taxonomy":"product_brand","embeddable":true,"href":"https:\/\/www.zeus-braun.sk\/index.php\/wp-json\/wp\/v2\/product_brand?post=255"},{"taxonomy":"product_cat","embeddable":true,"href":"https:\/\/www.zeus-braun.sk\/index.php\/wp-json\/wp\/v2\/product_cat?post=255"},{"taxonomy":"product_tag","embeddable":true,"href":"https:\/\/www.zeus-braun.sk\/index.php\/wp-json\/wp\/v2\/product_tag?post=255"}],"curies":[{"name":"wp","href":"https:\/\/api.w.org\/{rel}","templated":true}]}}