{"id":254,"date":"2020-10-14T15:26:53","date_gmt":"2020-10-14T13:26:53","guid":{"rendered":"https:\/\/www.zeus-braun.sk\/?post_type=product&#038;p=254"},"modified":"2026-04-24T14:09:59","modified_gmt":"2026-04-24T12:09:59","slug":"zapekacia-cokolada-velkost-s","status":"publish","type":"product","link":"https:\/\/www.zeus-braun.sk\/index.php\/produkt\/zapekacia-cokolada-velkost-s\/","title":{"rendered":"Cokol\u00e1da na pe\u010denie 47,6% drops S 10kg"},"content":{"rendered":"<div>\n<p style=\"font-weight: 400\">Ve\u013ekos\u0165 cca 15 000ks\/kg. 100% \u010cokol\u00e1da vhodn\u00e1 na pe\u010denie a zapekanie.<\/p>\n<p style=\"font-weight: 400\">Lahodn\u00e9 chrumkav\u00e9 mal\u00e9 \u010dokol\u00e1dov\u00e9 k\u00faso\u010dky na pe\u010denie s poctivou chu\u0165ou \u010dokol\u00e1dy.<\/p>\n<p style=\"font-weight: 400\">Min. 47,6% kakaovej su\u0161iny.<\/p>\n<p style=\"font-weight: 400\">Odol\u00e1va teplot\u00e1m do 200\u00b0C.<\/p>\n<p style=\"font-weight: 400\"><b><strong>100% tmav\u00e9 \u010dokol\u00e1dov\u00e9 perli\u010dky na pe\u010denie.<\/strong><\/b><\/p>\n<p style=\"font-weight: 400\">Baking Drops S s\u00fa mo\u017eno mal\u00e9 \u010dokol\u00e1dov\u00e9 chipsy na pe\u010denie, ale s\u00fa bohat\u00e9 na intenz\u00edvnu \u010dokol\u00e1dov\u00fa pr\u00edchu\u0165.<\/p>\n<p style=\"font-weight: 400\">S\u00fa dokonal\u00e9 pre jemn\u00e9 su\u0161ienky, v\u00e4\u010d\u0161ie i malink\u00e9 ro\u017eteky. Na\u0161i \u0161\u00e9fkuch\u00e1ri odpor\u00fa\u010daj\u00fa pou\u017e\u00edva\u0165 tieto chipsy tie\u017e pre p\u00f3rovit\u00e9 cest\u00e1 a pe\u010den\u00e9 v\u00fdrobky,<\/p>\n<p style=\"font-weight: 400\">ktor\u00e9 vy\u017eaduj\u00fa kr\u00e1tku dobu pe\u010denia. T\u00fdm zabr\u00e1nite rozpusteniu chipsov pri pe\u010den\u00ed a po vychladnut\u00ed zachov\u00e1te ich chrumkavos\u0165.<\/p>\n<p style=\"font-weight: 400\">Ich \u0161peci\u00e1lny recept obsahuje menej kakaov\u00e9ho masla a to je d\u00f4vod, pre\u010do m\u00f4\u017eu tieto \u010dokol\u00e1dov\u00e9 chipsy odol\u00e1va\u0165 teplot\u00e1m v peci do 200 \u00b0 C bez sp\u00e1lenia.<\/p>\n<p style=\"font-weight: 400\">V\u017edy odpor\u00fa\u010dame prida\u0165 chipsy a\u017e na konci procesu miesenia a mie\u0161a\u0165 ich ve\u013emi kr\u00e1tko. Tak zabr\u00e1nite sfarbeniu cesta a rozpusteniu chipsov.<\/p>\n<\/div>\n<div><strong>Podmienky skladovania<\/strong><\/div>\n<div>Produkt skladujte v \u010distom a suchom prostred\u00ed (relat\u00edvna vlhkos\u0165 vzduchu max. 70%) a bez z\u00e1pachu.<\/div>\n<div>Skladovacia teplota: 12 &#8211; 20\u00b0C<\/div>\n","protected":false},"excerpt":{"rendered":"<p>Lahodn\u00e9 chrumkav\u00e9 mal\u00e9 \u010dokol\u00e1dov\u00e9 k\u00faso\u010dky na pe\u010denie s poctivou chu\u0165ou \u010dokol\u00e1dy.<\/p>\n<p>Min. 47,6% kakaovej su\u0161iny.<\/p>\n<p><b>Balenie: \u010dokol\u00e1dov\u00fd drops 10 kg<\/b><\/p>\n","protected":false},"featured_media":11080,"comment_status":"closed","ping_status":"closed","template":"","meta":[],"product_brand":[],"product_cat":[240,67],"product_tag":[57],"class_list":{"0":"post-254","1":"product","2":"type-product","3":"status-publish","4":"has-post-thumbnail","6":"product_cat-240","7":"product_cat-zapekacia-cokolada","8":"product_tag-barry-callebaut","9":"has-post-title","10":"has-post-date","11":"has-post-category","12":"has-post-tag","13":"has-post-comment","14":"has-post-author","15":"","17":"first","18":"instock","19":"taxable","20":"shipping-taxable","21":"purchasable","22":"product-type-simple"},"jetpack_sharing_enabled":true,"builder_content":"","_links":{"self":[{"href":"https:\/\/www.zeus-braun.sk\/index.php\/wp-json\/wp\/v2\/product\/254","targetHints":{"allow":["GET"]}}],"collection":[{"href":"https:\/\/www.zeus-braun.sk\/index.php\/wp-json\/wp\/v2\/product"}],"about":[{"href":"https:\/\/www.zeus-braun.sk\/index.php\/wp-json\/wp\/v2\/types\/product"}],"replies":[{"embeddable":true,"href":"https:\/\/www.zeus-braun.sk\/index.php\/wp-json\/wp\/v2\/comments?post=254"}],"wp:featuredmedia":[{"embeddable":true,"href":"https:\/\/www.zeus-braun.sk\/index.php\/wp-json\/wp\/v2\/media\/11080"}],"wp:attachment":[{"href":"https:\/\/www.zeus-braun.sk\/index.php\/wp-json\/wp\/v2\/media?parent=254"}],"wp:term":[{"taxonomy":"product_brand","embeddable":true,"href":"https:\/\/www.zeus-braun.sk\/index.php\/wp-json\/wp\/v2\/product_brand?post=254"},{"taxonomy":"product_cat","embeddable":true,"href":"https:\/\/www.zeus-braun.sk\/index.php\/wp-json\/wp\/v2\/product_cat?post=254"},{"taxonomy":"product_tag","embeddable":true,"href":"https:\/\/www.zeus-braun.sk\/index.php\/wp-json\/wp\/v2\/product_tag?post=254"}],"curies":[{"name":"wp","href":"https:\/\/api.w.org\/{rel}","templated":true}]}}