{"id":252,"date":"2020-10-14T15:26:53","date_gmt":"2020-10-14T13:26:53","guid":{"rendered":"https:\/\/www.zeus-braun.sk\/?post_type=product&#038;p=252"},"modified":"2026-04-24T14:05:19","modified_gmt":"2026-04-24T12:05:19","slug":"jahodova-cokolada-2-5kg","status":"publish","type":"product","link":"https:\/\/www.zeus-braun.sk\/index.php\/produkt\/jahodova-cokolada-2-5kg\/","title":{"rendered":"Jahodov\u00e1 \u010dokol\u00e1da Callebaut 2,5kg"},"content":{"rendered":"<p style=\"font-weight: 400\">Zafarbite a dochu\u0165te svoje dezerty pomocou Strawberry Callets \u2122. Vyrobenej z belgickej bielej \u010dokol\u00e1dy Callebaut\u00ae, kombinuje smotanov\u00fa a\u00a0karamelov\u00fa sladkos\u0165 so zrejmou jahodovou pr\u00edchu\u0165ou.<\/p>\n<p style=\"font-weight: 400\">S ich \u0161tandardnou tekutos\u0165ou m\u00f4\u017eete Strawberry Callets \u2122 pou\u017ei\u0165 pre rovnak\u00fd \u0161irok\u00fd rozsah pou\u017eitia, ako na\u0161e tradi\u010dn\u00e9 \u010dokol\u00e1dy. S\u00fa vynikaj\u00face pre doplnenie farebn\u00fdch detailov odliatkou \u010dokol\u00e1dy a pralink\u00e1m alebo pre vytv\u00e1ranie farebn\u00fdch ozd\u00f4b kol\u00e1\u010dov a dezertov. Navy\u0161e s\u00fa vynikaj\u00face pre dochucovanie kr\u00e9mov, pien a napln\u00ed dezerty jahodov\u00fdm \u0161mrncom.<\/p>\n<p style=\"font-weight: 400\">Tavenie, temperovanie a chladenie prebieha presne rovnako, ako u na\u0161ich tradi\u010dn\u00fdch bielych \u010dokol\u00e1d. Proste dajte priechod svojej tvorivosti.<\/p>\n<p style=\"font-weight: 400\">Strawberry Callets \u2122 s\u00fa vyroben\u00e9 100% bez farb\u00edv AZO.<\/p>\n<p style=\"font-weight: 400\"><b><strong>Podmienky skladovania:<\/strong><\/b><\/p>\n<p style=\"font-weight: 400\">skladova\u0165 do max. 20 \u00b0 C v suchom, uzavretom priestore, v p\u00f4vodnom obale, chr\u00e1\u0148te pred mrazom a priamym slne\u010dn\u00fdm svetlom.<\/p>\n<!--themify_builder_content-->\n<div id=\"themify_builder_content-252\" data-postid=\"252\" class=\"themify_builder_content themify_builder_content-252 themify_builder tf_clear\">\n    <\/div>\n<!--\/themify_builder_content-->\n","protected":false},"excerpt":{"rendered":"<p style=\"font-weight: 400\">Jahodovo sfarben\u00e1 a ochuten\u00e1 biela \u010dokol\u00e1da.<\/p>\n<p style=\"font-weight: 400\"><b><strong>Balenie: 1 x 2,5kg <span style=\"font-family: Arial\">drobn\u00e9 kvap\u00f4\u010dky (Callets)\u00a0<\/span><\/strong><\/b><\/p>\n<div>(BOX:4&#215;2,5kg)<\/div>\n<p>&nbsp;<\/p>\n<p>&nbsp;<\/p>\n","protected":false},"featured_media":12893,"comment_status":"closed","ping_status":"closed","template":"","meta":[],"product_brand":[],"product_cat":[240,230,126,156,59,60],"product_tag":[57],"class_list":{"0":"post-252","1":"product","2":"type-product","3":"status-publish","4":"has-post-thumbnail","6":"product_cat-240","7":"product_cat-ochutene-cokolady","8":"product_cat-valentin","9":"product_cat-akcia_velka_noc","10":"product_cat-cokolada-callebaut","11":"product_cat-2-5kg-balenie","12":"product_tag-barry-callebaut","13":"has-post-title","14":"has-post-date","15":"has-post-category","16":"has-post-tag","17":"has-post-comment","18":"has-post-author","19":"","21":"first","22":"instock","23":"taxable","24":"shipping-taxable","25":"purchasable","26":"product-type-simple"},"jetpack_sharing_enabled":true,"builder_content":"","_links":{"self":[{"href":"https:\/\/www.zeus-braun.sk\/index.php\/wp-json\/wp\/v2\/product\/252","targetHints":{"allow":["GET"]}}],"collection":[{"href":"https:\/\/www.zeus-braun.sk\/index.php\/wp-json\/wp\/v2\/product"}],"about":[{"href":"https:\/\/www.zeus-braun.sk\/index.php\/wp-json\/wp\/v2\/types\/product"}],"replies":[{"embeddable":true,"href":"https:\/\/www.zeus-braun.sk\/index.php\/wp-json\/wp\/v2\/comments?post=252"}],"wp:featuredmedia":[{"embeddable":true,"href":"https:\/\/www.zeus-braun.sk\/index.php\/wp-json\/wp\/v2\/media\/12893"}],"wp:attachment":[{"href":"https:\/\/www.zeus-braun.sk\/index.php\/wp-json\/wp\/v2\/media?parent=252"}],"wp:term":[{"taxonomy":"product_brand","embeddable":true,"href":"https:\/\/www.zeus-braun.sk\/index.php\/wp-json\/wp\/v2\/product_brand?post=252"},{"taxonomy":"product_cat","embeddable":true,"href":"https:\/\/www.zeus-braun.sk\/index.php\/wp-json\/wp\/v2\/product_cat?post=252"},{"taxonomy":"product_tag","embeddable":true,"href":"https:\/\/www.zeus-braun.sk\/index.php\/wp-json\/wp\/v2\/product_tag?post=252"}],"curies":[{"name":"wp","href":"https:\/\/api.w.org\/{rel}","templated":true}]}}