{"id":251,"date":"2020-10-14T15:26:53","date_gmt":"2020-10-14T13:26:53","guid":{"rendered":"https:\/\/www.zeus-braun.sk\/?post_type=product&#038;p=251"},"modified":"2026-02-03T11:03:36","modified_gmt":"2026-02-03T10:03:36","slug":"medova-cokolada-2-5kg","status":"publish","type":"product","link":"https:\/\/www.zeus-braun.sk\/index.php\/produkt\/medova-cokolada-2-5kg\/","title":{"rendered":"Medov\u00e1 \u010dokol\u00e1da Callebaut 2,5kg"},"content":{"rendered":"<p style=\"font-weight: 400\">Honey Callets \u2122 v sebe zlu\u010duj\u00fa tradi\u010dnej ru\u010dne vyr\u00e1ban\u00fa \u010dokol\u00e1du Callebaut\u00ae s kvapkou pr\u00edrodn\u00e9ho medu. V\u00fdsledkom je neodolate\u013en\u00e1 \u010dokol\u00e1da s mlie\u010dnou, smotanovou a karamelovou chu\u0165ou a ve\u013emi pr\u00edjemn\u00e1 sladkos\u0165 a v\u00fdrazn\u00e9 t\u00f3ny medu.<\/p>\n<p style=\"font-weight: 400\">Honey Callets \u2122 m\u00f4\u017eete pou\u017ei\u0165 pre rovnak\u00fd \u0161irok\u00fd rozsah pou\u017eitia, ako na\u0161e tradi\u010dn\u00e9 \u010dokol\u00e1dy. Nieko\u013eko pr\u00edkladov: tvarov\u00e9 odlievanie \u010di polievanie cukroviniek alebo dochucovanie ganache, n\u00e1pln\u00ed, kr\u00e9mu do cukroviniek, zmrzl\u00edn, pien a n\u00e1pojov. Tavenie, temperovanie a chladenie prebieha presne rovnako, ako u na\u0161ich tradi\u010dn\u00fdch mlie\u010dnych \u010dokol\u00e1d.<\/p>\n<p style=\"font-weight: 400\"><b><strong>Podmienky skladovania:<\/strong><\/b><\/p>\n<p style=\"font-weight: 400\">skladova\u0165 do max. 20 \u00b0 C v suchom, uzavretom priestore, v p\u00f4vodnom obale, chr\u00e1\u0148te pred mrazom a priamym slne\u010dn\u00fdm svetlom.<\/p>\n","protected":false},"excerpt":{"rendered":"<p style=\"font-weight: 400\">Zmes \u010dist\u00e9ho, pr\u00edrodn\u00e9ho pote\u0161enia &#8211; mlie\u010dnej \u010dokol\u00e1dy a medu.<\/p>\n<p style=\"font-weight: 400\"><b><strong>Balenie: 1 x 2,5kg <span style=\"font-family: Arial\">drobn\u00e9 kvap\u00f4\u010dky (Callets)<\/span>\u00a0<\/strong><\/b><\/p>\n<div>(BOX:4&#215;2,kg)<\/div>\n<p>&nbsp;<\/p>\n<p>&nbsp;<\/p>\n","protected":false},"featured_media":12892,"comment_status":"closed","ping_status":"closed","template":"","meta":[],"product_brand":[],"product_cat":[240,230,59,60],"product_tag":[57],"class_list":{"0":"post-251","1":"product","2":"type-product","3":"status-publish","4":"has-post-thumbnail","6":"product_cat-240","7":"product_cat-ochutene-cokolady","8":"product_cat-cokolada-callebaut","9":"product_cat-2-5kg-balenie","10":"product_tag-barry-callebaut","11":"has-post-title","12":"has-post-date","13":"has-post-category","14":"has-post-tag","15":"has-post-comment","16":"has-post-author","17":"","19":"first","20":"outofstock","21":"taxable","22":"shipping-taxable","23":"purchasable","24":"product-type-simple"},"jetpack_sharing_enabled":true,"builder_content":"","_links":{"self":[{"href":"https:\/\/www.zeus-braun.sk\/index.php\/wp-json\/wp\/v2\/product\/251","targetHints":{"allow":["GET"]}}],"collection":[{"href":"https:\/\/www.zeus-braun.sk\/index.php\/wp-json\/wp\/v2\/product"}],"about":[{"href":"https:\/\/www.zeus-braun.sk\/index.php\/wp-json\/wp\/v2\/types\/product"}],"replies":[{"embeddable":true,"href":"https:\/\/www.zeus-braun.sk\/index.php\/wp-json\/wp\/v2\/comments?post=251"}],"wp:featuredmedia":[{"embeddable":true,"href":"https:\/\/www.zeus-braun.sk\/index.php\/wp-json\/wp\/v2\/media\/12892"}],"wp:attachment":[{"href":"https:\/\/www.zeus-braun.sk\/index.php\/wp-json\/wp\/v2\/media?parent=251"}],"wp:term":[{"taxonomy":"product_brand","embeddable":true,"href":"https:\/\/www.zeus-braun.sk\/index.php\/wp-json\/wp\/v2\/product_brand?post=251"},{"taxonomy":"product_cat","embeddable":true,"href":"https:\/\/www.zeus-braun.sk\/index.php\/wp-json\/wp\/v2\/product_cat?post=251"},{"taxonomy":"product_tag","embeddable":true,"href":"https:\/\/www.zeus-braun.sk\/index.php\/wp-json\/wp\/v2\/product_tag?post=251"}],"curies":[{"name":"wp","href":"https:\/\/api.w.org\/{rel}","templated":true}]}}