{"id":241,"date":"2020-10-14T15:26:51","date_gmt":"2020-10-14T13:26:51","guid":{"rendered":"https:\/\/www.zeus-braun.sk\/?post_type=product&#038;p=241"},"modified":"2026-04-24T14:06:14","modified_gmt":"2026-04-24T12:06:14","slug":"madagaskar-horka-cokolada-67-callebaut-2-5kg","status":"publish","type":"product","link":"https:\/\/www.zeus-braun.sk\/index.php\/produkt\/madagaskar-horka-cokolada-67-callebaut-2-5kg\/","title":{"rendered":"Madagaskar Origin hork\u00e1 \u010dokol\u00e1da 67% 2,5kg"},"content":{"rendered":"<div>\n<p style=\"font-weight: 400\">Hork\u00e1 \u010dokol\u00e1da s intenz\u00edvnou kakaovou chu\u0165ou, t\u00f3nmi mal\u00edn a pomaran\u010da.<\/p>\n<p style=\"font-weight: 400\">Vyroben\u00e9 z prvotriedneho kakaa z \u010cerven\u00e9ho ostrova.<\/p>\n<p style=\"font-weight: 400\">Madagaskar, ktor\u00fd sa naz\u00fdva aj &#8222;Ve\u013ek\u00fd \u010derven\u00fd ostrov&#8220;, je skuto\u010dnou pokladnicou pre niektor\u00e9 zo svetov\u00fdch najv\u00fdnimo\u010dnej\u0161\u00edch pr\u00edchut\u00ed a zlo\u017eiek: vanilka, tabak, korenie, exotick\u00e9 ovocie &#8230;<\/p>\n<p style=\"font-weight: 400\">Tu vypestovan\u00e9 kakao odha\u013euje ve\u013emi intenz\u00edvne zaoblen\u00fa a sladk\u00fa chu\u0165 s vytemperovanou horkos\u0165ou. Je doplnen\u00e1 osvie\u017euj\u00facimi, stredne kysl\u00fdmi pr\u00edchu\u0165ami a ovocn\u00fdmi t\u00f3nmi, ktor\u00e9 pripom\u00ednaj\u00fa maliny, a citrusov\u00fa dochu\u0165 pomaran\u010da.<\/p>\n<p style=\"font-weight: 400\">Madagascar je vynikaj\u00facou vo\u013ebou pre dochutenie \u010dokol\u00e1dov\u00fdch ty\u010diniek a tabuliek a tvarovo odlievan\u00fdch cukroviniek. M\u00f4\u017ee by\u0165 tie\u017e skuto\u010dn\u00fd chamele\u00f3n, ktor\u00fd v\u00e1s poz\u00fdva na presk\u00famavanie vzru\u0161uj\u00faceho p\u00e1rovanie so \u0161irok\u00fdm rozsahom zlo\u017eiek. Len pomyslite na slad\u0161ie zlo\u017eky, ako napr. med a sladk\u00e9 su\u0161ienky, alebo na zlo\u017eky so stredne hork\u00fdm alebo kysl\u00fdm charakterom: aromatick\u00e1 k\u00e1va, \u010daj, korenie s \u013eahko ostrej\u0161\u00ed chu\u0165ou, olivov\u00fd olej at\u010f.<\/p>\n<\/div>\n<div><strong>Podmienky skladovania<\/strong><\/div>\n<div>Produkt skladujte v \u010distom a suchom prostred\u00ed (relat\u00edvna vlhkos\u0165 vzduchu max. 70%) a bez z\u00e1pachu.<\/div>\n<div>Skladovacia teplota: 12 &#8211; 20\u00b0C<\/div>\n<!--themify_builder_content-->\n<div id=\"themify_builder_content-241\" data-postid=\"241\" class=\"themify_builder_content themify_builder_content-241 themify_builder tf_clear\">\n    <\/div>\n<!--\/themify_builder_content-->\n","protected":false},"excerpt":{"rendered":"<p>Madagaskar, ktor\u00fd sa naz\u00fdva aj &#8222;Ve\u013ek\u00fd \u010derven\u00fd ostrov&#8220;, je skuto\u010dnou pokladnicou pre niektor\u00e9 zo svetov\u00fdch najv\u00fdnimo\u010dnej\u0161\u00edch pr\u00edchut\u00ed a zlo\u017eiek: vanilka, tabak, korenie, exotick\u00e9 ovocie..<\/p>\n<p><b><span style=\"font-family: Arial\">Balenie: 1 x 2,5kg <strong>drobn\u00e9 kvap\u00f4\u010dky (Callets)\u00a0<\/strong><\/span><\/b><\/p>\n<p>(BOX:4&#215;2,5kg)<\/p>\n","protected":false},"featured_media":15273,"comment_status":"closed","ping_status":"closed","template":"","meta":[],"product_brand":[],"product_cat":[240,59,65],"product_tag":[57],"class_list":{"0":"post-241","1":"product","2":"type-product","3":"status-publish","4":"has-post-thumbnail","6":"product_cat-240","7":"product_cat-cokolada-callebaut","8":"product_cat-origin-cokolady","9":"product_tag-barry-callebaut","10":"has-post-title","11":"has-post-date","12":"has-post-category","13":"has-post-tag","14":"has-post-comment","15":"has-post-author","16":"","18":"first","19":"instock","20":"taxable","21":"shipping-taxable","22":"purchasable","23":"product-type-simple"},"jetpack_sharing_enabled":true,"builder_content":"","_links":{"self":[{"href":"https:\/\/www.zeus-braun.sk\/index.php\/wp-json\/wp\/v2\/product\/241","targetHints":{"allow":["GET"]}}],"collection":[{"href":"https:\/\/www.zeus-braun.sk\/index.php\/wp-json\/wp\/v2\/product"}],"about":[{"href":"https:\/\/www.zeus-braun.sk\/index.php\/wp-json\/wp\/v2\/types\/product"}],"replies":[{"embeddable":true,"href":"https:\/\/www.zeus-braun.sk\/index.php\/wp-json\/wp\/v2\/comments?post=241"}],"wp:featuredmedia":[{"embeddable":true,"href":"https:\/\/www.zeus-braun.sk\/index.php\/wp-json\/wp\/v2\/media\/15273"}],"wp:attachment":[{"href":"https:\/\/www.zeus-braun.sk\/index.php\/wp-json\/wp\/v2\/media?parent=241"}],"wp:term":[{"taxonomy":"product_brand","embeddable":true,"href":"https:\/\/www.zeus-braun.sk\/index.php\/wp-json\/wp\/v2\/product_brand?post=241"},{"taxonomy":"product_cat","embeddable":true,"href":"https:\/\/www.zeus-braun.sk\/index.php\/wp-json\/wp\/v2\/product_cat?post=241"},{"taxonomy":"product_tag","embeddable":true,"href":"https:\/\/www.zeus-braun.sk\/index.php\/wp-json\/wp\/v2\/product_tag?post=241"}],"curies":[{"name":"wp","href":"https:\/\/api.w.org\/{rel}","templated":true}]}}