{"id":24,"date":"2020-10-14T15:26:13","date_gmt":"2020-10-14T13:26:13","guid":{"rendered":"https:\/\/www.zeus-braun.sk\/?post_type=product&#038;p=24"},"modified":"2026-04-24T14:06:05","modified_gmt":"2026-04-24T12:06:05","slug":"tartalettes-royal-5-cm-184ks","status":"publish","type":"product","link":"https:\/\/www.zeus-braun.sk\/index.php\/produkt\/tartalettes-royal-5-cm-184ks\/","title":{"rendered":"Tartelettes Royal sladk\u00fd 5cm 184ks\/ 8 plat"},"content":{"rendered":"<p>Povrch je potiahnut\u00fd unik\u00e1tnou technol\u00f3giou zabra\u0148uj\u00facou prenikn\u00fa\u0165 vlhkosti a \u0161tav\u00e1m do cestov\u00e9ho z\u00e1kladu. V\u010faka tomu ostan\u00fa va\u0161e tartaletky v\u017edy \u010derstv\u00e9 a chrumkav\u00e9 pri ka\u017edej pr\u00edle\u017eitosti.<\/p>\n<p>Tartaletky su vhodn\u00e9 na studen\u00fa aj tepl\u00fa kuchy\u0148u, mo\u017en\u00e9 zapeka\u0165 v\u0161etky druhy a\u017e do 180&#8217;C.<\/p>\n<p><b>Podmienky skladovania<\/b>: Skladujte na chladom a suchom mieste.<span style=\"text-decoration: line-through\"><br \/>\n<\/span><\/p>\n<p>Viac in\u0161pir\u00e1ci\u00ed na dezerty v tartaletk\u00e1ch m\u00f4\u017eete n\u00e1js\u0165 TU:<\/p>\n<p><a href=\"https:\/\/www.hug-foodservice.ch\/sk-en\/rezepte\/?lang=en\">www.hug-foodservice.ch &#8211; RECEPTY<\/a><\/p>\n<p><img loading=\"lazy\" decoding=\"async\" class=\"alignnone size-medium wp-image-19195\" src=\"https:\/\/www.cokolady.sk\/wp-content\/uploads\/2024\/02\/recepty-215x300.png\" alt=\"\" width=\"215\" height=\"300\" \/><\/p>\n<!--themify_builder_content-->\n<div id=\"themify_builder_content-24\" data-postid=\"24\" class=\"themify_builder_content themify_builder_content-24 themify_builder tf_clear\">\n    <\/div>\n<!--\/themify_builder_content-->\n","protected":false},"excerpt":{"rendered":"<p>Jemn\u00e9 chrumkav\u00e9 cesto impregnovan\u00e9 tukom, vhodn\u00e9 na plnenie sladk\u00fdmi a slan\u00fdmi plnkami.<\/p>\n<p>Ve\u013ekos\u0165:\u00a0 5 cm<\/p>\n<p><b>Balenie: 8&#215;23 ks<\/b><\/p>\n","protected":false},"featured_media":10856,"comment_status":"closed","ping_status":"closed","template":"","meta":[],"product_brand":[],"product_cat":[239,35,36,37],"product_tag":[38],"class_list":{"0":"post-24","1":"product","2":"type-product","3":"status-publish","4":"has-post-thumbnail","6":"product_cat-239","7":"product_cat-silvester","8":"product_cat-tartalettes","9":"product_cat-sladke","10":"product_tag-hug-ag","11":"has-post-title","12":"has-post-date","13":"has-post-category","14":"has-post-tag","15":"has-post-comment","16":"has-post-author","17":"","19":"first","20":"instock","21":"taxable","22":"shipping-taxable","23":"purchasable","24":"product-type-simple"},"jetpack_sharing_enabled":true,"builder_content":"","_links":{"self":[{"href":"https:\/\/www.zeus-braun.sk\/index.php\/wp-json\/wp\/v2\/product\/24","targetHints":{"allow":["GET"]}}],"collection":[{"href":"https:\/\/www.zeus-braun.sk\/index.php\/wp-json\/wp\/v2\/product"}],"about":[{"href":"https:\/\/www.zeus-braun.sk\/index.php\/wp-json\/wp\/v2\/types\/product"}],"replies":[{"embeddable":true,"href":"https:\/\/www.zeus-braun.sk\/index.php\/wp-json\/wp\/v2\/comments?post=24"}],"wp:featuredmedia":[{"embeddable":true,"href":"https:\/\/www.zeus-braun.sk\/index.php\/wp-json\/wp\/v2\/media\/10856"}],"wp:attachment":[{"href":"https:\/\/www.zeus-braun.sk\/index.php\/wp-json\/wp\/v2\/media?parent=24"}],"wp:term":[{"taxonomy":"product_brand","embeddable":true,"href":"https:\/\/www.zeus-braun.sk\/index.php\/wp-json\/wp\/v2\/product_brand?post=24"},{"taxonomy":"product_cat","embeddable":true,"href":"https:\/\/www.zeus-braun.sk\/index.php\/wp-json\/wp\/v2\/product_cat?post=24"},{"taxonomy":"product_tag","embeddable":true,"href":"https:\/\/www.zeus-braun.sk\/index.php\/wp-json\/wp\/v2\/product_tag?post=24"}],"curies":[{"name":"wp","href":"https:\/\/api.w.org\/{rel}","templated":true}]}}