{"id":239,"date":"2024-07-10T11:11:58","date_gmt":"2024-07-10T09:11:58","guid":{"rendered":"https:\/\/www.zeus-braun.sk\/?post_type=product&#038;p=239"},"modified":"2026-04-24T14:07:55","modified_gmt":"2026-04-24T12:07:55","slug":"fleur-de-cao-horka-cokolada-70-2-5-kg","status":"publish","type":"product","link":"https:\/\/www.zeus-braun.sk\/index.php\/produkt\/fleur-de-cao-horka-cokolada-70-2-5-kg\/","title":{"rendered":"Fleur de Cao hork\u00e1 \u010dokol\u00e1da 70% 2,5kg"},"content":{"rendered":"<div>\n<p>Rozmanit\u00e9 tero\u00e1ry Latinskej Ameriky a Afriky sa kr\u00e1sne sp\u00e1jaj\u00fa v \u010dokol\u00e1de Callebaut Rustic Fleur de Cao Dark 70 %, ktor\u00e1 sa vyr\u00e1ba s pou\u017eit\u00edm starostlivo vybran\u00fdch surov\u00edn z oboch kontinentov, \u010d\u00edm vznik\u00e1 produkt pozoruhodnej komplexnosti.<\/p>\n<p>T\u00e1to v\u00fdnimo\u010dn\u00e1 hork\u00e1 \u010dokol\u00e1da z na\u0161ej kolekcie Signature oslavuje jedine\u010dn\u00e9 vlastnosti, ktor\u00e9 ka\u017ed\u00fd regi\u00f3n prin\u00e1\u0161a do pestovania kakaa, od v\u00fdrazn\u00fdch ovocn\u00fdch profilov latinskoamerick\u00fdch odr\u00f4d a\u017e po robustn\u00fd, zemit\u00fd z\u00e1klad africk\u00e9ho kakaa. Starostliv\u00fd proces mie\u0161ania sp\u00e1ja tieto r\u00f4zne p\u00f4vody a vytv\u00e1ra nie\u010do v\u00e4\u010d\u0161ie ako s\u00fa\u010det jeho \u010dast\u00ed. Cesta k ochutn\u00e1vke za\u010d\u00edna dominantnou chu\u0165ou pra\u017een\u00e9ho kakaa, ktor\u00e1 pon\u00faka okam\u017eit\u00fa h\u013abku a teplo. V prvej polovici zost\u00e1va pra\u017een\u00e9 kakao v\u00fdrazn\u00e9, doplnen\u00e9 n\u00e1znakmi korenist\u00fdch t\u00f3nov a vyv\u00e1\u017een\u00e9 kyslou a sladkou chu\u0165ou. Ako sa z\u00e1\u017eitok rozv\u00edja, druh\u00e1 polovica odha\u013euje \u017eiv\u00fa transform\u00e1ciu: do popredia sa dost\u00e1vaj\u00fa korenist\u00e9, kvetinov\u00e9 a \u017elt\u00e9 ovocn\u00e9 chute, obohaten\u00e9 o pretrv\u00e1vaj\u00facu sladkos\u0165.<\/p>\n<p>T\u00e1to 70 % kakaov\u00e1 kre\u00e1cia pon\u00faka v\u00fdnimo\u010dn\u00fa v\u0161estrannos\u0165 profesion\u00e1lom, ktor\u00ed h\u013eadaj\u00fa h\u013abku a komplexnos\u0165, \u010di u\u017e vyr\u00e1baj\u00fa ganache, formuj\u00fa alebo vytv\u00e1raj\u00fa dezerty, ktor\u00e9 vy\u017eaduj\u00fa \u010dokol\u00e1du s prav\u00fdm charakterom. Rustic Fleur de Cao je d\u00f4kazom umenia mie\u0161ania, ktor\u00e9 neust\u00e1le prin\u00e1\u0161a dokonalos\u0165 a ct\u00ed trad\u00edcie a inov\u00e1cie v\u00fdroby \u010dokol\u00e1dy.<\/p>\n<\/div>\n<div><\/div>\n<div><img loading=\"lazy\" decoding=\"async\" class=\"alignnone wp-image-20822 size-full\" src=\"https:\/\/www.cokolady.sk\/wp-content\/uploads\/2024\/07\/Snimka-obrazovky-2024-07-10-112548.png\" alt=\"\" width=\"664\" height=\"289\" \/><\/div>\n<div>\n<div><\/div>\n<div><img loading=\"lazy\" decoding=\"async\" class=\"wp-image-20821 alignleft\" src=\"https:\/\/www.cokolady.sk\/wp-content\/uploads\/2024\/07\/cocoa-horizons-logo-2d9690bd9d04457f91e1ab1907763201-300x290.png\" alt=\"\" width=\"64\" height=\"62\" \/>Touto \u010dokol\u00e1dou podporujete kakaov\u00fdch farm\u00e1rov.<\/div>\n<div>\u010cokol\u00e1da potrebuje tie najkvalitnej\u0161ie kakaov\u00e9 b\u00f4by. Dnes aj zajtra.<\/div>\n<div>Za ka\u017ed\u00e9 balenie \u010dokol\u00e1dy, ktor\u00e9 si k\u00fapite, Barry Callebaut reinvestuje \u010das\u0165 do udr\u017eate\u013en\u00e9ho pestovania kakaa prostredn\u00edctvom nad\u00e1cie Cocoa Horizons Foundation.<\/div>\n<div><\/div>\n<div><\/div>\n<div><b>Podmienky skladovania<\/b><\/div>\n<div>Produkt skladujte v \u010distom a suchom prostred\u00ed (relat\u00edvna vlhkos\u0165 vzduchu max. 70%) a bez z\u00e1pachu.<\/div>\n<div>Skladovacia teplota: 12 &#8211; 20\u00b0C<\/div>\n<\/div>\n<p>&nbsp;<\/p>\n","protected":false},"excerpt":{"rendered":"<p>Rozmanit\u00e9 tero\u00e1ry Latinskej Ameriky a Afriky sa kr\u00e1sne sp\u00e1jaj\u00fa v \u010dokol\u00e1de Fleur de Cao.<br \/>\nChu\u0165ov\u00fd profil: Kvetinov\u00e9 t\u00f3ny &#8211; intenz\u00edvna horkos\u0165 &#8211; drevit\u00e9 t\u00f3ny<\/p>\n<p><strong>Balenie: <b><span style=\"font-family: Arial\">drobn\u00e9 kvap\u00f4\u010dky (Callets) 2,5<\/span><\/b>kg <\/strong><\/p>\n<p>&nbsp;<\/p>\n","protected":false},"featured_media":15472,"comment_status":"open","ping_status":"closed","template":"","meta":[],"product_brand":[],"product_cat":[240,163],"product_tag":[128],"class_list":{"0":"post-239","1":"product","2":"type-product","3":"status-publish","4":"has-post-thumbnail","6":"product_cat-240","7":"product_cat-cokolada_cacao_barry","8":"product_tag-cacao-barry","9":"has-post-title","10":"has-post-date","11":"has-post-category","12":"has-post-tag","13":"has-post-comment","14":"has-post-author","15":"","17":"first","18":"instock","19":"taxable","20":"shipping-taxable","21":"purchasable","22":"product-type-simple"},"jetpack_sharing_enabled":true,"builder_content":"","_links":{"self":[{"href":"https:\/\/www.zeus-braun.sk\/index.php\/wp-json\/wp\/v2\/product\/239","targetHints":{"allow":["GET"]}}],"collection":[{"href":"https:\/\/www.zeus-braun.sk\/index.php\/wp-json\/wp\/v2\/product"}],"about":[{"href":"https:\/\/www.zeus-braun.sk\/index.php\/wp-json\/wp\/v2\/types\/product"}],"replies":[{"embeddable":true,"href":"https:\/\/www.zeus-braun.sk\/index.php\/wp-json\/wp\/v2\/comments?post=239"}],"wp:featuredmedia":[{"embeddable":true,"href":"https:\/\/www.zeus-braun.sk\/index.php\/wp-json\/wp\/v2\/media\/15472"}],"wp:attachment":[{"href":"https:\/\/www.zeus-braun.sk\/index.php\/wp-json\/wp\/v2\/media?parent=239"}],"wp:term":[{"taxonomy":"product_brand","embeddable":true,"href":"https:\/\/www.zeus-braun.sk\/index.php\/wp-json\/wp\/v2\/product_brand?post=239"},{"taxonomy":"product_cat","embeddable":true,"href":"https:\/\/www.zeus-braun.sk\/index.php\/wp-json\/wp\/v2\/product_cat?post=239"},{"taxonomy":"product_tag","embeddable":true,"href":"https:\/\/www.zeus-braun.sk\/index.php\/wp-json\/wp\/v2\/product_tag?post=239"}],"curies":[{"name":"wp","href":"https:\/\/api.w.org\/{rel}","templated":true}]}}