{"id":227,"date":"2020-10-14T15:26:49","date_gmt":"2020-10-14T13:26:49","guid":{"rendered":"https:\/\/www.zeus-braun.sk\/?post_type=product&#038;p=227"},"modified":"2026-04-24T14:09:39","modified_gmt":"2026-04-24T12:09:39","slug":"nibs","status":"publish","type":"product","link":"https:\/\/www.zeus-braun.sk\/index.php\/produkt\/nibs\/","title":{"rendered":"Nibs 0,8 kg"},"content":{"rendered":"<p style=\"font-weight: 400\">Drven\u00e9 100% kakaov\u00e9 b\u00f4by, vhodn\u00e9 ako chrumkav\u00e1 zmes do pralinkov\u00fdch a tortov\u00fdch plniek, na zdobenie, na jemn\u00e9 dochutenie.<\/p>\n<p style=\"font-weight: 400\">K\u00fasky kakaov\u00fdch b\u00f4bov s\u00fa \u010dist\u00fdm srdcom a du\u0161ou ka\u017ed\u00e9ho kakaov\u00e9ho b\u00f4bu. Po pra\u017een\u00ed cel\u00fdch b\u00f4bov sa rozdrobia na mal\u00e9 k\u00fasky. Starostliv\u00fdm preosievan\u00edm sa odstr\u00e1nia v\u0161etky \u0161krupiny a zostane iba \u010dist\u00e1 a chutn\u00e1 zlo\u017eka: K\u00fasky kakaov\u00fdch b\u00f4bov Callebaut\u00ae. So svojou intenz\u00edvnou chu\u0165ou pra\u017een\u00e9ho kakaa a chrumkavou text\u00farou tvoria k\u00fasky vynikaj\u00facu zlo\u017eku pre vytv\u00e1ranie text\u00fary va\u0161ich dezertov \u010di dokonca z\u00e1kuskov\u00fdch tanierov.<\/p>\n<p style=\"font-weight: 400\">Posypte nimi \u010derstvo nam\u00e1\u010dan\u00e9 alebo polievan\u00e9 cukrovinky a zaist\u00edte kakaov\u00fa chu\u0165 vysokej intenzity. Napusten\u00edm va\u0161ich karamelov (jemne rozdrven\u00fdch) k\u00faskami kakaov\u00fdch b\u00f4bov vytvor\u00edte podivuhodn\u00fd pocit v \u00fastach. Alebo ju primie\u0161ajte do svojich zmes\u00ed \u010dokol\u00e1dov\u00fdch orie\u0161kov\u00fdch praliniek alebo gianduja (GIA) a z\u00edskate v\u00fdborn\u00fa pr\u00edchu\u0165 a prekvapuj\u00facu text\u00faru.<\/p>\n<p style=\"font-weight: 400\">K\u00fasky m\u00f4\u017eu by\u0165 tie\u017e pe\u010den\u00e9 v rohl\u00ed\u010dkoch, mal\u00fdch kol\u00e1\u010dikoch \u010di kol\u00e1\u010doch alebo sypan\u00e9 na dezerty, zmrzlinu a n\u00e1poje serv\u00edrovan\u00e9 po\u010das jedinej min\u00faty a poskytn\u00fa im chutn\u00fd a chrumkav\u00fd dotyk.<\/p>\n<p style=\"font-weight: 400\">Na\u0161i \u0161\u00e9fkuch\u00e1ri odpor\u00fa\u010daj\u00fa nemie\u0161a\u0165 ich s kr\u00e9mov\u00fdmi z\u00e1kladmi alebo ganache. K\u00fasky kakaov\u00fdch b\u00f4bov maj\u00fa sklon absorbova\u0165 vlhkos\u0165 a m\u00e4kn\u00fa\u0165.<\/p>\n<p style=\"font-weight: 400\"><b><strong>Podmienky skladovania:\u00a0<\/strong><\/b>Nevystavujte priamemu slne\u010dn\u00e9mu \u017eiareniu, skladujte na suchom mieste bez v\u00f4n\u00ed a pachov, pri teplote 12 \u2013 20 \u00b0C a relat\u00edvnej vlhkosti do 70 %.<\/p>\n","protected":false},"excerpt":{"rendered":"<p style=\"font-weight: 400\">Drven\u00e9 100% kakao, vhodne ako chrumkav\u00e1 zmes do pralinkov\u00fdch a tortov\u00fdch plniek, na zdobenie, na jemn\u00e9 dochutenie.<\/p>\n<p><b><span style=\"font-family: Arial\">Balenie: 0,8 kg\u00a0<\/span><\/b><\/p>\n<p>&nbsp;<\/p>\n","protected":false},"featured_media":11635,"comment_status":"closed","ping_status":"closed","template":"","meta":[],"product_brand":[],"product_cat":[239,55,58],"product_tag":[57],"class_list":{"0":"post-227","1":"product","2":"type-product","3":"status-publish","4":"has-post-thumbnail","6":"product_cat-239","7":"product_cat-posypy-a-dekoracie","8":"product_cat-posypy","9":"product_tag-barry-callebaut","10":"has-post-title","11":"has-post-date","12":"has-post-category","13":"has-post-tag","14":"has-post-comment","15":"has-post-author","16":"","18":"first","19":"instock","20":"taxable","21":"shipping-taxable","22":"purchasable","23":"product-type-simple"},"jetpack_sharing_enabled":true,"builder_content":"","_links":{"self":[{"href":"https:\/\/www.zeus-braun.sk\/index.php\/wp-json\/wp\/v2\/product\/227","targetHints":{"allow":["GET"]}}],"collection":[{"href":"https:\/\/www.zeus-braun.sk\/index.php\/wp-json\/wp\/v2\/product"}],"about":[{"href":"https:\/\/www.zeus-braun.sk\/index.php\/wp-json\/wp\/v2\/types\/product"}],"replies":[{"embeddable":true,"href":"https:\/\/www.zeus-braun.sk\/index.php\/wp-json\/wp\/v2\/comments?post=227"}],"wp:featuredmedia":[{"embeddable":true,"href":"https:\/\/www.zeus-braun.sk\/index.php\/wp-json\/wp\/v2\/media\/11635"}],"wp:attachment":[{"href":"https:\/\/www.zeus-braun.sk\/index.php\/wp-json\/wp\/v2\/media?parent=227"}],"wp:term":[{"taxonomy":"product_brand","embeddable":true,"href":"https:\/\/www.zeus-braun.sk\/index.php\/wp-json\/wp\/v2\/product_brand?post=227"},{"taxonomy":"product_cat","embeddable":true,"href":"https:\/\/www.zeus-braun.sk\/index.php\/wp-json\/wp\/v2\/product_cat?post=227"},{"taxonomy":"product_tag","embeddable":true,"href":"https:\/\/www.zeus-braun.sk\/index.php\/wp-json\/wp\/v2\/product_tag?post=227"}],"curies":[{"name":"wp","href":"https:\/\/api.w.org\/{rel}","templated":true}]}}