{"id":193,"date":"2020-10-14T15:26:41","date_gmt":"2020-10-14T13:26:41","guid":{"rendered":"https:\/\/www.zeus-braun.sk\/?post_type=product&#038;p=193"},"modified":"2026-04-30T14:04:43","modified_gmt":"2026-04-30T12:04:43","slug":"pasta-pistacia-italia-3kg","status":"publish","type":"product","link":"https:\/\/www.zeus-braun.sk\/index.php\/produkt\/pasta-pistacia-italia-3kg\/","title":{"rendered":"Pist\u00e1ciov\u00e1 pasta Italia 3kg"},"content":{"rendered":"<p>Vysoko kvalitn\u00e1 pasta na v\u00fdrobu zmrzl\u00edn a cukroviniek s obsahom 30% pist\u00e1ci\u00ed.<\/p>\n<p>Pomer: 70 &#8211; 100 g na 1kg masy<\/p>\n<p>&nbsp;<\/p>\n<p><b>Podmienky skladovania:<\/b><\/p>\n<p>skladova\u0165 do max. 20 \u00b0 C v suchom, uzavretom priestore, v p\u00f4vodnom obale, chr\u00e1\u0148te pred mrazom a priamym slne\u010dn\u00fdm svetlom.<\/p>\n","protected":false},"excerpt":{"rendered":"<p>Vysoko kvalitn\u00e1 pasta na v\u00fdrobu zmrzl\u00edn a cukroviniek s obsahom 30% pist\u00e1ci\u00ed.<\/p>\n<p><strong>Balenie: 3 kg<\/strong><\/p>\n<p>&nbsp;<\/p>\n","protected":false},"featured_media":11071,"comment_status":"closed","ping_status":"closed","template":"","meta":[],"product_brand":[],"product_cat":[240,229,45,54,47],"product_tag":[33],"class_list":{"0":"post-193","1":"product","2":"type-product","3":"status-publish","4":"has-post-thumbnail","6":"product_cat-240","7":"product_cat-hotove-plnky","8":"product_cat-dezertne-pasty","9":"product_cat-orieskove-pasty","10":"product_cat-plnky-do-praliniek","11":"product_tag-martin-braun-kg","12":"has-post-title","13":"has-post-date","14":"has-post-category","15":"has-post-tag","16":"has-post-comment","17":"has-post-author","18":"","20":"first","21":"instock","22":"taxable","23":"shipping-taxable","24":"purchasable","25":"product-type-simple"},"jetpack_sharing_enabled":true,"builder_content":"","_links":{"self":[{"href":"https:\/\/www.zeus-braun.sk\/index.php\/wp-json\/wp\/v2\/product\/193","targetHints":{"allow":["GET"]}}],"collection":[{"href":"https:\/\/www.zeus-braun.sk\/index.php\/wp-json\/wp\/v2\/product"}],"about":[{"href":"https:\/\/www.zeus-braun.sk\/index.php\/wp-json\/wp\/v2\/types\/product"}],"replies":[{"embeddable":true,"href":"https:\/\/www.zeus-braun.sk\/index.php\/wp-json\/wp\/v2\/comments?post=193"}],"wp:featuredmedia":[{"embeddable":true,"href":"https:\/\/www.zeus-braun.sk\/index.php\/wp-json\/wp\/v2\/media\/11071"}],"wp:attachment":[{"href":"https:\/\/www.zeus-braun.sk\/index.php\/wp-json\/wp\/v2\/media?parent=193"}],"wp:term":[{"taxonomy":"product_brand","embeddable":true,"href":"https:\/\/www.zeus-braun.sk\/index.php\/wp-json\/wp\/v2\/product_brand?post=193"},{"taxonomy":"product_cat","embeddable":true,"href":"https:\/\/www.zeus-braun.sk\/index.php\/wp-json\/wp\/v2\/product_cat?post=193"},{"taxonomy":"product_tag","embeddable":true,"href":"https:\/\/www.zeus-braun.sk\/index.php\/wp-json\/wp\/v2\/product_tag?post=193"}],"curies":[{"name":"wp","href":"https:\/\/api.w.org\/{rel}","templated":true}]}}