{"id":15492,"date":"2020-10-14T15:26:52","date_gmt":"2020-10-14T13:26:52","guid":{"rendered":"https:\/\/www.zeus-braun.sk\/index.php\/produkt\/dominikanska-rep-horka-cokolada-70-2-5kg\/"},"modified":"2026-04-24T14:15:09","modified_gmt":"2026-04-24T12:15:09","slug":"dominikanska-rep-horka-cokolada-70-2-5kg","status":"publish","type":"product","link":"https:\/\/www.zeus-braun.sk\/index.php\/produkt\/dominikanska-rep-horka-cokolada-70-2-5kg\/","title":{"rendered":"Dominik\u00e1nska Republika hork\u00e1 \u010dokol\u00e1da 70% 2,5kg"},"content":{"rendered":"<div>\n<p>Nov\u00fd n\u00e1zov, kvalita ost\u00e1va. \u010cokol\u00e1da v novom obale, ktor\u00fa pozn\u00e1te ako Saint-Domingue.<br \/>\nOrigin hork\u00e1 \u010dokol\u00e1da poch\u00e1dzaj\u00faca zo z\u00e1padnej \u010dasti ostrova Hispaniola &#8211; dnes zn\u00e1meho ako Haiti. Kedysi tu bola franc\u00fazska kol\u00f3nia Saint-Domingue, pod\u013ea ktorej nesie n\u00e1zov aj t\u00e1to v\u00fdnimo\u010dn\u00e1 \u010dokol\u00e1da.<\/p>\n<p>Hispaniola, zmes Forastero a Criollo, kombinuje mimoriadne dlh\u00fa trad\u00edciu a vytv\u00e1ra tmav\u00fa \u010dokol\u00e1du s ve\u013emi v\u00fdraznou chu\u0165ou kakaa.<\/p>\n<p>Ostrov Hispaniola produkuje kakao s mimoriadnym charakterom a Zestina Experience Dominican Republic vzd\u00e1va hold tomuto dedi\u010dstvu v\u00fdberom z\u0155n Forastero, ktor\u00e9 steles\u0148uj\u00fa jedine\u010dn\u00fd terroir regi\u00f3nu. T\u00e1to vysokopercentn\u00e1 hork\u00e1 \u010dokol\u00e1da okam\u017eite oznamuje svoju pr\u00edtomnos\u0165 hlbokou intenzitou pra\u017een\u00e9ho kakaa, ktor\u00e1 hovor\u00ed o \u010distote aj remeselnom spracovan\u00ed.<\/p>\n<p>Jej komplexnos\u0165 sa rozv\u00edja vo vln\u00e1ch a odha\u013euje elegantn\u00fa s\u00fahru t\u00f3nov su\u0161en\u00e9ho a \u010derven\u00e9ho ovocia, pri\u010dom s pozoruhodnou presnos\u0165ou vyva\u017euje sladk\u00e9, kyslast\u00e9 a hork\u00e9 prvky. Ako sa \u010dokol\u00e1da rozv\u00edja na podneb\u00ed, z\u00e1klad pra\u017een\u00e9ho kakaa silnie, podporen\u00fd bohat\u00fdmi nuansami su\u0161en\u00e9ho ovocia, ktor\u00e9 dod\u00e1vaj\u00fa h\u013abku a jas. Z\u00e1\u017eitok vrchol\u00ed hladk\u00fdm, sladk\u00fdm z\u00e1verom, ktor\u00fd nie je ohromuj\u00faci, a umo\u017e\u0148uje pretrv\u00e1vaj\u00facim pra\u017een\u00fdm t\u00f3nom doda\u0165 \u0161trukt\u00faru a eleganciu. V\u00fdsledkom je siln\u00fd, no z\u00e1rove\u0148 rafinovan\u00fd dojem, ktor\u00fd sa vyv\u00edja dlho po poslednom ochutnan\u00ed.<\/p>\n<p>Zestina Dominican Republic 70% je vytvoren\u00e1 pre profesion\u00e1lov, ktor\u00ed vo svojich \u010dokol\u00e1dov\u00fdch v\u00fdtvoroch po\u017eaduj\u00fa intenzitu a sofistikovanos\u0165. Jej v\u00fdrazn\u00fd, \u0161trukt\u00farovan\u00fd profil a aromatick\u00e1 komplexnos\u0165 z nej robia v\u00fdnimo\u010dn\u00fa vo\u013ebu pre aplik\u00e1cie vy\u017eaduj\u00face h\u013abku chuti, ako s\u00fa ganache, pralinky a samostatn\u00e9 degusta\u010dn\u00e9 z\u00e1\u017eitky. T\u00e1to \u010dokol\u00e1da odme\u0148uje t\u00fdch, ktor\u00ed oce\u0148uj\u00fa umenie jemnej premeny kakaa.<\/p>\n<p><strong><br \/>\nChu\u0165ov\u00fd profil<\/strong><\/p>\n<p><img loading=\"lazy\" decoding=\"async\" class=\"alignnone size-medium wp-image-19371\" src=\"https:\/\/www.cokolady.sk\/wp-content\/uploads\/2020\/10\/domingo-300x131.png\" alt=\"\" width=\"300\" height=\"131\" \/><\/p>\n<p><img loading=\"lazy\" decoding=\"async\" class=\"alignnone size-medium wp-image-19372\" src=\"https:\/\/www.cokolady.sk\/wp-content\/uploads\/2020\/10\/domingo2-215x300.png\" alt=\"\" width=\"215\" height=\"300\" \/><\/p>\n<p><strong>Na\u0161e hodnoty<\/strong><\/p>\n<p>Odoln\u00fd duch, rafinovan\u00e9 zmysly. S odvahou a vizion\u00e1rskym in\u0161tinktom,<\/p>\n<p>Charles Barry polo\u017eil z\u00e1klady dne\u0161nej kakaovej a \u010dokol\u00e1dovej infra\u0161trukt\u00fary.<\/p>\n<p>Toto jeho odhodlanie mo\u017eno st\u00e1le n\u00e1js\u0165 aj u na\u0161ich \u013eud\u00ed, ktor\u00ed pokra\u010duj\u00fa v jeho za\u010datej ceste. Rovnako ako na\u0161i z\u00e1kazn\u00edci, aj pestovatelia pou\u017e\u00edvaj\u00fa v\u0161etky svoje zmysly na neust\u00e1le vylep\u0161ovanie techniky a rozv\u00edjanie nov\u00fdch met\u00f3d vo svete kakaa a \u010dokol\u00e1dy, tak aj my neust\u00e1le pracujeme na dosiahnut\u00ed spr\u00e1vnej rovnov\u00e1hy medzi tvrdos\u0165ou a jemnos\u0165ou. Ver\u00edme, \u017ee t\u00e1to rovnov\u00e1ha V\u00e1s bude in\u0161pirova\u0165 a zabezpe\u010d\u00ed na\u0161u spolo\u010dn\u00fa bud\u00facnos\u0165 po nasleduj\u00face desa\u0165ro\u010die.<\/p>\n<p><strong>Na\u0161a misia<\/strong><\/p>\n<p>Pozna\u0165 kakao, pozna\u0165 \u010dokol\u00e1du. Na\u0161\u00edm poslan\u00edm je prin\u00e1\u0161a\u0165 cel\u00fd pr\u00edbeh \u010dokol\u00e1dy, po\u010dn\u00fac od sam\u00e9ho zdroja: kakaa.<\/p>\n<p><strong>Na\u0161a v\u00edzia<\/strong><\/p>\n<p>Poha\u0148an\u00fd viac ako 170 rokov skusenos\u0165ami v oblasti kakaa a \u010dokol\u00e1dy, m\u00e1me hlboko zakorenen\u00e9 pochopenie samotn\u00e9ho po\u010diatku \u010dokol\u00e1dy. To n\u00e1m umo\u017e\u0148uje prinies\u0165 kakao z pozoruhodn\u00fdch miest na svete. Tvrdo pracujeme, aby sme zabezpe\u010dili kakao pre bud\u00face gener\u00e1cie a s chu\u0165ou pracujeme na rozmanitosti kvalitn\u00e9ho kakaa a jemnej \u010dokol\u00e1dy.<\/p>\n<\/div>\n<div><strong>Podmienky skladovania<\/strong><\/div>\n<div>Produkt skladujte v \u010distom a suchom prostred\u00ed (relat\u00edvna vlhkos\u0165 vzduchu max. 70%) a bez z\u00e1pachu.<\/div>\n<div>Skladovacia teplota: 12 &#8211; 20\u00b0C<\/div>\n","protected":false},"excerpt":{"rendered":"<p>&nbsp;<\/p>\n<p><b><span style=\"font-family: Arial\">Balenie: 1 x 2,5kg <strong>drobn\u00e9 kvap\u00f4\u010dky (Callets)\u00a0<\/strong><\/span><\/b><\/p>\n<p>(BOX:4&#215;2,5kg)<\/p>\n","protected":false},"featured_media":15491,"comment_status":"closed","ping_status":"closed","template":"","meta":[],"product_brand":[],"product_cat":[240,163,59,65],"product_tag":[128],"class_list":{"0":"post-15492","1":"product","2":"type-product","3":"status-publish","4":"has-post-thumbnail","6":"product_cat-240","7":"product_cat-cokolada_cacao_barry","8":"product_cat-cokolada-callebaut","9":"product_cat-origin-cokolady","10":"product_tag-cacao-barry","11":"has-post-title","12":"has-post-date","13":"has-post-category","14":"has-post-tag","15":"has-post-comment","16":"has-post-author","17":"","19":"first","20":"instock","21":"taxable","22":"shipping-taxable","23":"purchasable","24":"product-type-simple"},"jetpack_sharing_enabled":true,"builder_content":"","_links":{"self":[{"href":"https:\/\/www.zeus-braun.sk\/index.php\/wp-json\/wp\/v2\/product\/15492","targetHints":{"allow":["GET"]}}],"collection":[{"href":"https:\/\/www.zeus-braun.sk\/index.php\/wp-json\/wp\/v2\/product"}],"about":[{"href":"https:\/\/www.zeus-braun.sk\/index.php\/wp-json\/wp\/v2\/types\/product"}],"replies":[{"embeddable":true,"href":"https:\/\/www.zeus-braun.sk\/index.php\/wp-json\/wp\/v2\/comments?post=15492"}],"wp:featuredmedia":[{"embeddable":true,"href":"https:\/\/www.zeus-braun.sk\/index.php\/wp-json\/wp\/v2\/media\/15491"}],"wp:attachment":[{"href":"https:\/\/www.zeus-braun.sk\/index.php\/wp-json\/wp\/v2\/media?parent=15492"}],"wp:term":[{"taxonomy":"product_brand","embeddable":true,"href":"https:\/\/www.zeus-braun.sk\/index.php\/wp-json\/wp\/v2\/product_brand?post=15492"},{"taxonomy":"product_cat","embeddable":true,"href":"https:\/\/www.zeus-braun.sk\/index.php\/wp-json\/wp\/v2\/product_cat?post=15492"},{"taxonomy":"product_tag","embeddable":true,"href":"https:\/\/www.zeus-braun.sk\/index.php\/wp-json\/wp\/v2\/product_tag?post=15492"}],"curies":[{"name":"wp","href":"https:\/\/api.w.org\/{rel}","templated":true}]}}