{"id":15483,"date":"2026-03-30T12:23:03","date_gmt":"2026-03-30T10:23:03","guid":{"rendered":"https:\/\/www.zeus-braun.sk\/index.php\/produkt\/valrhona-celaya-tekuta-cokolada-1l\/"},"modified":"2026-05-05T11:00:57","modified_gmt":"2026-05-05T09:00:57","slug":"valrhona-celaya-tekuta-cokolada-1l","status":"publish","type":"product","link":"https:\/\/www.zeus-braun.sk\/index.php\/produkt\/valrhona-celaya-tekuta-cokolada-1l\/","title":{"rendered":"Valrhona Celaya tekut\u00e1 \u010dokol\u00e1da 1L"},"content":{"rendered":"<div>\n<p><span style=\"font-family: Arial\">Svetozn\u00e1ma pr\u00e9miov\u00e1 zna\u010dka Valrhona prich\u00e1dza s tekutou verziou ich legend\u00e1rnych \u010dokol\u00e1d. Vychutnajte si lahodn\u00fd n\u00e1poj s plnou chu\u0165ou horkej \u010dokol\u00e1dy, bez pridan\u00e9ho cukru.<\/p>\n<p>\u010cokol\u00e1da je pripraven\u00e1 priamo na pou\u017eitie do v\u00fdrobn\u00edkov hor\u00facej \u010dokol\u00e1dy. Dod\u00e1va sa v tekutej forme v uzatv\u00e1rate\u013en\u00fdch \u0161katuliach po jednom litri \u2013 sta\u010d\u00ed nalia\u0165 do v\u00fdrobn\u00edka hor\u00facej \u010dokol\u00e1dy a zahria\u0165. Ide\u00e1lna teplota na serv\u00edrovanie je 45 \u2013 65 \u00b0C.<\/span><\/p>\n<p><span style=\"font-family: Arial\">Tekut\u00e1 hor\u00faca \u010dokol\u00e1da Celaya je pripraven\u00e1 z \u010dokol\u00e1dy mimoriadnej kvality. Vynik\u00e1 intenz\u00edvnou chu\u0165ou a zamatovou text\u00farou. Chut\u00ed v\u00fdborne samotn\u00e1, ale m\u00f4\u017eete ju pou\u017ei\u0165 aj ako z\u00e1klad hor\u00facich aj studen\u00fdch \u010dokol\u00e1dov\u00fdch n\u00e1pojov s mliekom, smotanou, alkoholom alebo k\u00e1vou. M\u00f4\u017eete ju pou\u017ei\u0165 aj ako z\u00e1klad \u010dokol\u00e1dov\u00fdch dezertov, creme brulee alebo \u010dokol\u00e1dovej zmrzliny.<\/span><\/p>\n<p><span style=\"font-family: Arial\">Hor\u00facu \u010dokol\u00e1du nemus\u00edte pripravova\u0165 len vo v\u00fdrobn\u00edku hor\u00facej \u010dokol\u00e1dy, ale m\u00f4\u017eete ju tie\u017e nalia\u0165 do \u0161\u00e1lky a ohria\u0165 v mikrovlnnej r\u00fare. Otvoren\u00e9 balenie uzavrite uz\u00e1verom, ktor\u00fd je s\u00fa\u010das\u0165ou balenia a uskladn\u00edte v chladni\u010dke na \u010fal\u0161ie pou\u017eitie.<\/span><\/p>\n<p>&nbsp;<\/p>\n<\/div>\n<div><strong>Podmienky skladovania<\/strong><\/div>\n<div>Produkt skladujte v \u010distom a suchom prostred\u00ed (relat\u00edvna vlhkos\u0165 vzduchu max. 70%) a bez z\u00e1pachu.<\/div>\n<div>Skladovacia teplota: 12 &#8211; 20\u00b0C<\/div>\n","protected":false},"excerpt":{"rendered":"<div><span style=\"font-family: Arial\">Svetozn\u00e1ma pr\u00e9miov\u00e1 zna\u010dka Valrhona prich\u00e1dza s tekutou verziou ich legend\u00e1rnych \u010dokol\u00e1d. Vychutnajte si lahodn\u00fd n\u00e1poj s plnou chu\u0165ou horkej \u010dokol\u00e1dy, bez pridan\u00e9ho cukru.<\/span><\/div>\n<p><strong>Balenie: 1 liter<\/strong><\/p>\n","protected":false},"featured_media":15482,"comment_status":"closed","ping_status":"closed","template":"","meta":[],"product_brand":[],"product_cat":[260,240,256,228,255,69],"product_tag":[],"class_list":{"0":"post-15483","1":"product","2":"type-product","3":"status-publish","4":"has-post-thumbnail","6":"product_cat-1kg","7":"product_cat-240","8":"product_cat-cokolada-valrhona","9":"product_cat-novinka","10":"product_cat-valrhona-cokolada","11":"product_cat-horuca-cokolada","12":"has-post-title","13":"has-post-date","14":"has-post-category","15":"has-post-tag","16":"has-post-comment","17":"has-post-author","18":"","20":"first","21":"instock","22":"taxable","23":"shipping-taxable","24":"purchasable","25":"product-type-simple"},"jetpack_sharing_enabled":true,"builder_content":"","_links":{"self":[{"href":"https:\/\/www.zeus-braun.sk\/index.php\/wp-json\/wp\/v2\/product\/15483","targetHints":{"allow":["GET"]}}],"collection":[{"href":"https:\/\/www.zeus-braun.sk\/index.php\/wp-json\/wp\/v2\/product"}],"about":[{"href":"https:\/\/www.zeus-braun.sk\/index.php\/wp-json\/wp\/v2\/types\/product"}],"replies":[{"embeddable":true,"href":"https:\/\/www.zeus-braun.sk\/index.php\/wp-json\/wp\/v2\/comments?post=15483"}],"wp:featuredmedia":[{"embeddable":true,"href":"https:\/\/www.zeus-braun.sk\/index.php\/wp-json\/wp\/v2\/media\/15482"}],"wp:attachment":[{"href":"https:\/\/www.zeus-braun.sk\/index.php\/wp-json\/wp\/v2\/media?parent=15483"}],"wp:term":[{"taxonomy":"product_brand","embeddable":true,"href":"https:\/\/www.zeus-braun.sk\/index.php\/wp-json\/wp\/v2\/product_brand?post=15483"},{"taxonomy":"product_cat","embeddable":true,"href":"https:\/\/www.zeus-braun.sk\/index.php\/wp-json\/wp\/v2\/product_cat?post=15483"},{"taxonomy":"product_tag","embeddable":true,"href":"https:\/\/www.zeus-braun.sk\/index.php\/wp-json\/wp\/v2\/product_tag?post=15483"}],"curies":[{"name":"wp","href":"https:\/\/api.w.org\/{rel}","templated":true}]}}