{"id":15477,"date":"2020-10-14T15:26:52","date_gmt":"2020-10-14T13:26:52","guid":{"rendered":"https:\/\/www.zeus-braun.sk\/index.php\/produkt\/venezuela-72-horka-cokolada-1kg\/"},"modified":"2026-04-24T14:15:08","modified_gmt":"2026-04-24T12:15:08","slug":"venezuela-72-horka-cokolada-1kg","status":"publish","type":"product","link":"https:\/\/www.zeus-braun.sk\/index.php\/produkt\/venezuela-72-horka-cokolada-1kg\/","title":{"rendered":"Venezuela hork\u00e1 \u010dokol\u00e1da 72% 1kg bez Lecit\u00ednu"},"content":{"rendered":"<div>\n<p>Hork\u00e1 \u010dokol\u00e1da Origin Venezuela 72 % pon\u00faka jedine\u010dn\u00fd aromatick\u00fd profil, ktor\u00fd vznik\u00e1 jemnou kombin\u00e1ciou z\u0155n Criollo a Trinitario z najlep\u0161\u00edch venezuelsk\u00fdch oblast\u00ed. Zrn\u00e1 poch\u00e1dzaj\u00fa z regi\u00f3nu Barlovento v\u00fdchodne od Caracasu, zn\u00e1meho pre svoje \u00fadolie \u201eCarenero Superior\u201c, z polostrova Paria v Sucre, zn\u00e1meho pre svoje \u00fadolie \u201eRio Caribe\u201c, a z regi\u00f3nu Maracaibo, zn\u00e1meho pre svoje \u00fadolie \u201eSud del Lago\u201c.<\/p>\n<p>T\u00e1to \u010dokol\u00e1da pon\u00faka dokonal\u00fa rovnov\u00e1hu medzi silnou kakaovou chu\u0165ou a intenz\u00edvnymi drevit\u00fdmi korenist\u00fdmi t\u00f3nmi. T\u00f3ny ol\u00edv a v\u00edna dotv\u00e1raj\u00fa robustn\u00fd charakter tejto \u010dokol\u00e1dy.<\/p>\n<p>T\u00f3ny \u010diernych ol\u00edv &#8211; Chu\u0165 v\u00edna &#8211; Intenz\u00edvna drevit\u00e1 chu\u0165<\/p>\n<p><strong>Na\u0161e hodnoty<\/strong><\/p>\n<p>Odoln\u00fd duch, rafinovan\u00e9 zmysly. S odvahou a vizion\u00e1rskym in\u0161tinktom,<\/p>\n<p>Charles Barry polo\u017eil z\u00e1klady dne\u0161nej kakaovej a \u010dokol\u00e1dovej infra\u0161trukt\u00fary.<\/p>\n<p>Toto jeho odhodlanie mo\u017eno st\u00e1le n\u00e1js\u0165 aj u na\u0161ich \u013eud\u00ed, ktor\u00ed pokra\u010duj\u00fa v jeho za\u010datej ceste. Rovnako ako na\u0161i z\u00e1kazn\u00edci, aj pestovatelia pou\u017e\u00edvaj\u00fa v\u0161etky svoje zmysly na neust\u00e1le vylep\u0161ovanie techniky a rozv\u00edjanie nov\u00fdch met\u00f3d vo svete kakaa a \u010dokol\u00e1dy, tak aj my neust\u00e1le pracujeme na dosiahnut\u00ed spr\u00e1vnej rovnov\u00e1hy medzi tvrdos\u0165ou a jemnos\u0165ou. Ver\u00edme, \u017ee t\u00e1to rovnov\u00e1ha V\u00e1s bude in\u0161pirova\u0165 a zabezpe\u010d\u00ed na\u0161u spolo\u010dn\u00fa bud\u00facnos\u0165 po nasleduj\u00face desa\u0165ro\u010die.<\/p>\n<p><strong>Na\u0161a misia<\/strong><\/p>\n<p>Pozna\u0165 kakao, pozna\u0165 \u010dokol\u00e1du. Na\u0161\u00edm poslan\u00edm je prin\u00e1\u0161a\u0165 cel\u00fd pr\u00edbeh \u010dokol\u00e1dy, po\u010dn\u00fac od sam\u00e9ho zdroja: kakaa.<\/p>\n<p><strong>Na\u0161a v\u00edzia<\/strong><\/p>\n<p>Poha\u0148an\u00fd viac ako 170 rokov skusenos\u0165ami v oblasti kakaa a \u010dokol\u00e1dy, m\u00e1me hlboko zakorenen\u00e9 pochopenie samotn\u00e9ho po\u010diatku \u010dokol\u00e1dy. To n\u00e1m umo\u017e\u0148uje prinies\u0165 kakao z pozoruhodn\u00fdch miest na svete. Tvrdo pracujeme, aby sme zabezpe\u010dili kakao pre bud\u00face gener\u00e1cie a s chu\u0165ou pracujeme na rozmanitosti kvalitn\u00e9ho kakaa a jemnej \u010dokol\u00e1dy.<\/p>\n<\/div>\n<div><strong>Podmienky skladovania<\/strong><\/div>\n<div>Produkt skladujte v \u010distom a suchom prostred\u00ed (relat\u00edvna vlhkos\u0165 vzduchu max. 70%) a bez z\u00e1pachu.<\/div>\n<div>Skladovacia teplota: 12 &#8211; 20\u00b0C<\/div>\n","protected":false},"excerpt":{"rendered":"<p>T\u00f3ny \u010diernych ol\u00edv &#8211; Chu\u0165 v\u00edna &#8211; Intenz\u00edvna drevit\u00e1 chu\u0165<br \/>\nNeobsahuje LECIT\u00cdN.<\/p>\n<p><strong>Balenie: <b><span style=\"font-family: Arial\">drobn\u00e9 kvap\u00f4\u010dky (Callets) <\/span><\/b>1 kg<\/strong><\/p>\n<p>&nbsp;<\/p>\n","protected":false},"featured_media":15480,"comment_status":"closed","ping_status":"closed","template":"","meta":[],"product_brand":[],"product_cat":[240,163,59,65],"product_tag":[128],"class_list":{"0":"post-15477","1":"product","2":"type-product","3":"status-publish","4":"has-post-thumbnail","6":"product_cat-240","7":"product_cat-cokolada_cacao_barry","8":"product_cat-cokolada-callebaut","9":"product_cat-origin-cokolady","10":"product_tag-cacao-barry","11":"has-post-title","12":"has-post-date","13":"has-post-category","14":"has-post-tag","15":"has-post-comment","16":"has-post-author","17":"","19":"first","20":"instock","21":"taxable","22":"shipping-taxable","23":"purchasable","24":"product-type-simple"},"jetpack_sharing_enabled":true,"builder_content":"","_links":{"self":[{"href":"https:\/\/www.zeus-braun.sk\/index.php\/wp-json\/wp\/v2\/product\/15477","targetHints":{"allow":["GET"]}}],"collection":[{"href":"https:\/\/www.zeus-braun.sk\/index.php\/wp-json\/wp\/v2\/product"}],"about":[{"href":"https:\/\/www.zeus-braun.sk\/index.php\/wp-json\/wp\/v2\/types\/product"}],"replies":[{"embeddable":true,"href":"https:\/\/www.zeus-braun.sk\/index.php\/wp-json\/wp\/v2\/comments?post=15477"}],"wp:featuredmedia":[{"embeddable":true,"href":"https:\/\/www.zeus-braun.sk\/index.php\/wp-json\/wp\/v2\/media\/15480"}],"wp:attachment":[{"href":"https:\/\/www.zeus-braun.sk\/index.php\/wp-json\/wp\/v2\/media?parent=15477"}],"wp:term":[{"taxonomy":"product_brand","embeddable":true,"href":"https:\/\/www.zeus-braun.sk\/index.php\/wp-json\/wp\/v2\/product_brand?post=15477"},{"taxonomy":"product_cat","embeddable":true,"href":"https:\/\/www.zeus-braun.sk\/index.php\/wp-json\/wp\/v2\/product_cat?post=15477"},{"taxonomy":"product_tag","embeddable":true,"href":"https:\/\/www.zeus-braun.sk\/index.php\/wp-json\/wp\/v2\/product_tag?post=15477"}],"curies":[{"name":"wp","href":"https:\/\/api.w.org\/{rel}","templated":true}]}}