{"id":15394,"date":"2020-10-14T15:27:35","date_gmt":"2020-10-14T13:27:35","guid":{"rendered":"https:\/\/www.zeus-braun.sk\/?post_type=product&#038;p=15394"},"modified":"2026-04-24T14:15:03","modified_gmt":"2026-04-24T12:15:03","slug":"marcipan-50-mandli","status":"publish","type":"product","link":"https:\/\/www.zeus-braun.sk\/index.php\/produkt\/marcipan-50-mandli\/","title":{"rendered":"Marcip\u00e1n 45% 1,75kg"},"content":{"rendered":"<div class=\"col-sm-8\">\n<div class=\"tab-content\">\n<div id=\"tab-description\" class=\"tab-pane active\">\n<p>Tento marcip\u00e1n je vhodn\u00fd aj do kr\u00e9mov a kr\u00e1jan\u00fdch praliniek. Kr\u00e1jan\u00e9 pralinky nikdy neboli jednoduch\u0161ie.<\/p>\n<p><b>Podmienky skladovania:<\/b><\/p>\n<p>skladova\u0165 do max. 20 \u00b0 C v suchom, uzavretom priestore, v p\u00f4vodnom obale, chr\u00e1\u0148te pred mrazom a priamym slne\u010dn\u00fdm svetlom.<\/p>\n<\/div>\n<\/div>\n<\/div>\n<div class=\"col-sm-4\">\n<div class=\"btn-group\"><\/div>\n<\/div>\n","protected":false},"excerpt":{"rendered":"<p>Mand\u013eov\u00fd Marcip\u00e1n<\/p>\n<p><strong>Balenie: 1,75kg\u00a0<\/strong><\/p>\n<p><span style=\"color: #800000\">Cena za 1kg 13,79\u20ac bez DPH (16,96\u20ac s DPH)<\/span><\/p>\n<p>&nbsp;<\/p>\n","protected":false},"featured_media":15403,"comment_status":"closed","ping_status":"closed","template":"","meta":[],"product_brand":[],"product_cat":[239,224,228,254,54,169,31],"product_tag":[],"class_list":{"0":"post-15394","1":"product","2":"type-product","3":"status-publish","4":"has-post-thumbnail","6":"product_cat-239","7":"product_cat-frontpage","8":"product_cat-novinka","9":"product_cat-sosa","10":"product_cat-orieskove-pasty","11":"product_cat-mandlova-muka","12":"product_cat-zmesi-na-pecenie","13":"has-post-title","14":"has-post-date","15":"has-post-category","16":"has-post-tag","17":"has-post-comment","18":"has-post-author","19":"","21":"first","22":"instock","23":"taxable","24":"shipping-taxable","25":"purchasable","26":"product-type-simple"},"jetpack_sharing_enabled":true,"builder_content":"","_links":{"self":[{"href":"https:\/\/www.zeus-braun.sk\/index.php\/wp-json\/wp\/v2\/product\/15394","targetHints":{"allow":["GET"]}}],"collection":[{"href":"https:\/\/www.zeus-braun.sk\/index.php\/wp-json\/wp\/v2\/product"}],"about":[{"href":"https:\/\/www.zeus-braun.sk\/index.php\/wp-json\/wp\/v2\/types\/product"}],"replies":[{"embeddable":true,"href":"https:\/\/www.zeus-braun.sk\/index.php\/wp-json\/wp\/v2\/comments?post=15394"}],"wp:featuredmedia":[{"embeddable":true,"href":"https:\/\/www.zeus-braun.sk\/index.php\/wp-json\/wp\/v2\/media\/15403"}],"wp:attachment":[{"href":"https:\/\/www.zeus-braun.sk\/index.php\/wp-json\/wp\/v2\/media?parent=15394"}],"wp:term":[{"taxonomy":"product_brand","embeddable":true,"href":"https:\/\/www.zeus-braun.sk\/index.php\/wp-json\/wp\/v2\/product_brand?post=15394"},{"taxonomy":"product_cat","embeddable":true,"href":"https:\/\/www.zeus-braun.sk\/index.php\/wp-json\/wp\/v2\/product_cat?post=15394"},{"taxonomy":"product_tag","embeddable":true,"href":"https:\/\/www.zeus-braun.sk\/index.php\/wp-json\/wp\/v2\/product_tag?post=15394"}],"curies":[{"name":"wp","href":"https:\/\/api.w.org\/{rel}","templated":true}]}}