{"id":15272,"date":"2020-10-14T15:26:51","date_gmt":"2020-10-14T13:26:51","guid":{"rendered":"https:\/\/www.zeus-braun.sk\/?post_type=product&#038;p=15272"},"modified":"2026-04-24T14:14:59","modified_gmt":"2026-04-24T12:14:59","slug":"equador-origin-mliecna-cokolada-39-2-5kg","status":"publish","type":"product","link":"https:\/\/www.zeus-braun.sk\/index.php\/produkt\/equador-origin-mliecna-cokolada-39-2-5kg\/","title":{"rendered":"Ekv\u00e1dor Origin mlie\u010dna \u010dokol\u00e1da 39% 2,5kg"},"content":{"rendered":"<p style=\"font-weight: 400\">T\u00e1to mlie\u010dna \u010dokol\u00e1da chut\u00ed ve\u013emi zaoblene a prin\u00e1\u0161a v\u00e1m intenz\u00edvnu kakaov\u00fa chu\u0165. Mlie\u010dne t\u00f3ny sprev\u00e1dzan\u00e9 v\u00f4\u0148ou karamelu, s\u00fa skvel\u00fdm doplnkom pra\u017eenej chuti kakaa.<\/p>\n<p style=\"font-weight: 400\">Ekv\u00e1dorsk\u00ed farm\u00e1ri investovali do techn\u00edk kultiv\u00e1cie, ferment\u00e1cia a su\u0161enia, v\u00fdsledkom \u010doho s\u00fa kakaov\u00e9 b\u00f4by s \u00fa\u017easn\u00fdmi senzorick\u00fdmi vlastnos\u0165ami.<\/p>\n<p style=\"font-weight: 400\">T\u00e1to mlie\u010dna \u010dokol\u00e1da je vynikaj\u00facou vo\u013ebou ako tak\u00e1, ale m\u00f4\u017ee by\u0165 pou\u017eit\u00e1 aj v \u0161irokom rozsahu pou\u017eitia, od ganache, po peny, kr\u00e9my, alebo om\u00e1\u010dky.<\/p>\n<div><\/div>\n<div><strong>Podmienky skladovania<\/strong><\/div>\n<div>Produkt skladujte v \u010distom a suchom prostred\u00ed (relat\u00edvna vlhkos\u0165 vzduchu max. 70%) a bez z\u00e1pachu.<\/div>\n<div>Skladovacia teplota: 12 &#8211; 20\u00b0C<\/div>\n","protected":false},"excerpt":{"rendered":"<p>\u010cokol\u00e1da Equador je vynikaj\u00faca vo\u013ebou ako tak\u00e1, ale m\u00f4\u017ee by\u0165 pou\u017eit\u00e1 aj v \u0161irokom rozsahu pou\u017eitia, od ganache po peny, kr\u00e9my alebo om\u00e1\u010dky.<\/p>\n<p><b><span style=\"font-family: Arial\">Balenie: 1 x 2,5kg <strong>drobn\u00e9 kvap\u00f4\u010dky (Callets) <\/strong>\u00a0<\/span><\/b><\/p>\n<p>(BOX:4&#215;2,5kg)<\/p>\n","protected":false},"featured_media":15271,"comment_status":"closed","ping_status":"closed","template":"","meta":[],"product_brand":[],"product_cat":[240,59,65],"product_tag":[57],"class_list":{"0":"post-15272","1":"product","2":"type-product","3":"status-publish","4":"has-post-thumbnail","6":"product_cat-240","7":"product_cat-cokolada-callebaut","8":"product_cat-origin-cokolady","9":"product_tag-barry-callebaut","10":"has-post-title","11":"has-post-date","12":"has-post-category","13":"has-post-tag","14":"has-post-comment","15":"has-post-author","16":"","18":"first","19":"instock","20":"taxable","21":"shipping-taxable","22":"purchasable","23":"product-type-simple"},"jetpack_sharing_enabled":true,"builder_content":"","_links":{"self":[{"href":"https:\/\/www.zeus-braun.sk\/index.php\/wp-json\/wp\/v2\/product\/15272","targetHints":{"allow":["GET"]}}],"collection":[{"href":"https:\/\/www.zeus-braun.sk\/index.php\/wp-json\/wp\/v2\/product"}],"about":[{"href":"https:\/\/www.zeus-braun.sk\/index.php\/wp-json\/wp\/v2\/types\/product"}],"replies":[{"embeddable":true,"href":"https:\/\/www.zeus-braun.sk\/index.php\/wp-json\/wp\/v2\/comments?post=15272"}],"wp:featuredmedia":[{"embeddable":true,"href":"https:\/\/www.zeus-braun.sk\/index.php\/wp-json\/wp\/v2\/media\/15271"}],"wp:attachment":[{"href":"https:\/\/www.zeus-braun.sk\/index.php\/wp-json\/wp\/v2\/media?parent=15272"}],"wp:term":[{"taxonomy":"product_brand","embeddable":true,"href":"https:\/\/www.zeus-braun.sk\/index.php\/wp-json\/wp\/v2\/product_brand?post=15272"},{"taxonomy":"product_cat","embeddable":true,"href":"https:\/\/www.zeus-braun.sk\/index.php\/wp-json\/wp\/v2\/product_cat?post=15272"},{"taxonomy":"product_tag","embeddable":true,"href":"https:\/\/www.zeus-braun.sk\/index.php\/wp-json\/wp\/v2\/product_tag?post=15272"}],"curies":[{"name":"wp","href":"https:\/\/api.w.org\/{rel}","templated":true}]}}