{"id":15264,"date":"2024-01-11T14:28:51","date_gmt":"2024-01-11T13:28:51","guid":{"rendered":"https:\/\/www.zeus-braun.sk\/index.php\/produkt\/orieskove-praline-s-mandlami-10kg\/"},"modified":"2026-04-24T14:14:29","modified_gmt":"2026-04-24T12:14:29","slug":"orieskove-praline-s-mandlami-10kg","status":"publish","type":"product","link":"https:\/\/www.zeus-braun.sk\/index.php\/produkt\/orieskove-praline-s-mandlami-10kg\/","title":{"rendered":"Orie\u0161kov\u00e9 pralin\u00e9 s mand\u013eami 10kg"},"content":{"rendered":"<p style=\"font-weight: 400\">Mand\u013eov\u00e9 pralin\u00e9 vyroben\u00e9 z prvotriednych mandl\u00ed a lieskov\u00fdch orie\u0161kov, a milovan\u00e1 pre vynikaj\u00facu trad\u00edciu ru\u010dnej v\u00fdroby.<\/p>\n<p style=\"font-weight: 400\">Pralin\u00e9 Amandes Noisettes sa ve\u013emi dobre p\u00e1ruj\u00fa s jemnej\u0161\u00edmi \u010dokol\u00e1dami, menej sladk\u00fdmi s nie pr\u00edli\u0161 vysok\u00fdm obsahom kakaa, aby vynikli mand\u013eov\u00e9 t\u00f3ny. \u010ealej je dokonal\u00e1 pre dochucovanie kr\u00e9mov, pien a zmrzl\u00edn.<\/p>\n<p style=\"font-weight: 400\"><b><strong>Podmienky skladovania:\u00a0<\/strong><\/b>Nevystavujte priamemu slne\u010dn\u00e9mu \u017eiareniu, skladujte na suchom mieste bez v\u00f4n\u00ed a pachov, pri teplote 12 \u2013 20 \u00b0C a relat\u00edvnej vlhkosti do 70 %.<\/p>\n","protected":false},"excerpt":{"rendered":"<p style=\"font-weight: 400\">Pasta orie\u0161kov\u00e1, sladen\u00e1. Obsahuje 25 % lieskov\u00fdch orie\u0161kov a 25 % mandl\u00ed.<\/p>\n<p style=\"font-weight: 400\"><b><strong>Balenie: 5 kg<\/strong><\/b><\/p>\n","protected":false},"featured_media":15262,"comment_status":"closed","ping_status":"closed","template":"","meta":[],"product_brand":[],"product_cat":[239,229,54,47],"product_tag":[247],"class_list":{"0":"post-15264","1":"product","2":"type-product","3":"status-publish","4":"has-post-thumbnail","6":"product_cat-239","7":"product_cat-hotove-plnky","8":"product_cat-orieskove-pasty","9":"product_cat-plnky-do-praliniek","10":"product_tag-valrhona","11":"has-post-title","12":"has-post-date","13":"has-post-category","14":"has-post-tag","15":"has-post-comment","16":"has-post-author","17":"","19":"first","20":"instock","21":"taxable","22":"shipping-taxable","23":"purchasable","24":"product-type-simple"},"jetpack_sharing_enabled":true,"builder_content":"","_links":{"self":[{"href":"https:\/\/www.zeus-braun.sk\/index.php\/wp-json\/wp\/v2\/product\/15264","targetHints":{"allow":["GET"]}}],"collection":[{"href":"https:\/\/www.zeus-braun.sk\/index.php\/wp-json\/wp\/v2\/product"}],"about":[{"href":"https:\/\/www.zeus-braun.sk\/index.php\/wp-json\/wp\/v2\/types\/product"}],"replies":[{"embeddable":true,"href":"https:\/\/www.zeus-braun.sk\/index.php\/wp-json\/wp\/v2\/comments?post=15264"}],"wp:featuredmedia":[{"embeddable":true,"href":"https:\/\/www.zeus-braun.sk\/index.php\/wp-json\/wp\/v2\/media\/15262"}],"wp:attachment":[{"href":"https:\/\/www.zeus-braun.sk\/index.php\/wp-json\/wp\/v2\/media?parent=15264"}],"wp:term":[{"taxonomy":"product_brand","embeddable":true,"href":"https:\/\/www.zeus-braun.sk\/index.php\/wp-json\/wp\/v2\/product_brand?post=15264"},{"taxonomy":"product_cat","embeddable":true,"href":"https:\/\/www.zeus-braun.sk\/index.php\/wp-json\/wp\/v2\/product_cat?post=15264"},{"taxonomy":"product_tag","embeddable":true,"href":"https:\/\/www.zeus-braun.sk\/index.php\/wp-json\/wp\/v2\/product_tag?post=15264"}],"curies":[{"name":"wp","href":"https:\/\/api.w.org\/{rel}","templated":true}]}}