{"id":151,"date":"2020-10-14T15:26:38","date_gmt":"2020-10-14T13:26:38","guid":{"rendered":"https:\/\/www.zeus-braun.sk\/?post_type=product&#038;p=151"},"modified":"2026-04-30T14:02:28","modified_gmt":"2026-04-30T12:02:28","slug":"cristaline-cokolada","status":"publish","type":"product","link":"https:\/\/www.zeus-braun.sk\/index.php\/produkt\/cristaline-cokolada\/","title":{"rendered":"Cristaline \u010dokol\u00e1da 4kg"},"content":{"rendered":"<p>Leskl\u00fd dekora\u010dn\u00fd g\u00e9l na priame pou\u017eite s \u010dokol\u00e1dovou pr\u00edchu\u0165ou.<\/p>\n<p><span style=\"color: #666666\">G\u00e9l ma vysok\u00fd lesk a chr\u00e1ni dezert pred vys\u00fa\u0161an\u00edm. Vn\u00e1\u0161a \u010derstvos\u0165 a exkluzivitu va\u0161im v\u00fdrobkom.<\/span><\/p>\n<p><span style=\"color: #666666\"><b>Podmienky skladovania:<\/b><\/span><\/p>\n<p><span style=\"color: #666666\">skladova\u0165 do max. 20 \u00b0 C v suchom, uzavretom priestore, v p\u00f4vodnom obale, chr\u00e1\u0148te pred mrazom a priamym slne\u010dn\u00fdm svetlom.<\/span><\/p>\n","protected":false},"excerpt":{"rendered":"<p>Leskl\u00fd dekora\u010dn\u00fd g\u00e9l na priame pou\u017eitie s jemnou \u010dokol\u00e1dovou pr\u00edchu\u0165ou.<\/p>\n<p><span style=\"color: #666666\">G\u00e9l ma vysok\u00fd lesk a chr\u00e1ni dezert pred vys\u00fa\u0161anim. Vn\u00e1\u0161a \u010derstvos\u0165 a exkluzivitu va\u0161im v\u00fdrobkom.<\/span><\/p>\n<p>&nbsp;<\/p>\n<p><b>Balenie: 4 kg<\/b><\/p>\n","protected":false},"featured_media":11550,"comment_status":"closed","ping_status":"closed","template":"","meta":[],"product_brand":[],"product_cat":[240,48],"product_tag":[33],"class_list":{"0":"post-151","1":"product","2":"type-product","3":"status-publish","4":"has-post-thumbnail","6":"product_cat-240","7":"product_cat-polevy","8":"product_tag-martin-braun-kg","9":"has-post-title","10":"has-post-date","11":"has-post-category","12":"has-post-tag","13":"has-post-comment","14":"has-post-author","15":"","17":"first","18":"instock","19":"taxable","20":"shipping-taxable","21":"purchasable","22":"product-type-simple"},"jetpack_sharing_enabled":true,"builder_content":"","_links":{"self":[{"href":"https:\/\/www.zeus-braun.sk\/index.php\/wp-json\/wp\/v2\/product\/151","targetHints":{"allow":["GET"]}}],"collection":[{"href":"https:\/\/www.zeus-braun.sk\/index.php\/wp-json\/wp\/v2\/product"}],"about":[{"href":"https:\/\/www.zeus-braun.sk\/index.php\/wp-json\/wp\/v2\/types\/product"}],"replies":[{"embeddable":true,"href":"https:\/\/www.zeus-braun.sk\/index.php\/wp-json\/wp\/v2\/comments?post=151"}],"wp:featuredmedia":[{"embeddable":true,"href":"https:\/\/www.zeus-braun.sk\/index.php\/wp-json\/wp\/v2\/media\/11550"}],"wp:attachment":[{"href":"https:\/\/www.zeus-braun.sk\/index.php\/wp-json\/wp\/v2\/media?parent=151"}],"wp:term":[{"taxonomy":"product_brand","embeddable":true,"href":"https:\/\/www.zeus-braun.sk\/index.php\/wp-json\/wp\/v2\/product_brand?post=151"},{"taxonomy":"product_cat","embeddable":true,"href":"https:\/\/www.zeus-braun.sk\/index.php\/wp-json\/wp\/v2\/product_cat?post=151"},{"taxonomy":"product_tag","embeddable":true,"href":"https:\/\/www.zeus-braun.sk\/index.php\/wp-json\/wp\/v2\/product_tag?post=151"}],"curies":[{"name":"wp","href":"https:\/\/api.w.org\/{rel}","templated":true}]}}