{"id":14931,"date":"2025-10-06T14:19:20","date_gmt":"2025-10-06T12:19:20","guid":{"rendered":"https:\/\/www.zeus-braun.sk\/index.php\/produkt\/platkova-zelatina-2kg\/"},"modified":"2026-04-29T12:55:53","modified_gmt":"2026-04-29T10:55:53","slug":"platkova-zelatina-2kg","status":"publish","type":"product","link":"https:\/\/www.zeus-braun.sk\/index.php\/produkt\/platkova-zelatina-2kg\/","title":{"rendered":"Pl\u00e1tkov\u00e1 \u017eelatina 230gB 2kg"},"content":{"rendered":"<div class=\"col-sm-8\">\n<div class=\"tab-content\">\n<div id=\"tab-description\" class=\"tab-pane active\">\n<p>Pl\u00e1tkov\u00e1 potravin\u00e1rska brav\u010dov\u00e1 \u017eelat\u00edna 230gB, ur\u010den\u00e1 pre potravin\u00e1rsky priemysel.<\/p>\n<p><b>Odpor\u00fa\u010dan\u00e9 skladovacie podmienky<\/b><\/p>\n<p>Teplota: 12-20\u00b0C<\/p>\n<p>Relat\u00edvna vlhkos\u0165: &lt;70%<\/p>\n<p>V\u00fdrobky by mali by\u0165 chr\u00e1nen\u00e9 pred vzduchom a svetlom a skladovan\u00e9 na mieste bez z\u00e1pachu<\/p>\n<p>\u017delat\u00ednu necha\u0165 napu\u010da\u0165 v studenej vode, a pomaly rozpusti\u0165 vo vodnom k\u00fapeli\/ovocnom pyr\u00e9\/mousse, max na 70\u00b0C.<\/p>\n<\/div>\n<\/div>\n<\/div>\n","protected":false},"excerpt":{"rendered":"<p>Pl\u00e1tkov\u00e1 potravin\u00e1rska brav\u010dov\u00e1 \u017eelat\u00edna 230gB, ur\u010den\u00e1 pre potravin\u00e1rsky priemysel.<\/p>\n<p><b>Balenie: 2 kg<\/b><\/p>\n","protected":false},"featured_media":14928,"comment_status":"closed","ping_status":"closed","template":"","meta":[],"product_brand":[],"product_cat":[240,224,177,79],"product_tag":[],"class_list":{"0":"post-14931","1":"product","2":"type-product","3":"status-publish","4":"has-post-thumbnail","6":"product_cat-240","7":"product_cat-frontpage","8":"product_cat-pre-kucharov","9":"product_cat-zelatina","10":"has-post-title","11":"has-post-date","12":"has-post-category","13":"has-post-tag","14":"has-post-comment","15":"has-post-author","16":"","18":"first","19":"instock","20":"taxable","21":"shipping-taxable","22":"purchasable","23":"product-type-simple"},"jetpack_sharing_enabled":true,"builder_content":"","_links":{"self":[{"href":"https:\/\/www.zeus-braun.sk\/index.php\/wp-json\/wp\/v2\/product\/14931","targetHints":{"allow":["GET"]}}],"collection":[{"href":"https:\/\/www.zeus-braun.sk\/index.php\/wp-json\/wp\/v2\/product"}],"about":[{"href":"https:\/\/www.zeus-braun.sk\/index.php\/wp-json\/wp\/v2\/types\/product"}],"replies":[{"embeddable":true,"href":"https:\/\/www.zeus-braun.sk\/index.php\/wp-json\/wp\/v2\/comments?post=14931"}],"wp:featuredmedia":[{"embeddable":true,"href":"https:\/\/www.zeus-braun.sk\/index.php\/wp-json\/wp\/v2\/media\/14928"}],"wp:attachment":[{"href":"https:\/\/www.zeus-braun.sk\/index.php\/wp-json\/wp\/v2\/media?parent=14931"}],"wp:term":[{"taxonomy":"product_brand","embeddable":true,"href":"https:\/\/www.zeus-braun.sk\/index.php\/wp-json\/wp\/v2\/product_brand?post=14931"},{"taxonomy":"product_cat","embeddable":true,"href":"https:\/\/www.zeus-braun.sk\/index.php\/wp-json\/wp\/v2\/product_cat?post=14931"},{"taxonomy":"product_tag","embeddable":true,"href":"https:\/\/www.zeus-braun.sk\/index.php\/wp-json\/wp\/v2\/product_tag?post=14931"}],"curies":[{"name":"wp","href":"https:\/\/api.w.org\/{rel}","templated":true}]}}