{"id":14879,"date":"2025-09-24T12:19:11","date_gmt":"2025-09-24T10:19:11","guid":{"rendered":"https:\/\/www.zeus-braun.sk\/?post_type=product&#038;p=14879"},"modified":"2026-04-24T14:14:38","modified_gmt":"2026-04-24T12:14:38","slug":"dekoracia-stvorec-3-druhy-126ks","status":"publish","type":"product","link":"https:\/\/www.zeus-braun.sk\/index.php\/produkt\/dekoracia-stvorec-3-druhy-126ks\/","title":{"rendered":"Dekor\u00e1cia \u0161tvorec 3 druhy 126ks"},"content":{"rendered":"<p>100% \u010dokol\u00e1dov\u00e9, delik\u00e1tne tvoren\u00e9 ozdoby s atrakt\u00edvnym vzorom, bohat\u00e9 na \u010dokol\u00e1dov\u00fa chu\u0165. Ide\u00e1lne na pou\u017eitie na choux, \u00e9clairoch a in\u00fdch dezertoch.\u00a0 V\u00fdber je na tebe!<\/p>\n<p>Rozmer: 43 x 32 mm<\/p>\n<p><b>Podmienky skladovania:<\/b><\/p>\n<p>skladova\u0165 do max. 20 \u00b0 C v suchom, uzavretom priestore, v p\u00f4vodnom obale, chr\u00e1\u0148te pred mrazom a priamym slne\u010dn\u00fdm svetlom.<\/p>\n","protected":false},"excerpt":{"rendered":"<p>\u010cokol\u00e1dov\u00e1 ozdoba vyroben\u00e1 z jemnej horkej \u010dokol\u00e1dy ur\u010den\u00e1 na dezerty.<\/p>\n<p>Rozmer: 20 x 20 mm<\/p>\n<p><b><span style=\"font-family: Arial\">Balenie: 126 ks\u00a0<\/span><\/b><\/p>\n<p>&nbsp;<\/p>\n","protected":false},"featured_media":14876,"comment_status":"closed","ping_status":"closed","template":"","meta":[],"product_brand":[],"product_cat":[240,179,78,55,160],"product_tag":[247],"class_list":{"0":"post-14879","1":"product","2":"type-product","3":"status-publish","4":"has-post-thumbnail","6":"product_cat-240","7":"product_cat-vianocny_vyber","8":"product_cat-vianoce","9":"product_cat-posypy-a-dekoracie","10":"product_cat-kategorie","11":"product_tag-valrhona","12":"has-post-title","13":"has-post-date","14":"has-post-category","15":"has-post-tag","16":"has-post-comment","17":"has-post-author","18":"","20":"first","21":"instock","22":"taxable","23":"shipping-taxable","24":"purchasable","25":"product-type-simple"},"jetpack_sharing_enabled":true,"builder_content":"","_links":{"self":[{"href":"https:\/\/www.zeus-braun.sk\/index.php\/wp-json\/wp\/v2\/product\/14879","targetHints":{"allow":["GET"]}}],"collection":[{"href":"https:\/\/www.zeus-braun.sk\/index.php\/wp-json\/wp\/v2\/product"}],"about":[{"href":"https:\/\/www.zeus-braun.sk\/index.php\/wp-json\/wp\/v2\/types\/product"}],"replies":[{"embeddable":true,"href":"https:\/\/www.zeus-braun.sk\/index.php\/wp-json\/wp\/v2\/comments?post=14879"}],"wp:featuredmedia":[{"embeddable":true,"href":"https:\/\/www.zeus-braun.sk\/index.php\/wp-json\/wp\/v2\/media\/14876"}],"wp:attachment":[{"href":"https:\/\/www.zeus-braun.sk\/index.php\/wp-json\/wp\/v2\/media?parent=14879"}],"wp:term":[{"taxonomy":"product_brand","embeddable":true,"href":"https:\/\/www.zeus-braun.sk\/index.php\/wp-json\/wp\/v2\/product_brand?post=14879"},{"taxonomy":"product_cat","embeddable":true,"href":"https:\/\/www.zeus-braun.sk\/index.php\/wp-json\/wp\/v2\/product_cat?post=14879"},{"taxonomy":"product_tag","embeddable":true,"href":"https:\/\/www.zeus-braun.sk\/index.php\/wp-json\/wp\/v2\/product_tag?post=14879"}],"curies":[{"name":"wp","href":"https:\/\/api.w.org\/{rel}","templated":true}]}}