{"id":14875,"date":"2025-09-29T14:56:35","date_gmt":"2025-09-29T12:56:35","guid":{"rendered":"https:\/\/www.zeus-braun.sk\/index.php\/produkt\/hobliny-male-horke-1kg-2\/"},"modified":"2026-04-30T14:11:18","modified_gmt":"2026-04-30T12:11:18","slug":"hobliny-tmave-2kg","status":"publish","type":"product","link":"https:\/\/www.zeus-braun.sk\/index.php\/produkt\/hobliny-tmave-2kg\/","title":{"rendered":"Hobliny tmav\u00e9 2kg"},"content":{"rendered":"<p><span style=\"color: #3b4a4b;font-family: Montserrat, Trebuchet MS, Helvetica, sans-serif\">Sto\u010den\u00e9 k\u00fasky tmavej \u010dokol\u00e1dy, ktor\u00e9 prid\u00e1vaj\u00fa sviato\u010dn\u00fd a sofistikovan\u00fd vzh\u013ead ka\u017ed\u00e9mu dezertu.<\/span><\/p>\n<p><span style=\"color: #3b4a4b;font-family: Montserrat, Trebuchet MS, Helvetica, sans-serif\">V\u010faka svojmu elegantn\u00e9mu vzh\u013eadu s\u00fa tieto mal\u00e9 ku\u010dery ve\u013emi vhodn\u00e9 na zdobenie.<\/span><\/p>\n<p><span style=\"font-family: Arial\">Podmienky skladovania:\u00a0Nevystavujte priamemu slne\u010dn\u00e9mu \u017eiareniu, skladujte na suchom mieste bez v\u00f4n\u00ed a pachov, pri teplote 12 \u2013 20 \u00b0C a relat\u00edvnej vlhkosti do 70 %.<\/span><\/p>\n","protected":false},"excerpt":{"rendered":"<p><span style=\"color: #3b4a4b;font-family: Montserrat, Trebuchet MS, Helvetica, sans-serif\">Sto\u010den\u00e9 k\u00fasky tmavej \u010dokol\u00e1dy, ktor\u00e9 prid\u00e1vaj\u00fa sviato\u010dn\u00fd a sofistikovan\u00fd vzh\u013ead ka\u017ed\u00e9mu dezertu.<\/span><\/p>\n<p><b><span style=\"font-family: Arial\">Balenie: 2kg\u00a0<\/span><\/b><\/p>\n<p>&nbsp;<\/p>\n","protected":false},"featured_media":14873,"comment_status":"closed","ping_status":"closed","template":"","meta":[],"product_brand":[],"product_cat":[240,55,56,58],"product_tag":[247],"class_list":{"0":"post-14875","1":"product","2":"type-product","3":"status-publish","4":"has-post-thumbnail","6":"product_cat-240","7":"product_cat-posypy-a-dekoracie","8":"product_cat-hobliny","9":"product_cat-posypy","10":"product_tag-valrhona","11":"has-post-title","12":"has-post-date","13":"has-post-category","14":"has-post-tag","15":"has-post-comment","16":"has-post-author","17":"","19":"first","20":"instock","21":"taxable","22":"shipping-taxable","23":"purchasable","24":"product-type-simple"},"jetpack_sharing_enabled":true,"builder_content":"","_links":{"self":[{"href":"https:\/\/www.zeus-braun.sk\/index.php\/wp-json\/wp\/v2\/product\/14875","targetHints":{"allow":["GET"]}}],"collection":[{"href":"https:\/\/www.zeus-braun.sk\/index.php\/wp-json\/wp\/v2\/product"}],"about":[{"href":"https:\/\/www.zeus-braun.sk\/index.php\/wp-json\/wp\/v2\/types\/product"}],"replies":[{"embeddable":true,"href":"https:\/\/www.zeus-braun.sk\/index.php\/wp-json\/wp\/v2\/comments?post=14875"}],"wp:featuredmedia":[{"embeddable":true,"href":"https:\/\/www.zeus-braun.sk\/index.php\/wp-json\/wp\/v2\/media\/14873"}],"wp:attachment":[{"href":"https:\/\/www.zeus-braun.sk\/index.php\/wp-json\/wp\/v2\/media?parent=14875"}],"wp:term":[{"taxonomy":"product_brand","embeddable":true,"href":"https:\/\/www.zeus-braun.sk\/index.php\/wp-json\/wp\/v2\/product_brand?post=14875"},{"taxonomy":"product_cat","embeddable":true,"href":"https:\/\/www.zeus-braun.sk\/index.php\/wp-json\/wp\/v2\/product_cat?post=14875"},{"taxonomy":"product_tag","embeddable":true,"href":"https:\/\/www.zeus-braun.sk\/index.php\/wp-json\/wp\/v2\/product_tag?post=14875"}],"curies":[{"name":"wp","href":"https:\/\/api.w.org\/{rel}","templated":true}]}}