{"id":14789,"date":"2025-08-28T11:10:00","date_gmt":"2025-08-28T09:10:00","guid":{"rendered":"https:\/\/www.zeus-braun.sk\/index.php\/produkt\/kakaove-maslo-drops-850g-2-2\/"},"modified":"2026-04-24T14:14:27","modified_gmt":"2026-04-24T12:14:27","slug":"kakaove-maslo-drops-850g-2","status":"publish","type":"product","link":"https:\/\/www.zeus-braun.sk\/index.php\/produkt\/kakaove-maslo-drops-850g-2\/","title":{"rendered":"Kakaov\u00e9 maslo Akad\u00e9mia 1kg"},"content":{"rendered":"<div class=\"col-sm-8\">\n<div class=\"tab-content\">\n<div id=\"tab-description\" class=\"tab-pane active\">\n<p style=\"font-weight: 400\">K\u013e\u00fa\u010dov\u00e1 zlo\u017eka pre ka\u017ed\u00e9ho kreat\u00edvneho \u0161\u00e9fkuch\u00e1ra vytv\u00e1raj\u00faceho \u010dokol\u00e1dov\u00e9 v\u00fdrobky. Jednoduch\u00e9 pou\u017eitie v\u010faka forme diskov ktor\u00e1 u\u013eah\u010duje rozt\u00e1panie.<\/p>\n<p style=\"font-weight: 400\">Kakaov\u00e9 maslo v\u00e1m tie\u017e umo\u017e\u0148uje upravi\u0165 tekutos\u0165 va\u0161ej \u010dokol\u00e1dy: pridajte od 1 do 8% kakaov\u00e9ho masla do celkov\u00e9ho objemu va\u0161ej \u010dokol\u00e1dy a vytvor\u00edte tak o trochu tekutej\u0161iu \u010dokol\u00e1du, ktor\u00e1 je ide\u00e1lna pre tenk\u00e9 a\u017e ve\u013emi tenk\u00e9 tvarov\u00e9 lisovanie a polievanie. \u010ealej zlep\u0161uje lesk a lom va\u0161ej \u010dokol\u00e1dy pri pou\u017eit\u00ed v tvarovo lisovan\u00fdch a polievan\u00fdch cukrovink\u00e1ch.<\/p>\n<p style=\"font-weight: 400\"><b><strong>Podmienky skladovania:\u00a0<\/strong><\/b>Nevystavujte priamemu slne\u010dn\u00e9mu \u017eiareniu, skladujte na suchom mieste bez v\u00f4n\u00ed a pachov, pri teplote 12 \u2013 20 \u00b0C a relat\u00edvnej vlhkosti do 70 %.<\/p>\n<\/div>\n<p>Balenie origin\u00e1l3g. Balenia 1kg bude v n\u00e1hradnom balen\u00ed, nako\u013eko tak\u00e9to balenie u v\u00fdrobcu neexistuje.\u00a0(Foto je len ilustra\u010dn\u00e9)<\/p>\n<\/div>\n<\/div>\n","protected":false},"excerpt":{"rendered":"<p>Jemn\u00e9 kakaov\u00e9 maslo, vhodn\u00e9 na pr\u00edpravu m\u00fa\u010dnikov, kr\u00e9mov, ciest a \u010fal\u0161\u00edch v\u00fdrobkov. Deodorovan\u00e9 (iba s ve\u013emi jemnou kakaovou v\u00f4\u0148ou)<\/p>\n<p><b>Balenie: 1 kg\u00a0<\/b><\/p>\n<p>Balenie origin\u00e1l 3kg. Balenie 1kg bude v n\u00e1hradnom balen\u00ed, nako\u013eko tak\u00e9to balenie u v\u00fdrobcu neexistuje. (Foto je len ilustra\u010dn\u00e9)<\/p>\n","protected":false},"featured_media":14784,"comment_status":"closed","ping_status":"closed","template":"","meta":[],"product_brand":[],"product_cat":[239,231,68,90],"product_tag":[57],"class_list":{"0":"post-14789","1":"product","2":"type-product","3":"status-publish","4":"has-post-thumbnail","6":"product_cat-239","7":"product_cat-kakaove-maslo","8":"product_cat-fontanova-cokolada","9":"product_cat-kakao-a-kakaove-maslo","10":"product_tag-barry-callebaut","11":"has-post-title","12":"has-post-date","13":"has-post-category","14":"has-post-tag","15":"has-post-comment","16":"has-post-author","17":"","19":"first","20":"outofstock","21":"taxable","22":"shipping-taxable","23":"purchasable","24":"product-type-simple"},"jetpack_sharing_enabled":true,"builder_content":"","_links":{"self":[{"href":"https:\/\/www.zeus-braun.sk\/index.php\/wp-json\/wp\/v2\/product\/14789","targetHints":{"allow":["GET"]}}],"collection":[{"href":"https:\/\/www.zeus-braun.sk\/index.php\/wp-json\/wp\/v2\/product"}],"about":[{"href":"https:\/\/www.zeus-braun.sk\/index.php\/wp-json\/wp\/v2\/types\/product"}],"replies":[{"embeddable":true,"href":"https:\/\/www.zeus-braun.sk\/index.php\/wp-json\/wp\/v2\/comments?post=14789"}],"wp:featuredmedia":[{"embeddable":true,"href":"https:\/\/www.zeus-braun.sk\/index.php\/wp-json\/wp\/v2\/media\/14784"}],"wp:attachment":[{"href":"https:\/\/www.zeus-braun.sk\/index.php\/wp-json\/wp\/v2\/media?parent=14789"}],"wp:term":[{"taxonomy":"product_brand","embeddable":true,"href":"https:\/\/www.zeus-braun.sk\/index.php\/wp-json\/wp\/v2\/product_brand?post=14789"},{"taxonomy":"product_cat","embeddable":true,"href":"https:\/\/www.zeus-braun.sk\/index.php\/wp-json\/wp\/v2\/product_cat?post=14789"},{"taxonomy":"product_tag","embeddable":true,"href":"https:\/\/www.zeus-braun.sk\/index.php\/wp-json\/wp\/v2\/product_tag?post=14789"}],"curies":[{"name":"wp","href":"https:\/\/api.w.org\/{rel}","templated":true}]}}