{"id":14635,"date":"2025-06-19T14:53:45","date_gmt":"2025-06-19T12:53:45","guid":{"rendered":"https:\/\/www.zeus-braun.sk\/index.php\/produkt\/norohy-vanilkovy-struk-madagaskar-bio-3ks-2\/"},"modified":"2026-04-24T14:13:48","modified_gmt":"2026-04-24T12:13:48","slug":"norohy-vanilkovy-struk-madagaskar-bio-3ks-2","status":"publish","type":"product","link":"https:\/\/www.zeus-braun.sk\/index.php\/produkt\/norohy-vanilkovy-struk-madagaskar-bio-3ks-2\/","title":{"rendered":"Norohy organick\u00fd Vanilkov\u00fd pr\u00e1\u0161ok Madagaskar 10g"},"content":{"rendered":"<p>Prin\u00e1\u0161ame v\u00e1m prav\u00fa vanilku franc\u00fazskej zna\u010dky Norohy z Madagaskaru. Najob\u013e\u00fabenej\u0161ie korenie ka\u017ed\u00e9ho cukr\u00e1ra, v preveden\u00ed 100% vanilky v pr\u00e1\u0161ku. Z\u00edskajte intenz\u00edvnu vanilkov\u00fa chu\u0165 bez zbyto\u010dnej pr\u00e1ce, sta\u010d\u00ed nasypa\u0165 do kr\u00e9mu \u010di zmrzliny.<\/p>\n<p>Struky rastliny Vanilovn\u00edku plocholist\u00e9ho (Vanilla planifolia) poch\u00e1dzaj\u00facej z Madagaskaru, maj\u00fa svoju \u0161pecifick\u00fa chu\u0165 v\u010faka lokalite ich pestovania. Chu\u0165 je kr\u00e9mov\u00e1, sladk\u00e1, jemn\u00e1 a vyv\u00e1\u017een\u00e1. Jej pou\u017eitie je obsiahle. Vyu\u017eijete ju v pralinkov\u00fdch n\u00e1plniach, kr\u00e9moch, pen\u00e1ch, korpusoch a\u017e po zmrzlinu a mrazen\u00e9 dezerty.<\/p>\n<p><strong>Skladovanie:<\/strong> Skladujte na tmavom mieste pri teplote 16 \u00b0C &#8211; 18 \u00b0C a 40% relat\u00edvnej vlhkosti. Chr\u00e1\u0148te pred priamym slne\u010dn\u00fdm \u017eiaren\u00edm a vlhkos\u0165ou.<\/p>\n","protected":false},"excerpt":{"rendered":"<p>Prin\u00e1\u0161ame v\u00e1m prav\u00fa vanilku franc\u00fazskej zna\u010dky Norohy z Madagaskaru. Najob\u013e\u00fabenej\u0161ie korenie ka\u017ed\u00e9ho cukr\u00e1ra, v preveden\u00ed 100% vanilky v pr\u00e1\u0161ku.<\/p>\n<p><strong>Balenie: 10g<\/strong><\/p>\n","protected":false},"featured_media":14634,"comment_status":"open","ping_status":"closed","template":"","meta":[],"product_brand":[],"product_cat":[240,224,243,45,162],"product_tag":[244],"class_list":{"0":"post-14635","1":"product","2":"type-product","3":"status-publish","4":"has-post-thumbnail","6":"product_cat-240","7":"product_cat-frontpage","8":"product_cat-vanilka","9":"product_cat-dezertne-pasty","10":"product_cat-odporucane_produkty","11":"product_tag-norohy","12":"has-post-title","13":"has-post-date","14":"has-post-category","15":"has-post-tag","16":"has-post-comment","17":"has-post-author","18":"","20":"first","21":"instock","22":"taxable","23":"shipping-taxable","24":"purchasable","25":"product-type-simple"},"jetpack_sharing_enabled":true,"builder_content":"","_links":{"self":[{"href":"https:\/\/www.zeus-braun.sk\/index.php\/wp-json\/wp\/v2\/product\/14635","targetHints":{"allow":["GET"]}}],"collection":[{"href":"https:\/\/www.zeus-braun.sk\/index.php\/wp-json\/wp\/v2\/product"}],"about":[{"href":"https:\/\/www.zeus-braun.sk\/index.php\/wp-json\/wp\/v2\/types\/product"}],"replies":[{"embeddable":true,"href":"https:\/\/www.zeus-braun.sk\/index.php\/wp-json\/wp\/v2\/comments?post=14635"}],"wp:featuredmedia":[{"embeddable":true,"href":"https:\/\/www.zeus-braun.sk\/index.php\/wp-json\/wp\/v2\/media\/14634"}],"wp:attachment":[{"href":"https:\/\/www.zeus-braun.sk\/index.php\/wp-json\/wp\/v2\/media?parent=14635"}],"wp:term":[{"taxonomy":"product_brand","embeddable":true,"href":"https:\/\/www.zeus-braun.sk\/index.php\/wp-json\/wp\/v2\/product_brand?post=14635"},{"taxonomy":"product_cat","embeddable":true,"href":"https:\/\/www.zeus-braun.sk\/index.php\/wp-json\/wp\/v2\/product_cat?post=14635"},{"taxonomy":"product_tag","embeddable":true,"href":"https:\/\/www.zeus-braun.sk\/index.php\/wp-json\/wp\/v2\/product_tag?post=14635"}],"curies":[{"name":"wp","href":"https:\/\/api.w.org\/{rel}","templated":true}]}}