{"id":14633,"date":"2025-06-19T12:05:08","date_gmt":"2025-06-19T10:05:08","guid":{"rendered":"https:\/\/www.zeus-braun.sk\/?post_type=product&#038;p=14633"},"modified":"2026-04-24T14:13:51","modified_gmt":"2026-04-24T12:13:51","slug":"norohy-vanilkovy-struk-madagaskar-bio-3ks","status":"publish","type":"product","link":"https:\/\/www.zeus-braun.sk\/index.php\/produkt\/norohy-vanilkovy-struk-madagaskar-bio-3ks\/","title":{"rendered":"Norohy Vanilkov\u00fd struk Madagaskar BIO 3ks"},"content":{"rendered":"<p>Prin\u00e1\u0161ame v\u00e1m prav\u00fa vanilku franc\u00fazskej zna\u010dky Norohy z Madagaskaru. Ak ste zvyknut\u00ed na t\u00fa najvy\u0161\u0161iu kvalitu, tieto \u0161\u0165avnat\u00e9 cel\u00e9 struky v d\u013a\u017eke 17cm bud\u00fa va\u0161im najlep\u0161\u00edm pomocn\u00edkom.<\/p>\n<p>Struky rastliny Vanilovn\u00edku plocholist\u00e9ho (Vanilla planifolia) poch\u00e1dzaj\u00facej z Madagaskaru, maj\u00fa svoju \u0161pecifick\u00fa chu\u0165 v\u010faka lokalite ich pestovania. Chu\u0165 je kr\u00e9mov\u00e1, sladk\u00e1, jemn\u00e1 a vyv\u00e1\u017een\u00e1. Jej pou\u017eitie je obsiahle. Vyu\u017eijete ju v pralinkov\u00fdch n\u00e1plniach, kr\u00e9moch, pen\u00e1ch, korpusoch a\u017e po zmrzlinu a mrazen\u00e9 dezerty.<\/p>\n<p><strong>N\u00e1vod na pou\u017eitie:<\/strong> struk pozd\u013a\u017ene rozre\u017ete a tupou stranou no\u017ea vy\u0161kriabte du\u017einu so semenami, ktor\u00fa pou\u017eite na ochutenie jed\u00e1l a n\u00e1pojov. Struk nevyhadzujte, vyvarte ho v smotane, alebo pridajte do n\u00e1doby s kry\u0161t\u00e1lov\u00fdm cukromBiele kry\u0161t\u00e1liky na povrchu nie s\u00fa vadou ale vyzr\u00e1\u017ean\u00fdm vanil\u00ednom &#8211; znakom ich vysokej kvality.<\/p>\n<p><strong>Skladovanie:<\/strong> Skladujte na tmavom mieste pri teplote 16 \u00b0C &#8211; 18 \u00b0C a\u00a040% relat\u00edvnej vlhkosti. Chr\u00e1nte pred priamym slne\u010dn\u00fdm \u017eiaren\u00edm a<br \/>\nvlhkos\u0165ou. Balenie otvorte bezprostredne pred pou\u017eit\u00edm.<\/p>\n","protected":false},"excerpt":{"rendered":"<p>Prin\u00e1\u0161ame v\u00e1m prav\u00fa vanilku z Madagaskaru, v podobe \u0161\u0165avnat\u00fdch cel\u00fdch strukov v d\u013a\u017eke 17cm.<\/p>\n<p><strong>Balenie: 3ks v tube<\/strong><\/p>\n","protected":false},"featured_media":14632,"comment_status":"open","ping_status":"closed","template":"","meta":[],"product_brand":[],"product_cat":[240,224,243,45,162],"product_tag":[244],"class_list":{"0":"post-14633","1":"product","2":"type-product","3":"status-publish","4":"has-post-thumbnail","6":"product_cat-240","7":"product_cat-frontpage","8":"product_cat-vanilka","9":"product_cat-dezertne-pasty","10":"product_cat-odporucane_produkty","11":"product_tag-norohy","12":"has-post-title","13":"has-post-date","14":"has-post-category","15":"has-post-tag","16":"has-post-comment","17":"has-post-author","18":"","20":"first","21":"outofstock","22":"taxable","23":"shipping-taxable","24":"purchasable","25":"product-type-simple"},"jetpack_sharing_enabled":true,"builder_content":"","_links":{"self":[{"href":"https:\/\/www.zeus-braun.sk\/index.php\/wp-json\/wp\/v2\/product\/14633","targetHints":{"allow":["GET"]}}],"collection":[{"href":"https:\/\/www.zeus-braun.sk\/index.php\/wp-json\/wp\/v2\/product"}],"about":[{"href":"https:\/\/www.zeus-braun.sk\/index.php\/wp-json\/wp\/v2\/types\/product"}],"replies":[{"embeddable":true,"href":"https:\/\/www.zeus-braun.sk\/index.php\/wp-json\/wp\/v2\/comments?post=14633"}],"wp:featuredmedia":[{"embeddable":true,"href":"https:\/\/www.zeus-braun.sk\/index.php\/wp-json\/wp\/v2\/media\/14632"}],"wp:attachment":[{"href":"https:\/\/www.zeus-braun.sk\/index.php\/wp-json\/wp\/v2\/media?parent=14633"}],"wp:term":[{"taxonomy":"product_brand","embeddable":true,"href":"https:\/\/www.zeus-braun.sk\/index.php\/wp-json\/wp\/v2\/product_brand?post=14633"},{"taxonomy":"product_cat","embeddable":true,"href":"https:\/\/www.zeus-braun.sk\/index.php\/wp-json\/wp\/v2\/product_cat?post=14633"},{"taxonomy":"product_tag","embeddable":true,"href":"https:\/\/www.zeus-braun.sk\/index.php\/wp-json\/wp\/v2\/product_tag?post=14633"}],"curies":[{"name":"wp","href":"https:\/\/api.w.org\/{rel}","templated":true}]}}