{"id":14536,"date":"2025-05-22T10:23:36","date_gmt":"2025-05-22T08:23:36","guid":{"rendered":"https:\/\/www.zeus-braun.sk\/index.php\/produkt\/lactee-caramel-mliecna-cokolada-s-karamelom-31\/"},"modified":"2026-04-24T14:13:42","modified_gmt":"2026-04-24T12:13:42","slug":"lactee-caramel-mliecna-cokolada-s-karamelom-31","status":"publish","type":"product","link":"https:\/\/www.zeus-braun.sk\/index.php\/produkt\/lactee-caramel-mliecna-cokolada-s-karamelom-31\/","title":{"rendered":"Lact\u00e9e Caramel mlie\u010dna \u010dokol\u00e1da s karamelom 31%"},"content":{"rendered":"<p>T\u00e1to jemn\u00e1 mlie\u010dna \u010dokol\u00e1da vyjadruje skuto\u010dn\u00fa chu\u0165 lahodn\u00e9ho karamelu. Nechajte sa unies\u0165 t\u00f3nmi karamelu v spojen\u00ed s lahodnou kr\u00e9movou \u010dokol\u00e1dou Cacao Barry.<\/p>\n<p><img loading=\"lazy\" decoding=\"async\" class=\"alignnone size-medium wp-image-24636\" src=\"https:\/\/www.cokolady.sk\/wp-content\/uploads\/2025\/05\/Snimka-obrazovky-2025-05-22-104154-300x111.png\" alt=\"\" width=\"300\" height=\"111\" \/><\/p>\n<p>&nbsp;<\/p>\n<p>&nbsp;<\/p>\n<div><strong>Podmienky skladovania<\/strong><\/div>\n<div>Produkt skladujte v \u010distom a suchom prostred\u00ed (relat\u00edvna vlhkos\u0165 vzduchu max. 70%) a bez z\u00e1pachu.<\/div>\n<div>Skladovacia teplota: 12 &#8211; 20\u00b0C<\/div>\n","protected":false},"excerpt":{"rendered":"<p>V\u00fdnimo\u010dn\u00e1 karamelov\u00e1 \u010dokol\u00e1da Lact\u00e9e Caramel.<\/p>\n<p><strong>Balenie: <b><span style=\"font-family: Arial\">drobn\u00e9 kvap\u00f4\u010dky (Callets) 1<\/span><\/b>kg<\/strong><\/p>\n","protected":false},"featured_media":14534,"comment_status":"open","ping_status":"closed","template":"","meta":[],"product_brand":[],"product_cat":[240,163],"product_tag":[128],"class_list":{"0":"post-14536","1":"product","2":"type-product","3":"status-publish","4":"has-post-thumbnail","6":"product_cat-240","7":"product_cat-cokolada_cacao_barry","8":"product_tag-cacao-barry","9":"has-post-title","10":"has-post-date","11":"has-post-category","12":"has-post-tag","13":"has-post-comment","14":"has-post-author","15":"","17":"first","18":"outofstock","19":"taxable","20":"shipping-taxable","21":"purchasable","22":"product-type-simple"},"jetpack_sharing_enabled":true,"builder_content":"","_links":{"self":[{"href":"https:\/\/www.zeus-braun.sk\/index.php\/wp-json\/wp\/v2\/product\/14536","targetHints":{"allow":["GET"]}}],"collection":[{"href":"https:\/\/www.zeus-braun.sk\/index.php\/wp-json\/wp\/v2\/product"}],"about":[{"href":"https:\/\/www.zeus-braun.sk\/index.php\/wp-json\/wp\/v2\/types\/product"}],"replies":[{"embeddable":true,"href":"https:\/\/www.zeus-braun.sk\/index.php\/wp-json\/wp\/v2\/comments?post=14536"}],"wp:featuredmedia":[{"embeddable":true,"href":"https:\/\/www.zeus-braun.sk\/index.php\/wp-json\/wp\/v2\/media\/14534"}],"wp:attachment":[{"href":"https:\/\/www.zeus-braun.sk\/index.php\/wp-json\/wp\/v2\/media?parent=14536"}],"wp:term":[{"taxonomy":"product_brand","embeddable":true,"href":"https:\/\/www.zeus-braun.sk\/index.php\/wp-json\/wp\/v2\/product_brand?post=14536"},{"taxonomy":"product_cat","embeddable":true,"href":"https:\/\/www.zeus-braun.sk\/index.php\/wp-json\/wp\/v2\/product_cat?post=14536"},{"taxonomy":"product_tag","embeddable":true,"href":"https:\/\/www.zeus-braun.sk\/index.php\/wp-json\/wp\/v2\/product_tag?post=14536"}],"curies":[{"name":"wp","href":"https:\/\/api.w.org\/{rel}","templated":true}]}}