{"id":14468,"date":"2025-05-05T13:59:01","date_gmt":"2025-05-05T11:59:01","guid":{"rendered":"https:\/\/www.zeus-braun.sk\/index.php\/produkt\/modelovaci-marcipan-massa-ticino-7kg\/"},"modified":"2026-04-24T14:13:17","modified_gmt":"2026-04-24T12:13:17","slug":"modelovaci-marcipan-massa-ticino-7kg","status":"publish","type":"product","link":"https:\/\/www.zeus-braun.sk\/index.php\/produkt\/modelovaci-marcipan-massa-ticino-7kg\/","title":{"rendered":"Modelovac\u00ed marcip\u00e1n Massa Ticino Tropic 7kg"},"content":{"rendered":"<div class=\"col-sm-8\">\n<div class=\"tab-content\">\n<div id=\"tab-description\" class=\"tab-pane active\">\n<p>Massa Ticino je najlep\u0161ou pom\u00f4ckou pre cukr\u00e1rov, ktor\u00ed potrebuj\u00fa plastick\u00fa modelovaciu hmotu na torty. Jej z\u00e1kladom je arabsk\u00e1 guma, ktor\u00e1 zaru\u010duje dokonal\u00fa elasticitu aj pri ve\u013emi tenkej vrstve. Taktie\u017e je vynikaj\u00faci na pr\u00edpravu ozd\u00f4b na torty. Jednoduch\u00e9 pou\u017eitie, sp\u00e1janie pomocou alkoholu, elasticita spojen\u00e1 s jemnou sladkou chu\u0165ou V\u00e1m zabezpe\u010d\u00ed svetov\u00fd \u0161tandard. Pri modelovan\u00ed pou\u017e\u00edvajte pr\u00e1\u0161kov\u00fd cukor.<\/p>\n<p style=\"font-weight: 400\">Pasta Massa Ticino m\u00f4\u017ee by\u0165 pou\u017eit\u00e1 pre mnoho oblast\u00ed: od kol\u00e1\u010dov v\u0161etk\u00fdch ve\u013ekost\u00ed a tvarov (v\u010faka svojej pru\u017enosti), detailnej tvarovate\u013enosti (v\u010faka svojej jemnej a stabilnej text\u00fare) a vytv\u00e1raniu jemn\u00fdch kvet\u00edn alebo ozd\u00f4b. R\u00fdchlo tvrdne, ale nevysu\u0161uje sa, ke\u010f s \u0148ou pracujete.<\/p>\n<p style=\"font-weight: 400\">T\u00e1to cukrov\u00e1 pasta je pripraven\u00e1 na pou\u017eitie po r\u00fdchlom premiesen\u00ed. \u010ealej ju m\u00f4\u017eete upravi\u0165 pod\u013ea svojho vkusu: mie\u0161ajte ju s farbami alebo pr\u00edchu\u0165ami.<\/p>\n<p>Spolo\u010dnos\u0165 Carma vyr\u00e1ba cukrov\u00fa pastu Massa Ticino vo \u0160vaj\u010diarsku a \u00faspe\u0161ne ju pred\u00e1va na medzin\u00e1rodn\u00fdch trhoch od roku 1963. P\u00f4vodn\u00e1 cukrov\u00e1 pasta Massa Ticino sa pon\u00fakala v jednej farbe &#8211; bielej. Medzi komunitou pek\u00e1rov a cukr\u00e1rov bola vn\u00edman\u00e1 ako najlep\u0161ia cukrov\u00e1 pasta a bola ocenen\u00e1 na celom svete. A tak to plat\u00ed dodnes.<\/p>\n<p>To v\u0161ak nie je v\u0161etko \u2013 produkty s\u00fa vhodn\u00e9 aj pre veg\u00e1nov a neobsahuj\u00fa lakt\u00f3zu, cholesterol ani lepok. Cukrov\u00e1 pasta sa samozrejme rovnako \u013eahko pracuje ako v\u017edy a st\u00e1le pon\u00faka skvel\u00e9 krytie. Rad cukrov\u00fdch p\u00e1st Massa Ticino je ide\u00e1lny na zdobenie tort, \u010di u\u017e na pokr\u00fdvanie tort alebo na modelovanie, bez oh\u013eadu na teplotu a vlhkos\u0165.<\/p>\n<p><strong>Podmienky skladovania:<\/strong><\/p>\n<p><span style=\"font-family: Arial\">skladova\u0165 do max. 20 \u00b0 C v suchom, uzavretom priestore, v p\u00f4vodnom obale, chr\u00e1\u0148te pred mrazom a priamym slne\u010dn\u00fdm svetlom.<\/span><\/p>\n<\/div>\n<\/div>\n<\/div>\n","protected":false},"excerpt":{"rendered":"<p>Massa Ticino je najlep\u0161ou pom\u00f4ckou pre cukr\u00e1rov.U\u017e \u017eiadne praskliny \u010di trhliny na v\u00e4\u010d\u0161\u00edch tort\u00e1ch. Massa Ticino je to prav\u00e9 pre V\u00e1s. Zaru\u010d\u00ed V\u00e1m profesion\u00e1lny vzh\u013ead Va\u0161ich tort a dezertov.<\/p>\n<p><b>Balenie: 7kg\u00a0<\/b><\/p>\n","protected":false},"featured_media":14467,"comment_status":"closed","ping_status":"closed","template":"","meta":[],"product_brand":[],"product_cat":[240,224,34,155,52],"product_tag":[57],"class_list":{"0":"post-14468","1":"product","2":"type-product","3":"status-publish","4":"has-post-thumbnail","6":"product_cat-240","7":"product_cat-frontpage","8":"product_cat-akcie","9":"product_cat-modelovacie_potahove_hmoty","10":"product_cat-potahove-a-zrkadlove-hmoty","11":"product_tag-barry-callebaut","12":"has-post-title","13":"has-post-date","14":"has-post-category","15":"has-post-tag","16":"has-post-comment","17":"has-post-author","18":"","20":"first","21":"instock","22":"sale","23":"taxable","24":"shipping-taxable","25":"purchasable","26":"product-type-simple"},"jetpack_sharing_enabled":true,"builder_content":"","_links":{"self":[{"href":"https:\/\/www.zeus-braun.sk\/index.php\/wp-json\/wp\/v2\/product\/14468","targetHints":{"allow":["GET"]}}],"collection":[{"href":"https:\/\/www.zeus-braun.sk\/index.php\/wp-json\/wp\/v2\/product"}],"about":[{"href":"https:\/\/www.zeus-braun.sk\/index.php\/wp-json\/wp\/v2\/types\/product"}],"replies":[{"embeddable":true,"href":"https:\/\/www.zeus-braun.sk\/index.php\/wp-json\/wp\/v2\/comments?post=14468"}],"wp:featuredmedia":[{"embeddable":true,"href":"https:\/\/www.zeus-braun.sk\/index.php\/wp-json\/wp\/v2\/media\/14467"}],"wp:attachment":[{"href":"https:\/\/www.zeus-braun.sk\/index.php\/wp-json\/wp\/v2\/media?parent=14468"}],"wp:term":[{"taxonomy":"product_brand","embeddable":true,"href":"https:\/\/www.zeus-braun.sk\/index.php\/wp-json\/wp\/v2\/product_brand?post=14468"},{"taxonomy":"product_cat","embeddable":true,"href":"https:\/\/www.zeus-braun.sk\/index.php\/wp-json\/wp\/v2\/product_cat?post=14468"},{"taxonomy":"product_tag","embeddable":true,"href":"https:\/\/www.zeus-braun.sk\/index.php\/wp-json\/wp\/v2\/product_tag?post=14468"}],"curies":[{"name":"wp","href":"https:\/\/api.w.org\/{rel}","templated":true}]}}