{"id":14360,"date":"2025-04-09T11:23:36","date_gmt":"2025-04-09T09:23:36","guid":{"rendered":"https:\/\/www.zeus-braun.sk\/?post_type=product&#038;p=14360"},"modified":"2026-04-24T14:13:33","modified_gmt":"2026-04-24T12:13:33","slug":"zlaty-posyp-biela-cokolada-350g","status":"publish","type":"product","link":"https:\/\/www.zeus-braun.sk\/index.php\/produkt\/zlaty-posyp-biela-cokolada-350g\/","title":{"rendered":"Zlat\u00fd posyp biela \u010dokol\u00e1da 350g"},"content":{"rendered":"<div>\n<p style=\"font-weight: 400\">Zlat\u00fd posyp na b\u00e1ze bielej \u010dokol\u00e1dy.<\/p>\n<p style=\"font-weight: 400\">Jednotliv\u00e9 k\u00fasky maj\u00fa nepravideln\u00fd tvar a meraj\u00fa cca 2 mm.<\/p>\n<p style=\"font-weight: 400\">Posypte nimi svoje \u010derstvo nam\u00e1\u010dan\u00e9 pralinky, alebo t\u00fdmito leskl\u00fdmi k\u00faskami ozdobte svoje dezerty.<\/p>\n<\/div>\n<p style=\"font-weight: 400\"><b>Podmienky skladovania:\u00a0<\/b>Nevystavujte priamemu slne\u010dn\u00e9mu \u017eiareniu, skladujte na suchom mieste bez v\u00f4n\u00ed a pachov, pri teplote 12 \u2013 20 \u00b0C a relat\u00edvnej vlhkosti do 70 %.<\/p>\n","protected":false},"excerpt":{"rendered":"<p>Zlat\u00fd posyp na b\u00e1ze bielej \u010dokol\u00e1dy.<\/p>\n<p><b>Balenie: 350g<\/b><\/p>\n","protected":false},"featured_media":14359,"comment_status":"closed","ping_status":"closed","template":"","meta":[],"product_brand":[],"product_cat":[240,224,179,55,58],"product_tag":[57],"class_list":{"0":"post-14360","1":"product","2":"type-product","3":"status-publish","4":"has-post-thumbnail","6":"product_cat-240","7":"product_cat-frontpage","8":"product_cat-vianocny_vyber","9":"product_cat-posypy-a-dekoracie","10":"product_cat-posypy","11":"product_tag-barry-callebaut","12":"has-post-title","13":"has-post-date","14":"has-post-category","15":"has-post-tag","16":"has-post-comment","17":"has-post-author","18":"","20":"first","21":"outofstock","22":"taxable","23":"shipping-taxable","24":"purchasable","25":"product-type-simple"},"jetpack_sharing_enabled":true,"builder_content":"","_links":{"self":[{"href":"https:\/\/www.zeus-braun.sk\/index.php\/wp-json\/wp\/v2\/product\/14360","targetHints":{"allow":["GET"]}}],"collection":[{"href":"https:\/\/www.zeus-braun.sk\/index.php\/wp-json\/wp\/v2\/product"}],"about":[{"href":"https:\/\/www.zeus-braun.sk\/index.php\/wp-json\/wp\/v2\/types\/product"}],"replies":[{"embeddable":true,"href":"https:\/\/www.zeus-braun.sk\/index.php\/wp-json\/wp\/v2\/comments?post=14360"}],"wp:featuredmedia":[{"embeddable":true,"href":"https:\/\/www.zeus-braun.sk\/index.php\/wp-json\/wp\/v2\/media\/14359"}],"wp:attachment":[{"href":"https:\/\/www.zeus-braun.sk\/index.php\/wp-json\/wp\/v2\/media?parent=14360"}],"wp:term":[{"taxonomy":"product_brand","embeddable":true,"href":"https:\/\/www.zeus-braun.sk\/index.php\/wp-json\/wp\/v2\/product_brand?post=14360"},{"taxonomy":"product_cat","embeddable":true,"href":"https:\/\/www.zeus-braun.sk\/index.php\/wp-json\/wp\/v2\/product_cat?post=14360"},{"taxonomy":"product_tag","embeddable":true,"href":"https:\/\/www.zeus-braun.sk\/index.php\/wp-json\/wp\/v2\/product_tag?post=14360"}],"curies":[{"name":"wp","href":"https:\/\/api.w.org\/{rel}","templated":true}]}}