{"id":14272,"date":"2025-03-11T10:28:04","date_gmt":"2025-03-11T09:28:04","guid":{"rendered":"https:\/\/www.zeus-braun.sk\/index.php\/produkt\/pistaciova-pasta-silvarem-1kg-nahradne-balenie\/"},"modified":"2026-04-24T19:55:22","modified_gmt":"2026-04-24T17:55:22","slug":"pistaciova-pasta-silvarem-1kg-nahradne-balenie","status":"publish","type":"product","link":"https:\/\/www.zeus-braun.sk\/index.php\/produkt\/pistaciova-pasta-silvarem-1kg-nahradne-balenie\/","title":{"rendered":"Pist\u00e1ciov\u00e1 pasta Silvarem 1kg n\u00e1hr. bal."},"content":{"rendered":"<p>Vysoko kvalitn\u00e1 pist\u00e1ciov\u00e1 pasta na v\u00fdrobu n\u00e1pln\u00ed do praliniek a tabuliek, zmrzl\u00edn a cukroviniek.<\/p>\n<p>Pist\u00e1ciov\u00e1 pasta mlet\u00e1 z t\u00fdch najkvalitnej\u0161\u00edch pist\u00e1cii, s pridan\u00fdmi pr\u00edrodn\u00fdmi farbivami bez cukru. Jej hladk\u00e1 \u0161trukt\u00fara je ide\u00e1lna do kr\u00e9mov, \u0161\u013eaha\u010diek, gan\u00e1\u017e\u00ed, a na v\u00fdrobu n\u00e1pln\u00ed do praliniek a tabuliek.<\/p>\n<p>Pomer: 70 &#8211; 100 g na 1kg masy<\/p>\n<p><b>Podmienky skladovania:<\/b><\/p>\n<p>skladova\u0165 do max. 16 \u00b0 C v suchom, uzavretom priestore, v p\u00f4vodnom obale, chr\u00e1\u0148te pred mrazom a priamym slne\u010dn\u00fdm svetlom.<\/p>\n","protected":false},"excerpt":{"rendered":"<p>Vysoko kvalitn\u00e1 pist\u00e1ciov\u00e1 pasta na v\u00fdrobu n\u00e1pln\u00ed do praliniek a tabuliek, zmrzl\u00edn a cukroviniek.<\/p>\n<p><strong>Balenie: 1 kg<\/strong><\/p>\n<p>(obr\u00e1zok je ilustra\u010dn\u00fd)<\/p>\n","protected":false},"featured_media":14268,"comment_status":"closed","ping_status":"closed","template":"","meta":[],"product_brand":[],"product_cat":[239,229,45,54,47],"product_tag":[241],"class_list":{"0":"post-14272","1":"product","2":"type-product","3":"status-publish","4":"has-post-thumbnail","6":"product_cat-239","7":"product_cat-hotove-plnky","8":"product_cat-dezertne-pasty","9":"product_cat-orieskove-pasty","10":"product_cat-plnky-do-praliniek","11":"product_tag-silvarem","12":"has-post-title","13":"has-post-date","14":"has-post-category","15":"has-post-tag","16":"has-post-comment","17":"has-post-author","18":"","20":"first","21":"instock","22":"taxable","23":"shipping-taxable","24":"purchasable","25":"product-type-simple"},"jetpack_sharing_enabled":true,"builder_content":"","_links":{"self":[{"href":"https:\/\/www.zeus-braun.sk\/index.php\/wp-json\/wp\/v2\/product\/14272","targetHints":{"allow":["GET"]}}],"collection":[{"href":"https:\/\/www.zeus-braun.sk\/index.php\/wp-json\/wp\/v2\/product"}],"about":[{"href":"https:\/\/www.zeus-braun.sk\/index.php\/wp-json\/wp\/v2\/types\/product"}],"replies":[{"embeddable":true,"href":"https:\/\/www.zeus-braun.sk\/index.php\/wp-json\/wp\/v2\/comments?post=14272"}],"wp:featuredmedia":[{"embeddable":true,"href":"https:\/\/www.zeus-braun.sk\/index.php\/wp-json\/wp\/v2\/media\/14268"}],"wp:attachment":[{"href":"https:\/\/www.zeus-braun.sk\/index.php\/wp-json\/wp\/v2\/media?parent=14272"}],"wp:term":[{"taxonomy":"product_brand","embeddable":true,"href":"https:\/\/www.zeus-braun.sk\/index.php\/wp-json\/wp\/v2\/product_brand?post=14272"},{"taxonomy":"product_cat","embeddable":true,"href":"https:\/\/www.zeus-braun.sk\/index.php\/wp-json\/wp\/v2\/product_cat?post=14272"},{"taxonomy":"product_tag","embeddable":true,"href":"https:\/\/www.zeus-braun.sk\/index.php\/wp-json\/wp\/v2\/product_tag?post=14272"}],"curies":[{"name":"wp","href":"https:\/\/api.w.org\/{rel}","templated":true}]}}