{"id":13869,"date":"2024-11-11T11:15:29","date_gmt":"2024-11-11T10:15:29","guid":{"rendered":"https:\/\/www.zeus-braun.sk\/index.php\/produkt\/tartelettes-choco-filigrano-butter-38cm-40ks-plato\/"},"modified":"2026-04-24T14:13:26","modified_gmt":"2026-04-24T12:13:26","slug":"tartelettes-choco-filigrano-butter-38cm-40ks-plato","status":"publish","type":"product","link":"https:\/\/www.zeus-braun.sk\/index.php\/produkt\/tartelettes-choco-filigrano-butter-38cm-40ks-plato\/","title":{"rendered":"Tartelettes Choco Filigrano Butter 3,8cm 40ks plato"},"content":{"rendered":"<p>Exkluz\u00edvne maslov\u00e9 tartaletky, v modernom a in\u0161pirat\u00edvnom tvare, sladkej kakaovej chuti. Obsah masla 23%. Exkluz\u00edvne maslov\u00e9 tartaletky, v modernom a in\u0161pirat\u00edvnom tvare. Povrch je potiahnut\u00fd kakaov\u00fdm maslom, unik\u00e1tnou technol\u00f3giou zabra\u0148uj\u00facou prenikn\u00fa\u0165 vlhkosti a \u0161tav\u00e1m do cestov\u00e9ho z\u00e1kladu. V\u010faka tomu ostan\u00fa va\u0161e tartaletky v\u017edy \u010derstv\u00e9 a chrumkav\u00e9 pri ka\u017edej pr\u00edle\u017eitosti.<\/p>\n<p>Tartaletky su vhodn\u00e9 na studen\u00fa aj tepl\u00fa kuchy\u0148u, mo\u017en\u00e9 zapeka\u0165 v\u0161etky druhy a\u017e do 180&#8217;C.<\/p>\n<p>Tartaletky prec\u00edzne bal\u00edme aby sa minimalizovalo mo\u017en\u00e9 po\u0161kodenie pri doprave.<\/p>\n<p><b>Podmienky skladovania<\/b>: Skladujte na chladom a suchom mieste.<\/p>\n<p>Viac in\u0161pir\u00e1ci\u00ed na dezerty v tartaletk\u00e1ch m\u00f4\u017eete n\u00e1js\u0165 TU:<\/p>\n<p><a href=\"https:\/\/www.hug-foodservice.ch\/sk-en\/rezepte\/?lang=en\">www.hug-foodservice.ch &#8211; RECEPTY<\/a><\/p>\n<p><img loading=\"lazy\" decoding=\"async\" class=\"alignnone size-medium wp-image-19195\" src=\"https:\/\/www.cokolady.sk\/wp-content\/uploads\/2024\/02\/recepty-215x300.png\" alt=\"\" width=\"215\" height=\"300\" \/><\/p>\n","protected":false},"excerpt":{"rendered":"<p>Exkluz\u00edvne maslov\u00e9 tartaletky, v modernom a in\u0161pirat\u00edvnom tvare sladkej kakaovej chuti. Obsah masla 23%.<\/p>\n<p><b>Balenie :\u00a0 1x blister 40 ks<\/b><\/p>\n<p>(BOX:5x40ks)<\/p>\n","protected":false},"featured_media":13867,"comment_status":"closed","ping_status":"closed","template":"","meta":[],"product_brand":[],"product_cat":[239,224,162,36,74,37],"product_tag":[38],"class_list":{"0":"post-13869","1":"product","2":"type-product","3":"status-publish","4":"has-post-thumbnail","6":"product_cat-239","7":"product_cat-frontpage","8":"product_cat-odporucane_produkty","9":"product_cat-tartalettes","10":"product_cat-plata","11":"product_cat-sladke","12":"product_tag-hug-ag","13":"has-post-title","14":"has-post-date","15":"has-post-category","16":"has-post-tag","17":"has-post-comment","18":"has-post-author","19":"","21":"first","22":"instock","23":"downloadable","24":"taxable","25":"shipping-taxable","26":"purchasable","27":"product-type-simple"},"jetpack_sharing_enabled":true,"builder_content":"","_links":{"self":[{"href":"https:\/\/www.zeus-braun.sk\/index.php\/wp-json\/wp\/v2\/product\/13869","targetHints":{"allow":["GET"]}}],"collection":[{"href":"https:\/\/www.zeus-braun.sk\/index.php\/wp-json\/wp\/v2\/product"}],"about":[{"href":"https:\/\/www.zeus-braun.sk\/index.php\/wp-json\/wp\/v2\/types\/product"}],"replies":[{"embeddable":true,"href":"https:\/\/www.zeus-braun.sk\/index.php\/wp-json\/wp\/v2\/comments?post=13869"}],"wp:featuredmedia":[{"embeddable":true,"href":"https:\/\/www.zeus-braun.sk\/index.php\/wp-json\/wp\/v2\/media\/13867"}],"wp:attachment":[{"href":"https:\/\/www.zeus-braun.sk\/index.php\/wp-json\/wp\/v2\/media?parent=13869"}],"wp:term":[{"taxonomy":"product_brand","embeddable":true,"href":"https:\/\/www.zeus-braun.sk\/index.php\/wp-json\/wp\/v2\/product_brand?post=13869"},{"taxonomy":"product_cat","embeddable":true,"href":"https:\/\/www.zeus-braun.sk\/index.php\/wp-json\/wp\/v2\/product_cat?post=13869"},{"taxonomy":"product_tag","embeddable":true,"href":"https:\/\/www.zeus-braun.sk\/index.php\/wp-json\/wp\/v2\/product_tag?post=13869"}],"curies":[{"name":"wp","href":"https:\/\/api.w.org\/{rel}","templated":true}]}}