{"id":13789,"date":"2024-08-27T10:15:13","date_gmt":"2024-08-27T08:15:13","guid":{"rendered":"https:\/\/www.zeus-braun.sk\/index.php\/produkt\/forma-na-pralinky-rn\/"},"modified":"2026-04-22T16:29:41","modified_gmt":"2026-04-22T14:29:41","slug":"forma-na-pralinky-rn","status":"publish","type":"product","link":"https:\/\/www.zeus-braun.sk\/index.php\/produkt\/forma-na-pralinky-rn\/","title":{"rendered":"Forma na pralinky RN"},"content":{"rendered":"<p>Vysokokvalitn\u00fd priemyseln\u00fd polykarbon\u00e1t, ve\u013emi odoln\u00fd proti n\u00e1razom, netrie\u0161ti sa a vydr\u017e\u00ed stovky pou\u017eit\u00ed. Najvhodnej\u0161\u00ed materi\u00e1l na formy pre pr\u00e1cu s \u010dokol\u00e1dou. Pri spr\u00e1vnej kry\u0161taliz\u00e1cii \u010dokol\u00e1dy sa \u0161krupinky kr\u00e1sne sam\u00e9 vyklopia.<\/p>\n<p>Rozmer formy: 275 x 135 x 24 mm<\/p>\n<p>Hmotnos\u0165 jednej karty: 10g<\/p>\n<p>&nbsp;<\/p>\n","protected":false},"excerpt":{"rendered":"<p>Forma na pralinky.<\/p>\n<p><strong>Balenie: 1 forma<\/strong><\/p>\n<p>Po\u010det ks na forme: 21 ks<\/p>\n<div class=\"product-dimensions\"><\/div>\n","protected":false},"featured_media":13788,"comment_status":"open","ping_status":"closed","template":"","meta":[],"product_brand":[],"product_cat":[240,186,34,119,121],"product_tag":[],"class_list":{"0":"post-13789","1":"product","2":"type-product","3":"status-publish","4":"has-post-thumbnail","6":"product_cat-240","7":"product_cat-formy-na-pralinky","8":"product_cat-akcie","9":"product_cat-formy","10":"product_cat-na-pralinky","11":"has-post-title","12":"has-post-date","13":"has-post-category","14":"has-post-tag","15":"has-post-comment","16":"has-post-author","17":"","19":"first","20":"outofstock","21":"sale","22":"taxable","23":"shipping-taxable","24":"purchasable","25":"product-type-simple"},"jetpack_sharing_enabled":true,"builder_content":"","_links":{"self":[{"href":"https:\/\/www.zeus-braun.sk\/index.php\/wp-json\/wp\/v2\/product\/13789","targetHints":{"allow":["GET"]}}],"collection":[{"href":"https:\/\/www.zeus-braun.sk\/index.php\/wp-json\/wp\/v2\/product"}],"about":[{"href":"https:\/\/www.zeus-braun.sk\/index.php\/wp-json\/wp\/v2\/types\/product"}],"replies":[{"embeddable":true,"href":"https:\/\/www.zeus-braun.sk\/index.php\/wp-json\/wp\/v2\/comments?post=13789"}],"wp:featuredmedia":[{"embeddable":true,"href":"https:\/\/www.zeus-braun.sk\/index.php\/wp-json\/wp\/v2\/media\/13788"}],"wp:attachment":[{"href":"https:\/\/www.zeus-braun.sk\/index.php\/wp-json\/wp\/v2\/media?parent=13789"}],"wp:term":[{"taxonomy":"product_brand","embeddable":true,"href":"https:\/\/www.zeus-braun.sk\/index.php\/wp-json\/wp\/v2\/product_brand?post=13789"},{"taxonomy":"product_cat","embeddable":true,"href":"https:\/\/www.zeus-braun.sk\/index.php\/wp-json\/wp\/v2\/product_cat?post=13789"},{"taxonomy":"product_tag","embeddable":true,"href":"https:\/\/www.zeus-braun.sk\/index.php\/wp-json\/wp\/v2\/product_tag?post=13789"}],"curies":[{"name":"wp","href":"https:\/\/api.w.org\/{rel}","templated":true}]}}