{"id":13787,"date":"2024-08-27T10:49:21","date_gmt":"2024-08-27T08:49:21","guid":{"rendered":"https:\/\/www.zeus-braun.sk\/index.php\/produkt\/forma-na-napolitans-bazar-rn\/"},"modified":"2025-04-15T14:02:47","modified_gmt":"2025-04-15T12:02:47","slug":"forma-na-napolitans-bazar-rn","status":"publish","type":"product","link":"https:\/\/www.zeus-braun.sk\/index.php\/produkt\/forma-na-napolitans-bazar-rn\/","title":{"rendered":"Forma na napolitans baz\u00e1r RN"},"content":{"rendered":"<p>Vysokokvalitn\u00fd priemyseln\u00fd polykarbon\u00e1t, ve\u013emi odoln\u00fd proti n\u00e1razom, netrie\u0161ti sa a vydr\u017e\u00ed stovky pou\u017eit\u00ed. Najvhodnej\u0161\u00ed materi\u00e1l na formy pre pr\u00e1cu s \u010dokol\u00e1dou. Pri spr\u00e1vnej kry\u0161taliz\u00e1cii \u010dokol\u00e1dy sa \u0161krupinky kr\u00e1sne sam\u00e9 vyklopia.<\/p>\n<p>Rozmer formy: 275 x 135 x 24 mm<\/p>\n<p>Hmotnos\u0165 jednej napolitan: 6g<\/p>\n<p>&nbsp;<\/p>\n","protected":false},"excerpt":{"rendered":"<p>Forma na napolitans.<\/p>\n<p><strong>Balenie: 1 forma<\/strong><\/p>\n<p>Po\u010det ks na forme: 15 ks<\/p>\n<div class=\"product-dimensions\"><\/div>\n","protected":false},"featured_media":13785,"comment_status":"open","ping_status":"closed","template":"","meta":[],"product_brand":[],"product_cat":[240,186,34,119,121,122],"product_tag":[],"class_list":{"0":"post-13787","1":"product","2":"type-product","3":"status-publish","4":"has-post-thumbnail","6":"product_cat-240","7":"product_cat-formy-na-pralinky","8":"product_cat-akcie","9":"product_cat-formy","10":"product_cat-na-pralinky","11":"product_cat-na-tabulky","12":"has-post-title","13":"has-post-date","14":"has-post-category","15":"has-post-tag","16":"has-post-comment","17":"has-post-author","18":"","20":"first","21":"instock","22":"sale","23":"taxable","24":"shipping-taxable","25":"purchasable","26":"product-type-simple"},"jetpack_sharing_enabled":true,"builder_content":"","_links":{"self":[{"href":"https:\/\/www.zeus-braun.sk\/index.php\/wp-json\/wp\/v2\/product\/13787","targetHints":{"allow":["GET"]}}],"collection":[{"href":"https:\/\/www.zeus-braun.sk\/index.php\/wp-json\/wp\/v2\/product"}],"about":[{"href":"https:\/\/www.zeus-braun.sk\/index.php\/wp-json\/wp\/v2\/types\/product"}],"replies":[{"embeddable":true,"href":"https:\/\/www.zeus-braun.sk\/index.php\/wp-json\/wp\/v2\/comments?post=13787"}],"wp:featuredmedia":[{"embeddable":true,"href":"https:\/\/www.zeus-braun.sk\/index.php\/wp-json\/wp\/v2\/media\/13785"}],"wp:attachment":[{"href":"https:\/\/www.zeus-braun.sk\/index.php\/wp-json\/wp\/v2\/media?parent=13787"}],"wp:term":[{"taxonomy":"product_brand","embeddable":true,"href":"https:\/\/www.zeus-braun.sk\/index.php\/wp-json\/wp\/v2\/product_brand?post=13787"},{"taxonomy":"product_cat","embeddable":true,"href":"https:\/\/www.zeus-braun.sk\/index.php\/wp-json\/wp\/v2\/product_cat?post=13787"},{"taxonomy":"product_tag","embeddable":true,"href":"https:\/\/www.zeus-braun.sk\/index.php\/wp-json\/wp\/v2\/product_tag?post=13787"}],"curies":[{"name":"wp","href":"https:\/\/api.w.org\/{rel}","templated":true}]}}