{"id":13761,"date":"2024-06-05T11:14:13","date_gmt":"2024-06-05T09:14:13","guid":{"rendered":"https:\/\/www.zeus-braun.sk\/index.php\/produkt\/nosetto-orechova-plnka-sypka-1kg\/"},"modified":"2026-01-03T18:06:49","modified_gmt":"2026-01-03T17:06:49","slug":"nosetto-orechova-plnka-sypka-1kg","status":"publish","type":"product","link":"https:\/\/www.zeus-braun.sk\/index.php\/produkt\/nosetto-orechova-plnka-sypka-1kg\/","title":{"rendered":"Nosetto orechov\u00e1 plnka sypk\u00e1 1kg"},"content":{"rendered":"<p>Vysoko kvalitn\u00e1 sypk\u00e1 plnka z mlet\u00fdch lieskov\u00fdch orechov, vhodn\u00e1 na plnenie kysnut\u00fdch kol\u00e1\u010dov, z\u00e1vinov, a in\u00fdch pek\u00e1rensk\u00fdch v\u00fdrobkov.<\/p>\n<p><strong>Z\u00e1kladn\u00fd recept:<\/strong><\/p>\n<p>1000g orechov\u00e1 plnka<br \/>\n700g voda alebo plnotu\u010dn\u00e9 mlieko<\/p>\n<p>V\u0161etky suroviny dobre vymie\u0161ajte, pred pou\u017eit\u00edm nechajte napu\u010da\u0165 cca 10 min\u00fat.<\/p>\n<p>&nbsp;<\/p>\n<p><strong>Podmienky skladovania:<\/strong><\/p>\n<p>skladova\u0165 do max. 20 \u00b0 C v suchom, uzavretom priestore, v p\u00f4vodnom obale, chr\u00e1\u0148te pred mrazom a priamym slne\u010dn\u00fdm svetlom.<\/p>\n","protected":false},"excerpt":{"rendered":"<p>Vysoko kvalitn\u00e1 sypk\u00e1 plnka z mlet\u00fdch lieskov\u00fdch orechov, vhodn\u00e1 na plnenie kysnut\u00fdch kol\u00e1\u010dov, z\u00e1vinov, a in\u00fdch pek\u00e1rensk\u00fdch v\u00fdrobkov.<\/p>\n<p><strong>Balenie: 1kg<\/strong><\/p>\n","protected":false},"featured_media":13289,"comment_status":"open","ping_status":"closed","template":"","meta":[],"product_brand":[],"product_cat":[240,224,232,179,43],"product_tag":[],"class_list":{"0":"post-13761","1":"product","2":"type-product","3":"status-publish","4":"has-post-thumbnail","6":"product_cat-240","7":"product_cat-frontpage","8":"product_cat-sypke-plnky","9":"product_cat-vianocny_vyber","10":"product_cat-kremy-a-plnky","11":"has-post-title","12":"has-post-date","13":"has-post-category","14":"has-post-tag","15":"has-post-comment","16":"has-post-author","17":"","19":"first","20":"instock","21":"taxable","22":"shipping-taxable","23":"purchasable","24":"product-type-simple"},"jetpack_sharing_enabled":true,"builder_content":"","_links":{"self":[{"href":"https:\/\/www.zeus-braun.sk\/index.php\/wp-json\/wp\/v2\/product\/13761","targetHints":{"allow":["GET"]}}],"collection":[{"href":"https:\/\/www.zeus-braun.sk\/index.php\/wp-json\/wp\/v2\/product"}],"about":[{"href":"https:\/\/www.zeus-braun.sk\/index.php\/wp-json\/wp\/v2\/types\/product"}],"replies":[{"embeddable":true,"href":"https:\/\/www.zeus-braun.sk\/index.php\/wp-json\/wp\/v2\/comments?post=13761"}],"wp:featuredmedia":[{"embeddable":true,"href":"https:\/\/www.zeus-braun.sk\/index.php\/wp-json\/wp\/v2\/media\/13289"}],"wp:attachment":[{"href":"https:\/\/www.zeus-braun.sk\/index.php\/wp-json\/wp\/v2\/media?parent=13761"}],"wp:term":[{"taxonomy":"product_brand","embeddable":true,"href":"https:\/\/www.zeus-braun.sk\/index.php\/wp-json\/wp\/v2\/product_brand?post=13761"},{"taxonomy":"product_cat","embeddable":true,"href":"https:\/\/www.zeus-braun.sk\/index.php\/wp-json\/wp\/v2\/product_cat?post=13761"},{"taxonomy":"product_tag","embeddable":true,"href":"https:\/\/www.zeus-braun.sk\/index.php\/wp-json\/wp\/v2\/product_tag?post=13761"}],"curies":[{"name":"wp","href":"https:\/\/api.w.org\/{rel}","templated":true}]}}