{"id":13760,"date":"2024-06-24T12:31:21","date_gmt":"2024-06-24T10:31:21","guid":{"rendered":"https:\/\/www.zeus-braun.sk\/index.php\/produkt\/prama-praline-z-mandli-1kg\/"},"modified":"2026-04-24T14:13:00","modified_gmt":"2026-04-24T12:13:00","slug":"prama-praline-z-mandli-1kg","status":"publish","type":"product","link":"https:\/\/www.zeus-braun.sk\/index.php\/produkt\/prama-praline-z-mandli-1kg\/","title":{"rendered":"PRAMA &#8211; Pralin\u00e9 z mandl\u00ed 1kg"},"content":{"rendered":"<p style=\"font-weight: 400\">Mand\u013eov\u00e9 pralin\u00e9 vyroben\u00e9 z prvotriednych mandl\u00ed a milovan\u00e1 pre vynikaj\u00facu trad\u00edciu ru\u010dnej v\u00fdroby. Iba tie najkvalitnej\u0161ie mandle a cukor &#8211; ide\u00e1lne na pou\u017eitie do dezertov, l\u00edstkov\u00e9ho pe\u010diva \u010di praliniek.<\/p>\n<p style=\"font-weight: 400\">Almond Praline Callebaut\u00ae &#8211; PRAMA sa vyr\u00e1ba z prvotriednych mandl\u00ed, ktor\u00e9 sa l\u00fapu tesne pred pra\u017een\u00edm a odha\u013euj\u00fa tak \u010derstv\u00fa, jemne pra\u017een\u00fa, ovocn\u00fa a lahodne sladk\u00fa chu\u0165. Mandle s\u00fa p\u00e1len\u00e9 a\u017e do zlatohnedej farby a potom s\u00fa jemne v\u00e1lan\u00e9 a kon\u010dovan\u00e9 do jemnej, tekutej pasty.<\/p>\n<p style=\"font-weight: 400\">Almond Praline sa ve\u013emi dobre p\u00e1ruj\u00fa s jemnej\u0161\u00edmi \u010dokol\u00e1dami, menej sladk\u00fdmi s\u00a0nie pr\u00edli\u0161 vysok\u00fdm obsahom kakaa, aby vynikli mand\u013eov\u00e9 t\u00f3ny. \u010ealej je dokonal\u00e1 pre dochucovanie kr\u00e9mov, pien a zmrzl\u00edn.<\/p>\n<p style=\"font-weight: 400\"><b><strong>Podmienky skladovania:\u00a0<\/strong><\/b>Nevystavujte priamemu slne\u010dn\u00e9mu \u017eiareniu, skladujte na suchom mieste bez v\u00f4n\u00ed a pachov, pri teplote 12 \u2013 20 \u00b0C a relat\u00edvnej vlhkosti do 70 %.<\/p>\n","protected":false},"excerpt":{"rendered":"<p style=\"font-weight: 400\">Pasta mand\u013eov\u00e1, sladen\u00e1. Obsahuje 46,5 % mandl\u00ed.<\/p>\n<p style=\"font-weight: 400\"><b><strong>Balenie: 1 kg<br \/>\n(obr\u00e1zok je ilustra\u010dn\u00fd, dod\u00e1vame v n\u00e1hradnom 1kg balen\u00ed)<\/strong><\/b><\/p>\n","protected":false},"featured_media":12883,"comment_status":"closed","ping_status":"closed","template":"","meta":[],"product_brand":[],"product_cat":[240,229,54,47],"product_tag":[57],"class_list":{"0":"post-13760","1":"product","2":"type-product","3":"status-publish","4":"has-post-thumbnail","6":"product_cat-240","7":"product_cat-hotove-plnky","8":"product_cat-orieskove-pasty","9":"product_cat-plnky-do-praliniek","10":"product_tag-barry-callebaut","11":"has-post-title","12":"has-post-date","13":"has-post-category","14":"has-post-tag","15":"has-post-comment","16":"has-post-author","17":"","19":"first","20":"instock","21":"taxable","22":"shipping-taxable","23":"purchasable","24":"product-type-simple"},"jetpack_sharing_enabled":true,"builder_content":"","_links":{"self":[{"href":"https:\/\/www.zeus-braun.sk\/index.php\/wp-json\/wp\/v2\/product\/13760","targetHints":{"allow":["GET"]}}],"collection":[{"href":"https:\/\/www.zeus-braun.sk\/index.php\/wp-json\/wp\/v2\/product"}],"about":[{"href":"https:\/\/www.zeus-braun.sk\/index.php\/wp-json\/wp\/v2\/types\/product"}],"replies":[{"embeddable":true,"href":"https:\/\/www.zeus-braun.sk\/index.php\/wp-json\/wp\/v2\/comments?post=13760"}],"wp:featuredmedia":[{"embeddable":true,"href":"https:\/\/www.zeus-braun.sk\/index.php\/wp-json\/wp\/v2\/media\/12883"}],"wp:attachment":[{"href":"https:\/\/www.zeus-braun.sk\/index.php\/wp-json\/wp\/v2\/media?parent=13760"}],"wp:term":[{"taxonomy":"product_brand","embeddable":true,"href":"https:\/\/www.zeus-braun.sk\/index.php\/wp-json\/wp\/v2\/product_brand?post=13760"},{"taxonomy":"product_cat","embeddable":true,"href":"https:\/\/www.zeus-braun.sk\/index.php\/wp-json\/wp\/v2\/product_cat?post=13760"},{"taxonomy":"product_tag","embeddable":true,"href":"https:\/\/www.zeus-braun.sk\/index.php\/wp-json\/wp\/v2\/product_tag?post=13760"}],"curies":[{"name":"wp","href":"https:\/\/api.w.org\/{rel}","templated":true}]}}