{"id":13759,"date":"2024-06-24T12:31:23","date_gmt":"2024-06-24T10:31:23","guid":{"rendered":"https:\/\/www.zeus-braun.sk\/index.php\/produkt\/pra-praline-z-lieskovcov-1kg\/"},"modified":"2026-04-24T14:13:00","modified_gmt":"2026-04-24T12:13:00","slug":"pra-praline-z-lieskovcov-1kg","status":"publish","type":"product","link":"https:\/\/www.zeus-braun.sk\/index.php\/produkt\/pra-praline-z-lieskovcov-1kg\/","title":{"rendered":"PRA &#8211; Pralin\u00e9 z lieskovcov 1kg"},"content":{"rendered":"<p style=\"font-weight: 400\">Orie\u0161kov\u00e9 pralin\u00e9 Callebaut s 50% stredne pra\u017een\u00fdch lieskov\u00fdch orie\u0161kov. Iba tie najkvalitnej\u0161ie orie\u0161ky a cukor &#8211; ide\u00e1lne na pou\u017eitie do dezertov, l\u00edstkov\u00e9ho pe\u010diva \u010di praliniek.<\/p>\n<p style=\"font-weight: 400\">Spolo\u010dnos\u0165 Callebaut\u00ae vyber\u00e1 najlep\u0161ie lieskov\u00e9 orie\u0161ky zo sadov v \u0160panielsku, Taliansku a Turecku. Lieskov\u00e9 orie\u0161ky s\u00fa zbieran\u00e9, ke\u010f s\u00fa \u00faplne zrel\u00e9, a skladuj\u00fa sa za optim\u00e1lnych podmienok bez pr\u00edstupu svetla, vzduchu a kol\u00edsania teploty, a to max. po dobu 12 mesiacov. L\u00fapu sa max. 12 hod\u00edn pred pra\u017een\u00edm, aby boli chr\u00e1nen\u00e9 ich esenci\u00e1lne oleje a zachovan\u00e9 ich lahodn\u00e9, ovocn\u00e9 pr\u00edchute. Lieskov\u00e9 orie\u0161ky sa potom jemne pra\u017eia, mel\u00fa, mie\u0161aj\u00fa s cukrom a zaba\u013euj\u00fa do zlatej pralinky.<\/p>\n<p style=\"font-weight: 400\">M\u00f4\u017eete o\u010dak\u00e1va\u0165 pr\u00edjemne sladk\u00fa chu\u0165 s hojnos\u0165ou ovocn\u00fdch t\u00f3nov a jemn\u00fdmi pra\u017een\u00fdmi n\u00e1znakmi.<\/p>\n<p style=\"font-weight: 400\">Hazelnut Praline Callebaut\u00ae je proste dokonal\u00e1 pre p\u00e1rovanie s \u010dokol\u00e1dou pri vytv\u00e1ran\u00ed n\u00e1pln\u00ed do tvarovan\u00fdch praliniek a tabuliek. Na t\u00fato pralinku sa m\u00f4\u017eete spo\u013eahn\u00fa\u0165 aj pri dochucovan\u00ed svojej zmrzliny, kr\u00e9mov do kol\u00e1\u010dov, bavorsk\u00e9ho pe\u010diva, pien a mnoh\u00e9ho \u010fal\u0161ieho.<\/p>\n<p style=\"font-weight: 400\"><b><strong>Podmienky skladovania:<\/strong><\/b>\u00a0Nevystavujte priamemu slne\u010dn\u00e9mu \u017eiareniu, skladujte na suchom mieste bez v\u00f4n\u00ed a pachov, pri teplote 12 \u2013 20 \u00b0C a relat\u00edvnej vlhkosti do 70 %.<\/p>\n","protected":false},"excerpt":{"rendered":"<p style=\"font-weight: 400\">Pasta z lieskov\u00fdch orechov, sladen\u00e1. Iba tie najkvalitnej\u0161ie orie\u0161ky a cukor &#8211; ide\u00e1lne na pou\u017eitie do dezertov, l\u00edstkov\u00e9ho pe\u010diva \u010di praliniek.<\/p>\n<p style=\"font-weight: 400\"><b><strong>Balenie: 1 kg<\/strong><\/b><\/p>\n<p><b><strong>(obr\u00e1zok je ilustra\u010dn\u00fd, dod\u00e1vame v n\u00e1hradnom 1kg balen\u00ed)<\/strong><\/b><\/p>\n","protected":false},"featured_media":12884,"comment_status":"closed","ping_status":"closed","template":"","meta":[],"product_brand":[],"product_cat":[240,229,54,47],"product_tag":[57],"class_list":{"0":"post-13759","1":"product","2":"type-product","3":"status-publish","4":"has-post-thumbnail","6":"product_cat-240","7":"product_cat-hotove-plnky","8":"product_cat-orieskove-pasty","9":"product_cat-plnky-do-praliniek","10":"product_tag-barry-callebaut","11":"has-post-title","12":"has-post-date","13":"has-post-category","14":"has-post-tag","15":"has-post-comment","16":"has-post-author","17":"","19":"first","20":"instock","21":"taxable","22":"shipping-taxable","23":"purchasable","24":"product-type-simple"},"jetpack_sharing_enabled":true,"builder_content":"","_links":{"self":[{"href":"https:\/\/www.zeus-braun.sk\/index.php\/wp-json\/wp\/v2\/product\/13759","targetHints":{"allow":["GET"]}}],"collection":[{"href":"https:\/\/www.zeus-braun.sk\/index.php\/wp-json\/wp\/v2\/product"}],"about":[{"href":"https:\/\/www.zeus-braun.sk\/index.php\/wp-json\/wp\/v2\/types\/product"}],"replies":[{"embeddable":true,"href":"https:\/\/www.zeus-braun.sk\/index.php\/wp-json\/wp\/v2\/comments?post=13759"}],"wp:featuredmedia":[{"embeddable":true,"href":"https:\/\/www.zeus-braun.sk\/index.php\/wp-json\/wp\/v2\/media\/12884"}],"wp:attachment":[{"href":"https:\/\/www.zeus-braun.sk\/index.php\/wp-json\/wp\/v2\/media?parent=13759"}],"wp:term":[{"taxonomy":"product_brand","embeddable":true,"href":"https:\/\/www.zeus-braun.sk\/index.php\/wp-json\/wp\/v2\/product_brand?post=13759"},{"taxonomy":"product_cat","embeddable":true,"href":"https:\/\/www.zeus-braun.sk\/index.php\/wp-json\/wp\/v2\/product_cat?post=13759"},{"taxonomy":"product_tag","embeddable":true,"href":"https:\/\/www.zeus-braun.sk\/index.php\/wp-json\/wp\/v2\/product_tag?post=13759"}],"curies":[{"name":"wp","href":"https:\/\/api.w.org\/{rel}","templated":true}]}}