{"id":1365,"date":"2022-03-01T18:00:56","date_gmt":"2022-03-01T17:00:56","guid":{"rendered":"https:\/\/www.zeus-braun.sk\/?post_type=product&#038;p=1365"},"modified":"2026-04-29T12:53:14","modified_gmt":"2026-04-29T10:53:14","slug":"folie-na-lizatka-happy-eggs-f032693-2","status":"publish","type":"product","link":"https:\/\/www.zeus-braun.sk\/index.php\/produkt\/folie-na-lizatka-happy-eggs-f032693-2\/","title":{"rendered":"F\u00f3lie na l\u00edzatk\u00e1 Happy Eggs F032693 12ks"},"content":{"rendered":"<p>Transfer na v\u00fdrobu \u010dokol\u00e1dov\u00fdch l\u00edzaniek s r\u00f4znymi v\u00fdtla\u010dkami na b\u00e1ze farebn\u00e9ho cukru.<\/p>\n<p>Tip na Ve\u013ek\u00fa Noc.<\/p>\n<p>F\u00f3lia je ur\u010den\u00e1 do magnetickej formy<\/p>\n<blockquote class=\"wp-embedded-content\" data-secret=\"0W6C5pEvgk\"><p><a href=\"https:\/\/www.cokolady.sk\/produkt\/magneticka-forma-lizatko\/\">Magnetick\u00e1 forma l\u00edzatko<\/a><\/p><\/blockquote>\n<p><iframe loading=\"lazy\" class=\"wp-embedded-content\" sandbox=\"allow-scripts\" security=\"restricted\" style=\"position: absolute; clip: rect(1px, 1px, 1px, 1px);\" title=\"&#8220;Magnetick\u00e1 forma l\u00edzatko&#8221; &#8212; \u010cokolady.sk\" src=\"https:\/\/www.cokolady.sk\/produkt\/magneticka-forma-lizatko\/embed\/#?secret=G3yhyypYY8#?secret=0W6C5pEvgk\" data-secret=\"0W6C5pEvgk\" width=\"600\" height=\"338\" frameborder=\"0\" marginwidth=\"0\" marginheight=\"0\" scrolling=\"no\"><\/iframe><\/p>\n<p>&nbsp;<\/p>\n<p>&nbsp;<\/p>\n<!--themify_builder_content-->\n<div id=\"themify_builder_content-1365\" data-postid=\"1365\" class=\"themify_builder_content themify_builder_content-1365 themify_builder tf_clear\">\n    <\/div>\n<!--\/themify_builder_content-->\n","protected":false},"excerpt":{"rendered":"<p>Potla\u010dov\u00e1 f\u00f3lia na \u010dokol\u00e1du.<\/p>\n<p>Rozmer jednej f\u00f3lie 16,3 x 26,4 cm<\/p>\n<p>5 ks na jednej f\u00f3lii<\/p>\n<p><strong>Balenie<\/strong>: 12ks f\u00f3li\u00ed<\/p>\n","protected":false},"featured_media":11239,"comment_status":"open","ping_status":"closed","template":"","meta":[],"product_brand":[],"product_cat":[240,156,106,109],"product_tag":[95],"class_list":{"0":"post-1365","1":"product","2":"type-product","3":"status-publish","4":"has-post-thumbnail","6":"product_cat-240","7":"product_cat-akcia_velka_noc","8":"product_cat-folie","9":"product_cat-folie-na-lizatka","10":"product_tag-ibc-belgium","11":"has-post-title","12":"has-post-date","13":"has-post-category","14":"has-post-tag","15":"has-post-comment","16":"has-post-author","17":"","19":"first","20":"instock","21":"sale","22":"taxable","23":"shipping-taxable","24":"purchasable","25":"product-type-simple"},"jetpack_sharing_enabled":true,"builder_content":"","_links":{"self":[{"href":"https:\/\/www.zeus-braun.sk\/index.php\/wp-json\/wp\/v2\/product\/1365","targetHints":{"allow":["GET"]}}],"collection":[{"href":"https:\/\/www.zeus-braun.sk\/index.php\/wp-json\/wp\/v2\/product"}],"about":[{"href":"https:\/\/www.zeus-braun.sk\/index.php\/wp-json\/wp\/v2\/types\/product"}],"replies":[{"embeddable":true,"href":"https:\/\/www.zeus-braun.sk\/index.php\/wp-json\/wp\/v2\/comments?post=1365"}],"wp:featuredmedia":[{"embeddable":true,"href":"https:\/\/www.zeus-braun.sk\/index.php\/wp-json\/wp\/v2\/media\/11239"}],"wp:attachment":[{"href":"https:\/\/www.zeus-braun.sk\/index.php\/wp-json\/wp\/v2\/media?parent=1365"}],"wp:term":[{"taxonomy":"product_brand","embeddable":true,"href":"https:\/\/www.zeus-braun.sk\/index.php\/wp-json\/wp\/v2\/product_brand?post=1365"},{"taxonomy":"product_cat","embeddable":true,"href":"https:\/\/www.zeus-braun.sk\/index.php\/wp-json\/wp\/v2\/product_cat?post=1365"},{"taxonomy":"product_tag","embeddable":true,"href":"https:\/\/www.zeus-braun.sk\/index.php\/wp-json\/wp\/v2\/product_tag?post=1365"}],"curies":[{"name":"wp","href":"https:\/\/api.w.org\/{rel}","templated":true}]}}