{"id":13440,"date":"2020-10-14T15:26:12","date_gmt":"2020-10-14T13:26:12","guid":{"rendered":"https:\/\/www.zeus-braun.sk\/index.php\/produkt\/muffins-zmes-15kg-2\/"},"modified":"2026-04-24T14:13:16","modified_gmt":"2026-04-24T12:13:16","slug":"muffins-zmes-15kg-2","status":"publish","type":"product","link":"https:\/\/www.zeus-braun.sk\/index.php\/produkt\/muffins-zmes-15kg-2\/","title":{"rendered":"American Mafin &#8211; zmes na pe\u010denie 15kg"},"content":{"rendered":"<p>Jemn\u00e1 pr\u00e1\u0161kov\u00e1 zmes na v\u00fdrobu mafinov. Zmes m\u00f4\u017eete obohati\u0165 zapekacou \u010dokol\u00e1dou, k\u00faskami orechov alebo kandizovan\u00fdm \u010di su\u0161en\u00fdm ovoc\u00edm:<\/p>\n<p><a href=\"https:\/\/www.cokolady.sk\/produkt\/karamelizovane-oriesky-bres\/\">Karamelizovan\u00e9 lieskovce &#8211; BRES<\/a><\/p>\n<p><a href=\"https:\/\/www.cokolady.sk\/kategoria-produktu\/cokolada-callebaut\/na-pecenie\/\">Zapekacia \u010dokol\u00e1da<\/a><\/p>\n<p><b>Balenie: 15kg<\/b><\/p>\n<p><strong>Z\u00e1kladn\u00fd recept:<\/strong><\/p>\n<p>1000 g muffins<\/p>\n<p>400 g\u00a0 voda<\/p>\n<p>400 g olej<\/p>\n<p>V\u0161etky pr\u00edsady spolu vymie\u0161a\u0165 pribli\u017ene 3 min\u00faty. Plni\u0165 do mafinovej formy s mafinov\u00fdmi ko\u0161\u00ed\u010dkami\u00a0<a href=\"https:\/\/www.cokolady.sk\/produkt\/male-kosicky-na-muffins-2\/\">Ko\u0161\u00ed\u010dky na muffins mal\u00e9<\/a><\/p>\n<p>Piec\u0165 pri 190\u00b0C od 20-40 min v z\u00e1vislosti\u00a0od ve\u013ekosti ko\u0161\u00ed\u010dka, men\u0161ie ko\u0161\u00ed\u010dky (60g) piec\u0165 20-25 min a v\u00e4\u010d\u0161ie ko\u0161\u00ed\u010dky (110g) cca 35-40 min.<\/p>\n<p><strong>Recepty:<\/strong><\/p>\n<p><a href=\"https:\/\/www.zeus-braun.sk\/wp-content\/uploads\/2020\/04\/528_RU_Muffins_01.pdf\">528_RU_Muffins_01<\/a><\/p>\n<p>&nbsp;<\/p>\n<p><strong>Podmienky skladovania:<\/strong><\/p>\n<p>skladova\u0165 do max. 20 \u00b0 C v suchom, uzavretom priestore, v p\u00f4vodnom obale, chr\u00e1\u0148te pred mrazom a priamym slne\u010dn\u00fdm svetlom.<\/p>\n","protected":false},"excerpt":{"rendered":"<p>Jemn\u00e1 pr\u00e1\u0161kov\u00e1 zmes na v\u00fdrobu mafinov. Zmes m\u00f4\u017eete obohati\u0165 zapekacou \u010dokol\u00e1dou, k\u00faskami orechov alebo kandizovan\u00fdm \u010di su\u0161en\u00fdm ovoc\u00edm.<\/p>\n<p><b>Balenie: 15kg<\/b><\/p>\n","protected":false},"featured_media":12816,"comment_status":"closed","ping_status":"closed","template":"","meta":[],"product_brand":[],"product_cat":[240,31],"product_tag":[33],"class_list":{"0":"post-13440","1":"product","2":"type-product","3":"status-publish","4":"has-post-thumbnail","6":"product_cat-240","7":"product_cat-zmesi-na-pecenie","8":"product_tag-martin-braun-kg","9":"has-post-title","10":"has-post-date","11":"has-post-category","12":"has-post-tag","13":"has-post-comment","14":"has-post-author","15":"","17":"first","18":"instock","19":"taxable","20":"shipping-taxable","21":"purchasable","22":"product-type-simple"},"jetpack_sharing_enabled":true,"builder_content":"","_links":{"self":[{"href":"https:\/\/www.zeus-braun.sk\/index.php\/wp-json\/wp\/v2\/product\/13440","targetHints":{"allow":["GET"]}}],"collection":[{"href":"https:\/\/www.zeus-braun.sk\/index.php\/wp-json\/wp\/v2\/product"}],"about":[{"href":"https:\/\/www.zeus-braun.sk\/index.php\/wp-json\/wp\/v2\/types\/product"}],"replies":[{"embeddable":true,"href":"https:\/\/www.zeus-braun.sk\/index.php\/wp-json\/wp\/v2\/comments?post=13440"}],"wp:featuredmedia":[{"embeddable":true,"href":"https:\/\/www.zeus-braun.sk\/index.php\/wp-json\/wp\/v2\/media\/12816"}],"wp:attachment":[{"href":"https:\/\/www.zeus-braun.sk\/index.php\/wp-json\/wp\/v2\/media?parent=13440"}],"wp:term":[{"taxonomy":"product_brand","embeddable":true,"href":"https:\/\/www.zeus-braun.sk\/index.php\/wp-json\/wp\/v2\/product_brand?post=13440"},{"taxonomy":"product_cat","embeddable":true,"href":"https:\/\/www.zeus-braun.sk\/index.php\/wp-json\/wp\/v2\/product_cat?post=13440"},{"taxonomy":"product_tag","embeddable":true,"href":"https:\/\/www.zeus-braun.sk\/index.php\/wp-json\/wp\/v2\/product_tag?post=13440"}],"curies":[{"name":"wp","href":"https:\/\/api.w.org\/{rel}","templated":true}]}}