{"id":1340,"date":"2022-02-03T11:19:23","date_gmt":"2022-02-03T10:19:23","guid":{"rendered":"https:\/\/www.zeus-braun.sk\/?post_type=product&#038;p=1340"},"modified":"2026-04-30T14:08:40","modified_gmt":"2026-04-30T12:08:40","slug":"kakaove-maslo-nonazo-cierna-245g","status":"publish","type":"product","link":"https:\/\/www.zeus-braun.sk\/index.php\/produkt\/kakaove-maslo-nonazo-cierna-245g\/","title":{"rendered":"Kakaov\u00e9 maslo \u010dierne 245g"},"content":{"rendered":"<p>\u010cierne kakaov\u00e9 maslo, prevedenie nonAZO. Farbivo E172 (oxid \u017eelezit\u00fd). Potravin\u00e1rske farbivo pr\u00edrodn\u00e9ho p\u00f4vodu, bez obsahu Oxidu titani\u010dit\u00e9ho. Vhodn\u00fd aj pre veg\u00e1nov.<\/p>\n<p>Pr\u00edrodn\u00e9 farbivo naviazan\u00e9 na kakaov\u00e9 maslo, vyvinut\u00e9 \u0161peci\u00e1lne na farbenie \u010dokol\u00e1dy, pralinkov\u00fdch foriem, velvet efekt na dezertoch a tort\u00e1ch.<\/p>\n<p>Cel\u00fa f\u013ea\u0161ku zohria\u0165 v mikrovlnnej r\u00fare v intervaloch 30 sek\u00fand na 33\u00b0C, neprehrieva\u0165, medzi intervalmi prehrka\u0165. Po zohriat\u00ed na \u017eiadan\u00fa teplotu, hrka\u0165 v ruke pribli\u017ene 2-3 min\u00faty pre kry\u0161taliz\u00e1ciu kakaov\u00e9ho masla. Ihne\u010f mo\u017en\u00e9 pou\u017ei\u0165 na farbenie foriem \u0161tetcom alebo Airbrush,\u00a0 zafarbenie \u010dokol\u00e1dy pre \u010fal\u0161ie pou\u017eitie.<\/p>\n<!--themify_builder_content-->\n<div id=\"themify_builder_content-1340\" data-postid=\"1340\" class=\"themify_builder_content themify_builder_content-1340 themify_builder tf_clear\">\n    <\/div>\n<!--\/themify_builder_content-->\n","protected":false},"excerpt":{"rendered":"<p>\u010cierne kakaov\u00e9 maslo, prevedenie nonAZO,\u00a0po nahriat\u00ed ihne\u010f vhodn\u00e9 na pou\u017eitie.<\/p>\n<p><b>Balenie: 245g<\/b><\/p>\n","protected":false},"featured_media":11412,"comment_status":"closed","ping_status":"closed","template":"","meta":[],"product_brand":[],"product_cat":[239,98,99,173],"product_tag":[95],"class_list":{"0":"post-1340","1":"product","2":"type-product","3":"status-publish","4":"has-post-thumbnail","6":"product_cat-239","7":"product_cat-farby","8":"product_cat-farby-na-cokoladu","9":"product_cat-farebne_kakaove_maslo","10":"product_tag-ibc-belgium","11":"has-post-title","12":"has-post-date","13":"has-post-category","14":"has-post-tag","15":"has-post-comment","16":"has-post-author","17":"","19":"first","20":"instock","21":"taxable","22":"shipping-taxable","23":"purchasable","24":"product-type-simple"},"jetpack_sharing_enabled":true,"builder_content":"","_links":{"self":[{"href":"https:\/\/www.zeus-braun.sk\/index.php\/wp-json\/wp\/v2\/product\/1340","targetHints":{"allow":["GET"]}}],"collection":[{"href":"https:\/\/www.zeus-braun.sk\/index.php\/wp-json\/wp\/v2\/product"}],"about":[{"href":"https:\/\/www.zeus-braun.sk\/index.php\/wp-json\/wp\/v2\/types\/product"}],"replies":[{"embeddable":true,"href":"https:\/\/www.zeus-braun.sk\/index.php\/wp-json\/wp\/v2\/comments?post=1340"}],"wp:featuredmedia":[{"embeddable":true,"href":"https:\/\/www.zeus-braun.sk\/index.php\/wp-json\/wp\/v2\/media\/11412"}],"wp:attachment":[{"href":"https:\/\/www.zeus-braun.sk\/index.php\/wp-json\/wp\/v2\/media?parent=1340"}],"wp:term":[{"taxonomy":"product_brand","embeddable":true,"href":"https:\/\/www.zeus-braun.sk\/index.php\/wp-json\/wp\/v2\/product_brand?post=1340"},{"taxonomy":"product_cat","embeddable":true,"href":"https:\/\/www.zeus-braun.sk\/index.php\/wp-json\/wp\/v2\/product_cat?post=1340"},{"taxonomy":"product_tag","embeddable":true,"href":"https:\/\/www.zeus-braun.sk\/index.php\/wp-json\/wp\/v2\/product_tag?post=1340"}],"curies":[{"name":"wp","href":"https:\/\/api.w.org\/{rel}","templated":true}]}}