{"id":1339,"date":"2022-02-03T11:17:50","date_gmt":"2022-02-03T10:17:50","guid":{"rendered":"https:\/\/www.zeus-braun.sk\/?post_type=product&#038;p=1339"},"modified":"2026-04-24T14:09:17","modified_gmt":"2026-04-24T12:09:17","slug":"kakaove-maslo-nonazo-biela-245g","status":"publish","type":"product","link":"https:\/\/www.zeus-braun.sk\/index.php\/produkt\/kakaove-maslo-nonazo-biela-245g\/","title":{"rendered":"Kakaov\u00e9 maslo biele 245g"},"content":{"rendered":"<p>Biele kakaov\u00e9 maslo, prevedenie nonAZO. Farbivo E170.<\/p>\n<p>Pr\u00edrodn\u00e9 farbivo naviazan\u00e9 na kakaov\u00e9 maslo, vyvinut\u00e9 \u0161peci\u00e1lne na farbenie \u010dokol\u00e1dy, pralinkov\u00fdch foriem, velvet efekt na dezertoch a tort\u00e1ch.<\/p>\n<p>Cel\u00fa f\u013ea\u0161ku zohria\u0165 v mikrovlnnej r\u00fare v intervaloch 30 sek\u00fand na 33\u00b0C, neprehrieva\u0165, medzi intervalmi prehrka\u0165. Po zohriat\u00ed na \u017eiadan\u00fa teplotu, hrka\u0165 v ruke pribli\u017ene 2-3 min\u00faty pre kry\u0161taliz\u00e1ciu kakaov\u00e9ho masla. Ihne\u010f mo\u017en\u00e9 pou\u017ei\u0165 na farbenie foriem \u0161tetcom alebo Airbrush,\u00a0 zafarbenie \u010dokol\u00e1dy pre \u010fal\u0161ie pou\u017eitie.<\/p>\n","protected":false},"excerpt":{"rendered":"<p>Biele kakaov\u00e9 maslo, prevedenie nonAZO, po nahriat\u00ed ihne\u010f vhodn\u00e9 na pou\u017eitie.<\/p>\n<p><b>Balenie: 245g<\/b><\/p>\n","protected":false},"featured_media":13912,"comment_status":"closed","ping_status":"closed","template":"","meta":[],"product_brand":[],"product_cat":[239,34,179,98,99,173],"product_tag":[95],"class_list":{"0":"post-1339","1":"product","2":"type-product","3":"status-publish","4":"has-post-thumbnail","6":"product_cat-239","7":"product_cat-akcie","8":"product_cat-vianocny_vyber","9":"product_cat-farby","10":"product_cat-farby-na-cokoladu","11":"product_cat-farebne_kakaove_maslo","12":"product_tag-ibc-belgium","13":"has-post-title","14":"has-post-date","15":"has-post-category","16":"has-post-tag","17":"has-post-comment","18":"has-post-author","19":"","21":"first","22":"instock","23":"taxable","24":"shipping-taxable","25":"purchasable","26":"product-type-simple"},"jetpack_sharing_enabled":true,"builder_content":"","_links":{"self":[{"href":"https:\/\/www.zeus-braun.sk\/index.php\/wp-json\/wp\/v2\/product\/1339","targetHints":{"allow":["GET"]}}],"collection":[{"href":"https:\/\/www.zeus-braun.sk\/index.php\/wp-json\/wp\/v2\/product"}],"about":[{"href":"https:\/\/www.zeus-braun.sk\/index.php\/wp-json\/wp\/v2\/types\/product"}],"replies":[{"embeddable":true,"href":"https:\/\/www.zeus-braun.sk\/index.php\/wp-json\/wp\/v2\/comments?post=1339"}],"wp:featuredmedia":[{"embeddable":true,"href":"https:\/\/www.zeus-braun.sk\/index.php\/wp-json\/wp\/v2\/media\/13912"}],"wp:attachment":[{"href":"https:\/\/www.zeus-braun.sk\/index.php\/wp-json\/wp\/v2\/media?parent=1339"}],"wp:term":[{"taxonomy":"product_brand","embeddable":true,"href":"https:\/\/www.zeus-braun.sk\/index.php\/wp-json\/wp\/v2\/product_brand?post=1339"},{"taxonomy":"product_cat","embeddable":true,"href":"https:\/\/www.zeus-braun.sk\/index.php\/wp-json\/wp\/v2\/product_cat?post=1339"},{"taxonomy":"product_tag","embeddable":true,"href":"https:\/\/www.zeus-braun.sk\/index.php\/wp-json\/wp\/v2\/product_tag?post=1339"}],"curies":[{"name":"wp","href":"https:\/\/api.w.org\/{rel}","templated":true}]}}