{"id":13351,"date":"2020-10-14T15:26:39","date_gmt":"2020-10-14T13:26:39","guid":{"rendered":"https:\/\/www.zeus-braun.sk\/index.php\/produkt\/schokobella-tmava-2\/"},"modified":"2026-04-24T14:09:56","modified_gmt":"2026-04-24T12:09:56","slug":"schokobella-tmava","status":"publish","type":"product","link":"https:\/\/www.zeus-braun.sk\/index.php\/produkt\/schokobella-tmava\/","title":{"rendered":"Bellanossa 6kg"},"content":{"rendered":"<p>Revolu\u010dn\u00fd <strong>nug\u00e1tov\u00fd<\/strong> kr\u00e9m s <strong>k\u00faskami kakaov\u00fdch b\u00f4bov &#8211; nibs<\/strong> pre ka\u017ed\u00fa cukr\u00e1re\u0148 a pek\u00e1re\u0148. Kr\u00e9m pod\u013ea patentovan\u00e9ho receptu zaru\u010duje dlhotrvaj\u00facu st\u00e1los\u0165.<\/p>\n<p>Ako stabiliz\u00e1tor je pou\u017eit\u00fd pr\u00edrodn\u00fd s\u00f3jov\u00fd-lecit\u00edn, bez pridan\u00fdch konzervantov predl\u017euj\u00faci z\u00e1ruku va\u0161ich v\u00fdrobkov. Kr\u00e9m je stabiln\u00fd po vy\u0161\u013eahan\u00ed a\u017e do 3 mesiacov. Jednoduch\u00e9 pou\u017eitie pom\u00e1ha ur\u00fdchli\u0165 proces v\u00fdroby, skracuje n\u00e1ro\u010dnos\u0165 na pr\u00e1cu.<\/p>\n<p>Kr\u00e9m je pripraven\u00fd na pou\u017eitie okam\u017eite po otvoren\u00ed balenia. Sta\u010d\u00ed vlo\u017ei\u0165 kr\u00e9m v tuhom stave do \u0161\u013eaha\u010da a pribli\u017ene 4min\u00faty \u0161\u013eaha\u0165. Kr\u00e9m nie je mo\u017en\u00e9 pre\u0161\u013eaha\u0165, pri spr\u00e1vnej konzistencii sa daj\u00fa\u00a0 \u0165aha\u0165 aj \u0161pice. Ak pri \u0161\u013eahan\u00ed ost\u00e1va kr\u00e9m pr\u00edli\u0161 m\u00e4kk\u00fd, vlo\u017ete ho na 30min do chladni\u010dky, kde op\u00e4\u0165 stuhne. Po stuhnut\u00ed ho m\u00f4\u017eeme op\u00e4\u0165 \u0161\u013eaha\u0165. D\u00e1 sa pou\u017ei\u0165 aj ako poleva , zamatovo leskl\u00e1 s chrumkav\u00fdmi k\u00faskami . Po nahriat\u00ed cca na\u00a0 45\u00b0C sa \u0148ou m\u00f4\u017ee oblia\u0165 dezert. Po stuhnut\u00ed sa\u00a0 nel\u00e1me a d\u00e1 sa pekne kr\u00e1ja\u0165 no\u017eom.<\/p>\n<p><span style=\"color: #666666\"><b>Podmienky skladovania:<\/b><\/span><\/p>\n<p><span style=\"color: #666666\">skladova\u0165 do max. 20 \u00b0 C v suchom, uzavretom priestore, v p\u00f4vodnom obale, chr\u00e1\u0148te pred mrazom a priamym slne\u010dn\u00fdm svetlom.<\/span><\/p>\n","protected":false},"excerpt":{"rendered":"<p>Revolu\u010dn\u00fd <strong>nug\u00e1tov\u00fd<\/strong> kr\u00e9m s <strong>k\u00faskami kakaov\u00fdch b\u00f4bov &#8211; nibs <\/strong>pre ka\u017ed\u00fa cukr\u00e1re\u0148 a pek\u00e1re\u0148. Kr\u00e9m pod\u013ea patentovan\u00e9ho receptu zaru\u010duje dlhotrvaj\u00facu st\u00e1los\u0165.<\/p>\n<p><strong>Balenie: 6kg<\/strong><\/p>\n","protected":false},"featured_media":13350,"comment_status":"closed","ping_status":"closed","template":"","meta":[],"product_brand":[],"product_cat":[240,229,49,47,48],"product_tag":[33],"class_list":{"0":"post-13351","1":"product","2":"type-product","3":"status-publish","4":"has-post-thumbnail","6":"product_cat-240","7":"product_cat-hotove-plnky","8":"product_cat-hotove-kremy","9":"product_cat-plnky-do-praliniek","10":"product_cat-polevy","11":"product_tag-martin-braun-kg","12":"has-post-title","13":"has-post-date","14":"has-post-category","15":"has-post-tag","16":"has-post-comment","17":"has-post-author","18":"","20":"first","21":"instock","22":"taxable","23":"shipping-taxable","24":"purchasable","25":"product-type-simple"},"jetpack_sharing_enabled":true,"builder_content":"","_links":{"self":[{"href":"https:\/\/www.zeus-braun.sk\/index.php\/wp-json\/wp\/v2\/product\/13351","targetHints":{"allow":["GET"]}}],"collection":[{"href":"https:\/\/www.zeus-braun.sk\/index.php\/wp-json\/wp\/v2\/product"}],"about":[{"href":"https:\/\/www.zeus-braun.sk\/index.php\/wp-json\/wp\/v2\/types\/product"}],"replies":[{"embeddable":true,"href":"https:\/\/www.zeus-braun.sk\/index.php\/wp-json\/wp\/v2\/comments?post=13351"}],"wp:featuredmedia":[{"embeddable":true,"href":"https:\/\/www.zeus-braun.sk\/index.php\/wp-json\/wp\/v2\/media\/13350"}],"wp:attachment":[{"href":"https:\/\/www.zeus-braun.sk\/index.php\/wp-json\/wp\/v2\/media?parent=13351"}],"wp:term":[{"taxonomy":"product_brand","embeddable":true,"href":"https:\/\/www.zeus-braun.sk\/index.php\/wp-json\/wp\/v2\/product_brand?post=13351"},{"taxonomy":"product_cat","embeddable":true,"href":"https:\/\/www.zeus-braun.sk\/index.php\/wp-json\/wp\/v2\/product_cat?post=13351"},{"taxonomy":"product_tag","embeddable":true,"href":"https:\/\/www.zeus-braun.sk\/index.php\/wp-json\/wp\/v2\/product_tag?post=13351"}],"curies":[{"name":"wp","href":"https:\/\/api.w.org\/{rel}","templated":true}]}}