{"id":13082,"date":"2024-02-14T10:29:00","date_gmt":"2024-02-14T09:29:00","guid":{"rendered":"https:\/\/www.zeus-braun.sk\/?post_type=product&#038;p=13082"},"modified":"2026-04-24T14:13:09","modified_gmt":"2026-04-24T12:13:09","slug":"farba-praskova-biela-130g","status":"publish","type":"product","link":"https:\/\/www.zeus-braun.sk\/index.php\/produkt\/farba-praskova-biela-130g\/","title":{"rendered":"Biela farba pr\u00e1\u0161kov\u00e1 130g"},"content":{"rendered":"<div>\n<div>\n<div>Biela farba rozpustn\u00e1 vo vode a tuku, vhodn\u00e1 na farbenie kr\u00e9mov, plniek, aj na farbenie \u010dokol\u00e1dy.<\/div>\n<div>Vyroben\u00e9 v EU<\/div>\n<div><\/div>\n<\/div>\n<\/div>\n<p><b><span style=\"font-family: Arial\">Odpor\u00fa\u010dan\u00e9 skladovacie podmienky<\/span><\/b><\/p>\n<p><span style=\"font-family: Arial\">Teplota: 4-30\u00b0C<\/span><\/p>\n<p><span style=\"font-family: Arial\">V\u00fdrobky by mali by\u0165 chr\u00e1nen\u00e9 pred pr\u00edsunom vzduchu a svetla a skladovan\u00e9 na mieste bez z\u00e1pachu. Chr\u00e1\u0148te pred vlhkos\u0165ou!<\/span><\/p>\n","protected":false},"excerpt":{"rendered":"<p>Forma: pr\u00e1\u0161kov\u00e1<\/p>\n<p><b>Balenie: 130 g<\/b><\/p>\n","protected":false},"featured_media":13751,"comment_status":"closed","ping_status":"closed","template":"","meta":[],"product_brand":[],"product_cat":[240,179,98,99,171,165],"product_tag":[95],"class_list":{"0":"post-13082","1":"product","2":"type-product","3":"status-publish","4":"has-post-thumbnail","6":"product_cat-240","7":"product_cat-vianocny_vyber","8":"product_cat-farby","9":"product_cat-farby-na-cokoladu","10":"product_cat-praskove-farby-farby-na-cokoladu","11":"product_cat-prirodne","12":"product_tag-ibc-belgium","13":"has-post-title","14":"has-post-date","15":"has-post-category","16":"has-post-tag","17":"has-post-comment","18":"has-post-author","19":"","21":"first","22":"instock","23":"taxable","24":"shipping-taxable","25":"purchasable","26":"product-type-simple"},"jetpack_sharing_enabled":true,"builder_content":"","_links":{"self":[{"href":"https:\/\/www.zeus-braun.sk\/index.php\/wp-json\/wp\/v2\/product\/13082","targetHints":{"allow":["GET"]}}],"collection":[{"href":"https:\/\/www.zeus-braun.sk\/index.php\/wp-json\/wp\/v2\/product"}],"about":[{"href":"https:\/\/www.zeus-braun.sk\/index.php\/wp-json\/wp\/v2\/types\/product"}],"replies":[{"embeddable":true,"href":"https:\/\/www.zeus-braun.sk\/index.php\/wp-json\/wp\/v2\/comments?post=13082"}],"wp:featuredmedia":[{"embeddable":true,"href":"https:\/\/www.zeus-braun.sk\/index.php\/wp-json\/wp\/v2\/media\/13751"}],"wp:attachment":[{"href":"https:\/\/www.zeus-braun.sk\/index.php\/wp-json\/wp\/v2\/media?parent=13082"}],"wp:term":[{"taxonomy":"product_brand","embeddable":true,"href":"https:\/\/www.zeus-braun.sk\/index.php\/wp-json\/wp\/v2\/product_brand?post=13082"},{"taxonomy":"product_cat","embeddable":true,"href":"https:\/\/www.zeus-braun.sk\/index.php\/wp-json\/wp\/v2\/product_cat?post=13082"},{"taxonomy":"product_tag","embeddable":true,"href":"https:\/\/www.zeus-braun.sk\/index.php\/wp-json\/wp\/v2\/product_tag?post=13082"}],"curies":[{"name":"wp","href":"https:\/\/api.w.org\/{rel}","templated":true}]}}