{"id":13052,"date":"2020-10-15T14:43:32","date_gmt":"2020-10-15T12:43:32","guid":{"rendered":"https:\/\/www.zeus-braun.sk\/index.php\/produkt\/topicka-12-kg-2\/"},"modified":"2026-04-30T14:03:49","modified_gmt":"2026-04-30T12:03:49","slug":"topicka-12-kg","status":"publish","type":"product","link":"https:\/\/www.zeus-braun.sk\/index.php\/produkt\/topicka-12-kg\/","title":{"rendered":"Such\u00e1 topi\u010dka 12 kg"},"content":{"rendered":"<div class=\"col-sm-8\">\n<div class=\"tab-content\">\n<div id=\"tab-description\" class=\"tab-pane active\">\n<p>Such\u00e1 topi\u010dka s objemom 12kg.<\/p>\n<p>Ve\u013ekos\u0165 620x390x180mm.<\/p>\n<p>Perfektn\u00e1 na pr\u00e1cu s \u010dokol\u00e1dou.<b><\/b><i><\/i><u><\/u><\/p>\n<\/div>\n<\/div>\n<\/div>\n<div class=\"col-sm-4\">\n<div class=\"btn-group\"><\/div>\n<\/div>\n","protected":false},"excerpt":{"rendered":"<div class=\"col-sm-8\">\n<div class=\"tab-content\">\n<div id=\"tab-description\" class=\"tab-pane active\">\n<p>&nbsp;<\/p>\n<p><b>Balenie: 1 ks<\/b><\/p>\n<\/div>\n<\/div>\n<\/div>\n<div class=\"col-sm-4\">\n<div class=\"btn-group\"><\/div>\n<\/div>\n","protected":false},"featured_media":13472,"comment_status":"closed","ping_status":"closed","template":"","meta":[],"product_brand":[],"product_cat":[240,236,82,175],"product_tag":[],"class_list":{"0":"post-13052","1":"product","2":"type-product","3":"status-publish","4":"has-post-thumbnail","6":"product_cat-240","7":"product_cat-pomocky-na-cokoladu","8":"product_cat-pomocky","9":"product_cat-topicky_na_cokoladu","10":"has-post-title","11":"has-post-date","12":"has-post-category","13":"has-post-tag","14":"has-post-comment","15":"has-post-author","16":"","18":"first","19":"instock","20":"taxable","21":"shipping-taxable","22":"purchasable","23":"product-type-simple"},"jetpack_sharing_enabled":true,"builder_content":"","_links":{"self":[{"href":"https:\/\/www.zeus-braun.sk\/index.php\/wp-json\/wp\/v2\/product\/13052","targetHints":{"allow":["GET"]}}],"collection":[{"href":"https:\/\/www.zeus-braun.sk\/index.php\/wp-json\/wp\/v2\/product"}],"about":[{"href":"https:\/\/www.zeus-braun.sk\/index.php\/wp-json\/wp\/v2\/types\/product"}],"replies":[{"embeddable":true,"href":"https:\/\/www.zeus-braun.sk\/index.php\/wp-json\/wp\/v2\/comments?post=13052"}],"wp:featuredmedia":[{"embeddable":true,"href":"https:\/\/www.zeus-braun.sk\/index.php\/wp-json\/wp\/v2\/media\/13472"}],"wp:attachment":[{"href":"https:\/\/www.zeus-braun.sk\/index.php\/wp-json\/wp\/v2\/media?parent=13052"}],"wp:term":[{"taxonomy":"product_brand","embeddable":true,"href":"https:\/\/www.zeus-braun.sk\/index.php\/wp-json\/wp\/v2\/product_brand?post=13052"},{"taxonomy":"product_cat","embeddable":true,"href":"https:\/\/www.zeus-braun.sk\/index.php\/wp-json\/wp\/v2\/product_cat?post=13052"},{"taxonomy":"product_tag","embeddable":true,"href":"https:\/\/www.zeus-braun.sk\/index.php\/wp-json\/wp\/v2\/product_tag?post=13052"}],"curies":[{"name":"wp","href":"https:\/\/api.w.org\/{rel}","templated":true}]}}