{"id":12813,"date":"2024-01-08T12:21:15","date_gmt":"2024-01-08T11:21:15","guid":{"rendered":"https:\/\/www.zeus-braun.sk\/index.php\/produkt\/american-cookie-zmes-na-pecenie-15kg\/"},"modified":"2026-04-24T14:12:52","modified_gmt":"2026-04-24T12:12:52","slug":"american-cookie-zmes-na-pecenie-15kg","status":"publish","type":"product","link":"https:\/\/www.zeus-braun.sk\/index.php\/produkt\/american-cookie-zmes-na-pecenie-15kg\/","title":{"rendered":"American cookie &#8211; zmes na pe\u010denie 15kg"},"content":{"rendered":"<p>Jemn\u00e1 pr\u00e1\u0161kov\u00e1 zmes na v\u00fdrobu cookies americk\u00e9ho typu. Zmes m\u00f4\u017eete obohati\u0165 zapekacou \u010dokol\u00e1dou, k\u00faskami orechov alebo kandizovan\u00fdm \u010di su\u0161en\u00fdm ovoc\u00edm:<\/p>\n<p><a href=\"https:\/\/www.cokolady.sk\/produkt\/karamelizovane-oriesky-bres\/\">Karamelizovan\u00e9 lieskovce &#8211; BRES<\/a><\/p>\n<p><a href=\"https:\/\/www.cokolady.sk\/kategoria-produktu\/cokolada-callebaut\/na-pecenie\/\">Zapekacia \u010dokol\u00e1da<\/a><\/p>\n<p><b>Balenie produktu: 15kg<\/b><\/p>\n<p><strong>Z\u00e1kladn\u00fd recept na cca 30ks:<\/strong><\/p>\n<p>1000 g American Cookie<\/p>\n<p>350 g\u00a0 zm\u00e4knut\u00e9 maslo<\/p>\n<p>60g\u00a0 voda<\/p>\n<p>V\u0161etky pr\u00edsady spolu vymie\u0161a\u0165 pribli\u017ene 2+2 min\u00faty. Rozde\u013ete hmotu na k\u00f4pky cca 50g\/ks. Teplota pe\u010denia 190\u00b0C po dobu cca 10 min\u00fat.<\/p>\n<p>&nbsp;<\/p>\n<p><strong>Podmienky skladovania:<\/strong><\/p>\n<p>skladova\u0165 do max. 20 \u00b0 C v suchom, uzavretom priestore, v p\u00f4vodnom obale, chr\u00e1\u0148te pred mrazom a priamym slne\u010dn\u00fdm svetlom.<\/p>\n","protected":false},"excerpt":{"rendered":"<p>Jemn\u00e1 pr\u00e1\u0161kov\u00e1 zmes na v\u00fdrobu cookies americk\u00e9ho typu. Zmes m\u00f4\u017eete obohati\u0165 zapekacou \u010dokol\u00e1dou, k\u00faskami orechov alebo kandizovan\u00fdm \u010di su\u0161en\u00fdm ovoc\u00edm.<\/p>\n<p><b>Balenie: 15kg\u00a0<\/b><\/p>\n","protected":false},"featured_media":12811,"comment_status":"closed","ping_status":"closed","template":"","meta":[],"product_brand":[],"product_cat":[240,31],"product_tag":[33],"class_list":{"0":"post-12813","1":"product","2":"type-product","3":"status-publish","4":"has-post-thumbnail","6":"product_cat-240","7":"product_cat-zmesi-na-pecenie","8":"product_tag-martin-braun-kg","9":"has-post-title","10":"has-post-date","11":"has-post-category","12":"has-post-tag","13":"has-post-comment","14":"has-post-author","15":"","17":"first","18":"instock","19":"taxable","20":"shipping-taxable","21":"purchasable","22":"product-type-simple"},"jetpack_sharing_enabled":true,"builder_content":"","_links":{"self":[{"href":"https:\/\/www.zeus-braun.sk\/index.php\/wp-json\/wp\/v2\/product\/12813","targetHints":{"allow":["GET"]}}],"collection":[{"href":"https:\/\/www.zeus-braun.sk\/index.php\/wp-json\/wp\/v2\/product"}],"about":[{"href":"https:\/\/www.zeus-braun.sk\/index.php\/wp-json\/wp\/v2\/types\/product"}],"replies":[{"embeddable":true,"href":"https:\/\/www.zeus-braun.sk\/index.php\/wp-json\/wp\/v2\/comments?post=12813"}],"wp:featuredmedia":[{"embeddable":true,"href":"https:\/\/www.zeus-braun.sk\/index.php\/wp-json\/wp\/v2\/media\/12811"}],"wp:attachment":[{"href":"https:\/\/www.zeus-braun.sk\/index.php\/wp-json\/wp\/v2\/media?parent=12813"}],"wp:term":[{"taxonomy":"product_brand","embeddable":true,"href":"https:\/\/www.zeus-braun.sk\/index.php\/wp-json\/wp\/v2\/product_brand?post=12813"},{"taxonomy":"product_cat","embeddable":true,"href":"https:\/\/www.zeus-braun.sk\/index.php\/wp-json\/wp\/v2\/product_cat?post=12813"},{"taxonomy":"product_tag","embeddable":true,"href":"https:\/\/www.zeus-braun.sk\/index.php\/wp-json\/wp\/v2\/product_tag?post=12813"}],"curies":[{"name":"wp","href":"https:\/\/api.w.org\/{rel}","templated":true}]}}