{"id":1262,"date":"2022-03-15T19:47:04","date_gmt":"2022-03-15T18:47:04","guid":{"rendered":"https:\/\/www.zeus-braun.sk\/?post_type=product&#038;p=1262"},"modified":"2026-02-10T10:01:31","modified_gmt":"2026-02-10T09:01:31","slug":"neutral-10kg","status":"publish","type":"product","link":"https:\/\/www.zeus-braun.sk\/index.php\/produkt\/neutral-10kg\/","title":{"rendered":"Neutr\u00e1l 10kg"},"content":{"rendered":"<p style=\"font-weight: 400;\">Z\u00e1kladn\u00fd recept:<\/p>\n<p style=\"font-weight: 400;\">200 g\u00a0\u00a0\u00a0\u00a0\u00a0Alaska-express<\/p>\n<p style=\"font-weight: 400;\">\u00a0250 g\u00a0\u00a0\u00a0\u00a0\u00a0voda<\/p>\n<p style=\"font-weight: 400;\">\u00a01000 g vy\u0161\u013eahanej \u0161\u013eaha\u010dky<\/p>\n<p style=\"font-weight: 400;\">\u00a0Alasku express zmie\u0161a\u0165 s\u00a0vodou, potom opatrne vmie\u0161a\u0165 \u0161\u013eaha\u010dku.<\/p>\n<p style=\"font-weight: 400;\"><b><strong>Podmienky skladovania:<\/strong><\/b><\/p>\n<p style=\"font-weight: 400;\">skladova\u0165 do max. 20 \u00b0 C v suchom, uzavretom priestore, v p\u00f4vodnom obale, chr\u00e1\u0148te pred mrazom a priamym slne\u010dn\u00fdm svetlom.<\/p>\n","protected":false},"excerpt":{"rendered":"<p>Pr\u00edpravok je ur\u010den\u00fd na v\u00fdrobu \u013eahk\u00fdch \u0161\u013eaha\u010dkov\u00fdch kr\u00e9mov. Je vyroben\u00fd na b\u00e1ze pr\u00edrodn\u00fdch ar\u00f3m s k\u00faskami su\u0161en\u00e9ho ovocia.<\/p>\n<div>Kr\u00e9m je \u013eahk\u00fd, lahodn\u00fd, pevn\u00fd v reze, vhodn\u00fd aj na zmrazenie.\u00a0Je ide\u00e1lny na v\u00fdrobu t\u00f4rt, z\u00e1kuskov a minidezertov.<\/div>\n<div><\/div>\n<div><b>Balenie 10kg<\/b><\/div>\n","protected":false},"featured_media":146,"comment_status":"closed","ping_status":"closed","template":"","meta":[],"product_brand":[],"product_cat":[239,183,44],"product_tag":[33],"class_list":{"0":"post-1262","1":"product","2":"type-product","3":"status-publish","4":"has-post-thumbnail","6":"product_cat-239","7":"product_cat-pre-cukrarov","8":"product_cat-alaska-express","9":"product_tag-martin-braun-kg","10":"has-post-title","11":"has-post-date","12":"has-post-category","13":"has-post-tag","14":"has-post-comment","15":"has-post-author","16":"","18":"first","19":"instock","20":"taxable","21":"shipping-taxable","22":"purchasable","23":"product-type-simple"},"jetpack_sharing_enabled":true,"builder_content":"","_links":{"self":[{"href":"https:\/\/www.zeus-braun.sk\/index.php\/wp-json\/wp\/v2\/product\/1262","targetHints":{"allow":["GET"]}}],"collection":[{"href":"https:\/\/www.zeus-braun.sk\/index.php\/wp-json\/wp\/v2\/product"}],"about":[{"href":"https:\/\/www.zeus-braun.sk\/index.php\/wp-json\/wp\/v2\/types\/product"}],"replies":[{"embeddable":true,"href":"https:\/\/www.zeus-braun.sk\/index.php\/wp-json\/wp\/v2\/comments?post=1262"}],"wp:featuredmedia":[{"embeddable":true,"href":"https:\/\/www.zeus-braun.sk\/index.php\/wp-json\/wp\/v2\/media\/146"}],"wp:attachment":[{"href":"https:\/\/www.zeus-braun.sk\/index.php\/wp-json\/wp\/v2\/media?parent=1262"}],"wp:term":[{"taxonomy":"product_brand","embeddable":true,"href":"https:\/\/www.zeus-braun.sk\/index.php\/wp-json\/wp\/v2\/product_brand?post=1262"},{"taxonomy":"product_cat","embeddable":true,"href":"https:\/\/www.zeus-braun.sk\/index.php\/wp-json\/wp\/v2\/product_cat?post=1262"},{"taxonomy":"product_tag","embeddable":true,"href":"https:\/\/www.zeus-braun.sk\/index.php\/wp-json\/wp\/v2\/product_tag?post=1262"}],"curies":[{"name":"wp","href":"https:\/\/api.w.org\/{rel}","templated":true}]}}