{"id":1261,"date":"2022-03-15T19:47:03","date_gmt":"2022-03-15T18:47:03","guid":{"rendered":"https:\/\/www.zeus-braun.sk\/?post_type=product&#038;p=1261"},"modified":"2025-03-03T10:21:21","modified_gmt":"2025-03-03T09:21:21","slug":"zmes-na-odpalovane-cesto-20kg","status":"publish","type":"product","link":"https:\/\/www.zeus-braun.sk\/index.php\/produkt\/zmes-na-odpalovane-cesto-20kg\/","title":{"rendered":"Zmes na odpa\u013eovan\u00e9 cesto 10kg"},"content":{"rendered":"<p>Jemn\u00e1 pr\u00e1\u0161kov\u00e1 zmes na v\u00fdrobu kr\u00e9mov\u00fdch obl\u00e1tok a z\u00e1kuskov.<\/p>\n<p>Vajcia s\u00fa s\u00fa\u010das\u0165ou v\u00fdrobku.<\/p>\n<p>Balenie: 10kg<\/p>\n<p>Z\u00e1kladn\u00fd recept:<\/p>\n<p>1000 g zmes na odpalovan\u00e9 cesto<\/p>\n<p>1500 g voda na 50\u00b0C<\/p>\n<p>V\u0161etko spolu mie\u0161ame 2 min\u00faty do hladka. Optim\u00e1lna teplota hmoty je 35-45\u00b0C. Rozotrie\u0165 na pl\u00e1ty na plech. Pe\u010dte pri 225\u00b0C cca 20 min\u00fat.<\/p>\n<p>Podmienky skladovania:<\/p>\n<p>skladova\u0165 do max. 20 \u00b0 C v suchom, uzavretom priestore, v p\u00f4vodnom obale, chr\u00e1\u0148te pred mrazom a priamym slne\u010dn\u00fdm svetlom.<\/p>\n","protected":false},"excerpt":{"rendered":"<p>Jemn\u00e1 pr\u00e1\u0161kov\u00e1 zmes na v\u00fdrobu kr\u00e9mov\u00fdch obl\u00e1tok a z\u00e1kuskov.<\/p>\n<p><strong>Balenie: 10kg<\/strong><\/p>\n","protected":false},"featured_media":48,"comment_status":"closed","ping_status":"closed","template":"","meta":[],"product_brand":[],"product_cat":[239,183,31],"product_tag":[33],"class_list":{"0":"post-1261","1":"product","2":"type-product","3":"status-publish","4":"has-post-thumbnail","6":"product_cat-239","7":"product_cat-pre-cukrarov","8":"product_cat-zmesi-na-pecenie","9":"product_tag-martin-braun-kg","10":"has-post-title","11":"has-post-date","12":"has-post-category","13":"has-post-tag","14":"has-post-comment","15":"has-post-author","16":"","18":"first","19":"outofstock","20":"taxable","21":"shipping-taxable","22":"purchasable","23":"product-type-simple"},"jetpack_sharing_enabled":true,"builder_content":"","_links":{"self":[{"href":"https:\/\/www.zeus-braun.sk\/index.php\/wp-json\/wp\/v2\/product\/1261","targetHints":{"allow":["GET"]}}],"collection":[{"href":"https:\/\/www.zeus-braun.sk\/index.php\/wp-json\/wp\/v2\/product"}],"about":[{"href":"https:\/\/www.zeus-braun.sk\/index.php\/wp-json\/wp\/v2\/types\/product"}],"replies":[{"embeddable":true,"href":"https:\/\/www.zeus-braun.sk\/index.php\/wp-json\/wp\/v2\/comments?post=1261"}],"wp:featuredmedia":[{"embeddable":true,"href":"https:\/\/www.zeus-braun.sk\/index.php\/wp-json\/wp\/v2\/media\/48"}],"wp:attachment":[{"href":"https:\/\/www.zeus-braun.sk\/index.php\/wp-json\/wp\/v2\/media?parent=1261"}],"wp:term":[{"taxonomy":"product_brand","embeddable":true,"href":"https:\/\/www.zeus-braun.sk\/index.php\/wp-json\/wp\/v2\/product_brand?post=1261"},{"taxonomy":"product_cat","embeddable":true,"href":"https:\/\/www.zeus-braun.sk\/index.php\/wp-json\/wp\/v2\/product_cat?post=1261"},{"taxonomy":"product_tag","embeddable":true,"href":"https:\/\/www.zeus-braun.sk\/index.php\/wp-json\/wp\/v2\/product_tag?post=1261"}],"curies":[{"name":"wp","href":"https:\/\/api.w.org\/{rel}","templated":true}]}}