{"id":12479,"date":"2021-01-10T11:08:13","date_gmt":"2021-01-10T10:08:13","guid":{"rendered":"https:\/\/www.zeus-braun.sk\/index.php\/produkt\/horuca-cokolada-na-palicke-horka-545-2\/"},"modified":"2026-05-05T10:57:59","modified_gmt":"2026-05-05T08:57:59","slug":"horuca-cokolada-na-palicke-horka-545","status":"publish","type":"product","link":"https:\/\/www.zeus-braun.sk\/index.php\/produkt\/horuca-cokolada-na-palicke-horka-545\/","title":{"rendered":"\u010cokol\u00e1dy na pitie spoon hork\u00e1 40g 1ks"},"content":{"rendered":"<p><strong>Pr\u00edprava: <\/strong>\u010dokol\u00e1du na pali\u010dke vlo\u017e\u00edme do nahriatej \u0161\u00e1lky a n\u00e1sledne zalejeme hor\u00facim (80+\u00b0C) mliekom. Pomaly mie\u0161ame k\u00fdm sa \u010dokol\u00e1da nerozpust\u00ed.<\/p>\n<p><span style=\"font-family: Arial\"><b>D\u00e1vkovanie: <\/b>1ks na 50-60ml mlieka. Doba pr\u00edpravy 30 sek\u00fand.<\/span><\/p>\n<div><b>Podmienky skladovania<\/b><\/div>\n<div>Produkt skladujte v \u010distom a suchom prostred\u00ed (relat\u00edvna vlhkos\u0165 vzduchu max. 70%) a bez z\u00e1pachu.<\/div>\n<div>Skladovacia teplota: 12 &#8211; 20\u00b0C<\/div>\n<div><\/div>\n<div><strong>Hmotnos\u0165:<\/strong> 40g\/ks<\/div>\n","protected":false},"excerpt":{"rendered":"<p>100% belgick\u00e1 \u010dokol\u00e1da na pr\u00edpravu hor\u00facej \u010dokol\u00e1dy<\/p>\n<p>Ak nie je produkt na sklade, je na objedn\u00e1vku. Nev\u00e1hajte n\u00e1s kontaktova\u0165.<\/p>\n<p><b><span style=\"font-family: Arial\">Balenie: 1ks\/40g\u00a0<\/span><\/b><\/p>\n<p>&nbsp;<\/p>\n","protected":false},"featured_media":13000,"comment_status":"closed","ping_status":"closed","template":"","meta":[],"product_brand":[],"product_cat":[240,69],"product_tag":[127],"class_list":{"0":"post-12479","1":"product","2":"type-product","3":"status-publish","4":"has-post-thumbnail","6":"product_cat-240","7":"product_cat-horuca-cokolada","8":"product_tag-cokolady-sk","9":"has-post-title","10":"has-post-date","11":"has-post-category","12":"has-post-tag","13":"has-post-comment","14":"has-post-author","15":"","17":"first","18":"instock","19":"taxable","20":"shipping-taxable","21":"purchasable","22":"product-type-simple"},"jetpack_sharing_enabled":true,"builder_content":"","_links":{"self":[{"href":"https:\/\/www.zeus-braun.sk\/index.php\/wp-json\/wp\/v2\/product\/12479","targetHints":{"allow":["GET"]}}],"collection":[{"href":"https:\/\/www.zeus-braun.sk\/index.php\/wp-json\/wp\/v2\/product"}],"about":[{"href":"https:\/\/www.zeus-braun.sk\/index.php\/wp-json\/wp\/v2\/types\/product"}],"replies":[{"embeddable":true,"href":"https:\/\/www.zeus-braun.sk\/index.php\/wp-json\/wp\/v2\/comments?post=12479"}],"wp:featuredmedia":[{"embeddable":true,"href":"https:\/\/www.zeus-braun.sk\/index.php\/wp-json\/wp\/v2\/media\/13000"}],"wp:attachment":[{"href":"https:\/\/www.zeus-braun.sk\/index.php\/wp-json\/wp\/v2\/media?parent=12479"}],"wp:term":[{"taxonomy":"product_brand","embeddable":true,"href":"https:\/\/www.zeus-braun.sk\/index.php\/wp-json\/wp\/v2\/product_brand?post=12479"},{"taxonomy":"product_cat","embeddable":true,"href":"https:\/\/www.zeus-braun.sk\/index.php\/wp-json\/wp\/v2\/product_cat?post=12479"},{"taxonomy":"product_tag","embeddable":true,"href":"https:\/\/www.zeus-braun.sk\/index.php\/wp-json\/wp\/v2\/product_tag?post=12479"}],"curies":[{"name":"wp","href":"https:\/\/api.w.org\/{rel}","templated":true}]}}