{"id":1205,"date":"2021-08-30T11:27:14","date_gmt":"2021-08-30T09:27:14","guid":{"rendered":"https:\/\/www.zeus-braun.sk\/?post_type=product&#038;p=1205"},"modified":"2026-04-30T14:05:29","modified_gmt":"2026-04-30T12:05:29","slug":"fondant-7kg","status":"publish","type":"product","link":"https:\/\/www.zeus-braun.sk\/index.php\/produkt\/fondant-7kg\/","title":{"rendered":"Cukrov\u00fd fondant 7kg"},"content":{"rendered":"<p><span style=\"font-family: Arial\">Biela homog\u00e9nna pevn\u00e1 pasta pozost\u00e1vaj\u00faca z jemne kry\u0161talizovanej sachar\u00f3zy a gluk\u00f3zov\u00e9ho sirupu<\/span><\/p>\n<p><span style=\"font-family: Arial\">Krajina p\u00f4vodu: EU<br \/>\n<\/span><\/p>\n<p><b><span style=\"font-family: Arial\">Podmienky skladovania:<\/span><\/b><\/p>\n<p><span style=\"font-family: Arial\">Sladujte pri teplote 15- 25 \u00b0C pri maxim\u00e1lnej vlhkosti do 65 %.\u00a0 Uchov\u00e1vajte\u00a0 v suchu v p\u00f4vodnom obale v \u010distom prostred\u00ed.<\/span><\/p>\n","protected":false},"excerpt":{"rendered":"<p>(foto produktu je len ilustra\u010dn\u00e9)<\/p>\n<p><b>Balenie: 7kg<\/b><\/p>\n","protected":false},"featured_media":11162,"comment_status":"closed","ping_status":"closed","template":"","meta":[],"product_brand":[],"product_cat":[239,105,48],"product_tag":[],"class_list":{"0":"post-1205","1":"product","2":"type-product","3":"status-publish","4":"has-post-thumbnail","6":"product_cat-239","7":"product_cat-cukry-a-sladidla","8":"product_cat-polevy","9":"has-post-title","10":"has-post-date","11":"has-post-category","12":"has-post-tag","13":"has-post-comment","14":"has-post-author","15":"","17":"first","18":"outofstock","19":"taxable","20":"shipping-taxable","21":"purchasable","22":"product-type-simple"},"jetpack_sharing_enabled":true,"builder_content":"","_links":{"self":[{"href":"https:\/\/www.zeus-braun.sk\/index.php\/wp-json\/wp\/v2\/product\/1205","targetHints":{"allow":["GET"]}}],"collection":[{"href":"https:\/\/www.zeus-braun.sk\/index.php\/wp-json\/wp\/v2\/product"}],"about":[{"href":"https:\/\/www.zeus-braun.sk\/index.php\/wp-json\/wp\/v2\/types\/product"}],"replies":[{"embeddable":true,"href":"https:\/\/www.zeus-braun.sk\/index.php\/wp-json\/wp\/v2\/comments?post=1205"}],"wp:featuredmedia":[{"embeddable":true,"href":"https:\/\/www.zeus-braun.sk\/index.php\/wp-json\/wp\/v2\/media\/11162"}],"wp:attachment":[{"href":"https:\/\/www.zeus-braun.sk\/index.php\/wp-json\/wp\/v2\/media?parent=1205"}],"wp:term":[{"taxonomy":"product_brand","embeddable":true,"href":"https:\/\/www.zeus-braun.sk\/index.php\/wp-json\/wp\/v2\/product_brand?post=1205"},{"taxonomy":"product_cat","embeddable":true,"href":"https:\/\/www.zeus-braun.sk\/index.php\/wp-json\/wp\/v2\/product_cat?post=1205"},{"taxonomy":"product_tag","embeddable":true,"href":"https:\/\/www.zeus-braun.sk\/index.php\/wp-json\/wp\/v2\/product_tag?post=1205"}],"curies":[{"name":"wp","href":"https:\/\/api.w.org\/{rel}","templated":true}]}}