{"id":12009,"date":"2023-06-19T13:53:37","date_gmt":"2023-06-19T11:53:37","guid":{"rendered":"https:\/\/www.zeus-braun.sk\/index.php\/produkt\/spicka-plniaca-bim232\/"},"modified":"2026-04-24T14:12:47","modified_gmt":"2026-04-24T12:12:47","slug":"spicka-plniaca-bim232","status":"publish","type":"product","link":"https:\/\/www.zeus-braun.sk\/index.php\/produkt\/spicka-plniaca-bim232\/","title":{"rendered":"\u0160pi\u010dka nerezov\u00e1 plniaca, dlh\u00e1 95mm BIM 232"},"content":{"rendered":"<div class=\"col-sm-8\">\n<div class=\"tab-content\">\n<div id=\"tab-description\" class=\"tab-pane active\">\n<p><strong>Pevn\u00e1 antikorov\u00e1 \u0161pi\u010dka na plnenie a zdobenie dezetov a t\u00f4rt.<\/strong><\/p>\n<\/div>\n<\/div>\n<\/div>\n","protected":false},"excerpt":{"rendered":"<p><b>Priemer: 8mm<\/b><br \/>\n<strong>D\u013a\u017eka: 95mm<\/strong><\/p>\n<p>Mno\u017estvo: 1ks<\/p>\n","protected":false},"featured_media":12010,"comment_status":"closed","ping_status":"closed","template":"","meta":[],"product_brand":[],"product_cat":[240,82,83],"product_tag":[86],"class_list":{"0":"post-12009","1":"product","2":"type-product","3":"status-publish","4":"has-post-thumbnail","6":"product_cat-240","7":"product_cat-pomocky","8":"product_cat-vrecka-a-spicky","9":"product_tag-martellato","10":"has-post-title","11":"has-post-date","12":"has-post-category","13":"has-post-tag","14":"has-post-comment","15":"has-post-author","16":"","18":"first","19":"outofstock","20":"taxable","21":"shipping-taxable","22":"purchasable","23":"product-type-simple"},"jetpack_sharing_enabled":true,"builder_content":"","_links":{"self":[{"href":"https:\/\/www.zeus-braun.sk\/index.php\/wp-json\/wp\/v2\/product\/12009","targetHints":{"allow":["GET"]}}],"collection":[{"href":"https:\/\/www.zeus-braun.sk\/index.php\/wp-json\/wp\/v2\/product"}],"about":[{"href":"https:\/\/www.zeus-braun.sk\/index.php\/wp-json\/wp\/v2\/types\/product"}],"replies":[{"embeddable":true,"href":"https:\/\/www.zeus-braun.sk\/index.php\/wp-json\/wp\/v2\/comments?post=12009"}],"wp:featuredmedia":[{"embeddable":true,"href":"https:\/\/www.zeus-braun.sk\/index.php\/wp-json\/wp\/v2\/media\/12010"}],"wp:attachment":[{"href":"https:\/\/www.zeus-braun.sk\/index.php\/wp-json\/wp\/v2\/media?parent=12009"}],"wp:term":[{"taxonomy":"product_brand","embeddable":true,"href":"https:\/\/www.zeus-braun.sk\/index.php\/wp-json\/wp\/v2\/product_brand?post=12009"},{"taxonomy":"product_cat","embeddable":true,"href":"https:\/\/www.zeus-braun.sk\/index.php\/wp-json\/wp\/v2\/product_cat?post=12009"},{"taxonomy":"product_tag","embeddable":true,"href":"https:\/\/www.zeus-braun.sk\/index.php\/wp-json\/wp\/v2\/product_tag?post=12009"}],"curies":[{"name":"wp","href":"https:\/\/api.w.org\/{rel}","templated":true}]}}