{"id":11960,"date":"2023-06-27T15:01:17","date_gmt":"2023-06-27T13:01:17","guid":{"rendered":"https:\/\/www.zeus-braun.sk\/?post_type=product&#038;p=11960"},"modified":"2026-04-29T12:54:10","modified_gmt":"2026-04-29T10:54:10","slug":"f035275-lolly-animals-10ks","status":"publish","type":"product","link":"https:\/\/www.zeus-braun.sk\/index.php\/produkt\/f035275-lolly-animals-10ks\/","title":{"rendered":"F\u00f3lie na l\u00edzatk\u00e1 Lolly Animals 10ks F035275"},"content":{"rendered":"<div class=\"pd-intro__description-container\">\n<div class=\"pd-intro__description\">\n<div class=\"product-field__container product-field-description__container\">\n<div class=\"product-field__value product-field-description__value\">Transfer na v\u00fdrobu \u010dokol\u00e1dov\u00fdch l\u00edzaniek s r\u00f4znou farebnou potla\u010dou zvierat na b\u00e1ze farebn\u00e9ho cukru.<\/div>\n<div><\/div>\n<\/div>\n<\/div>\n<\/div>\n<p>Priemer l\u00edzatka je 5,9 cm<\/p>\n<p>F\u00f3lia je ur\u010den\u00e1 do magnetickej formy:<\/p>\n<blockquote class=\"wp-embedded-content\" data-secret=\"dxFq2wsWhz\"><p><a href=\"https:\/\/www.cokolady.sk\/produkt\/magneticka-forma-lizatko\/\">Magnetick\u00e1 forma l\u00edzatko<\/a><\/p><\/blockquote>\n<p><iframe loading=\"lazy\" class=\"wp-embedded-content\" sandbox=\"allow-scripts\" security=\"restricted\" style=\"position: absolute; clip: rect(1px, 1px, 1px, 1px);\" title=\"&#8220;Magnetick\u00e1 forma l\u00edzatko&#8221; &#8212; \u010cokolady.sk\" src=\"https:\/\/www.cokolady.sk\/produkt\/magneticka-forma-lizatko\/embed\/#?secret=Um2CcOxRV6#?secret=dxFq2wsWhz\" data-secret=\"dxFq2wsWhz\" width=\"600\" height=\"338\" frameborder=\"0\" marginwidth=\"0\" marginheight=\"0\" scrolling=\"no\"><\/iframe><\/p>\n<p>&nbsp;<\/p>\n<p>&nbsp;<\/p>\n","protected":false},"excerpt":{"rendered":"<p>Potla\u010dov\u00e1 f\u00f3lia na \u010dokol\u00e1du.<\/p>\n<p>5 ks na jednej f\u00f3lii<\/p>\n<p><strong>Balenie<\/strong>: 10ks f\u00f3li\u00ed<\/p>\n","protected":false},"featured_media":12058,"comment_status":"open","ping_status":"closed","template":"","meta":[],"product_brand":[],"product_cat":[240,156,106,109],"product_tag":[95],"class_list":{"0":"post-11960","1":"product","2":"type-product","3":"status-publish","4":"has-post-thumbnail","6":"product_cat-240","7":"product_cat-akcia_velka_noc","8":"product_cat-folie","9":"product_cat-folie-na-lizatka","10":"product_tag-ibc-belgium","11":"has-post-title","12":"has-post-date","13":"has-post-category","14":"has-post-tag","15":"has-post-comment","16":"has-post-author","17":"","19":"first","20":"instock","21":"sale","22":"taxable","23":"shipping-taxable","24":"purchasable","25":"product-type-simple"},"jetpack_sharing_enabled":true,"builder_content":"","_links":{"self":[{"href":"https:\/\/www.zeus-braun.sk\/index.php\/wp-json\/wp\/v2\/product\/11960","targetHints":{"allow":["GET"]}}],"collection":[{"href":"https:\/\/www.zeus-braun.sk\/index.php\/wp-json\/wp\/v2\/product"}],"about":[{"href":"https:\/\/www.zeus-braun.sk\/index.php\/wp-json\/wp\/v2\/types\/product"}],"replies":[{"embeddable":true,"href":"https:\/\/www.zeus-braun.sk\/index.php\/wp-json\/wp\/v2\/comments?post=11960"}],"wp:featuredmedia":[{"embeddable":true,"href":"https:\/\/www.zeus-braun.sk\/index.php\/wp-json\/wp\/v2\/media\/12058"}],"wp:attachment":[{"href":"https:\/\/www.zeus-braun.sk\/index.php\/wp-json\/wp\/v2\/media?parent=11960"}],"wp:term":[{"taxonomy":"product_brand","embeddable":true,"href":"https:\/\/www.zeus-braun.sk\/index.php\/wp-json\/wp\/v2\/product_brand?post=11960"},{"taxonomy":"product_cat","embeddable":true,"href":"https:\/\/www.zeus-braun.sk\/index.php\/wp-json\/wp\/v2\/product_cat?post=11960"},{"taxonomy":"product_tag","embeddable":true,"href":"https:\/\/www.zeus-braun.sk\/index.php\/wp-json\/wp\/v2\/product_tag?post=11960"}],"curies":[{"name":"wp","href":"https:\/\/api.w.org\/{rel}","templated":true}]}}